{"id":9328,"date":"2025-07-28T15:21:26","date_gmt":"2025-07-28T15:21:26","guid":{"rendered":"https:\/\/bird.staging.gratisites.com\/?page_id=9328"},"modified":"2025-07-28T15:21:27","modified_gmt":"2025-07-28T15:21:27","slug":"alerte-a-la-fraude","status":"publish","type":"page","link":"https:\/\/bird.staging.gratisites.com\/fr\/alerte-a-la-fraude\/","title":{"rendered":"Avertissement sur la fraude"},"content":{"rendered":"<div style=\"height:100px\" aria-hidden=\"true\" class=\"wp-block-spacer is-style-entry-space\"><\/div>\n\n\n<div class=\"breadcrumb-block wp-block-create-block-breadcrumb-block\">\n\t\t\t\t\t<nav class=\"breadcrumb\" aria-label=\"Fil d&#039;Ariane\">\n\t\t\t<ol class=\"breadcrumb-list\">\n\t\t\t\t\t\t\t\t\t<li class=\"breadcrumb-item\"><a href=\"https:\/\/bird.staging.gratisites.com\/fr\/\">Accueil<\/a><\/li>\t\t\t\t\t\t\t<\/ol>\n\t\t<\/nav>\n\t<\/div>\n\n\n<div style=\"height:30px\" aria-hidden=\"true\" class=\"wp-block-spacer\"><\/div>\n\n\n\n<h1 class=\"wp-block-heading\" id=\"h-fraud-warning\">Avertissement sur la fraude<\/h1>\n\n\n\n<div style=\"height:100px\" aria-hidden=\"true\" class=\"wp-block-spacer is-style-entry-space\"><\/div>\n\n\n\n<div class=\"wp-block-group is-layout-constrained wp-container-core-group-is-layout-c5bbea69 wp-block-group-is-layout-constrained\">\n<div class=\"wp-block-group is-layout-constrained wp-block-group-is-layout-constrained\">\n<h2 class=\"wp-block-heading\" id=\"h-vendor-fraud\">Fraude au fournisseur<\/h2>\n\n\n\n<p>Bird a connaissance d'activit\u00e9s frauduleuses impliquant l'usurpation de l'identit\u00e9 du personnel de Bird et l'utilisation non autoris\u00e9e du nom de Bird dans des communications li\u00e9es aux fournisseurs. Ces man\u0153uvres frauduleuses visent \u00e0 la fois les fournisseurs actuels et potentiels, souvent par le biais de la distribution de faux contrats, de demandes d'informations financi\u00e8res sensibles ou de demandes de cr\u00e9dit ill\u00e9gitimes.<\/p>\n\n\n\n<p>Ces pratiques peuvent sembler l\u00e9gitimes et inclure des documents falsifi\u00e9s, de fausses coordonn\u00e9es ou des r\u00e9f\u00e9rences \u00e0 de v\u00e9ritables projets d'oiseaux. L'objectif de ces escroqueries est g\u00e9n\u00e9ralement d'obtenir des informations confidentielles ou des paiements non autoris\u00e9s.<\/p>\n\n\n\n<p>Bird ne demandera jamais d'informations de paiement, de r\u00e9f\u00e9rences bancaires ou de d\u00e9tails de demande de cr\u00e9dit sans avoir au pr\u00e9alable \u00e9tabli une relation d'affaires v\u00e9rifi\u00e9e par le biais de nos processus formels d'approvisionnement et d'int\u00e9gration des fournisseurs. Toutes les communications l\u00e9gitimes de Bird proviendront des domaines officiels de Bird, tels que bird.ca et stuartolson.com, et impliqueront un engagement direct avec nos \u00e9quipes d'approvisionnement ou de finance.<\/p>\n<\/div>\n\n\n\n<div class=\"wp-block-group is-layout-constrained wp-block-group-is-layout-constrained\">\n<h2 class=\"wp-block-heading\" id=\"h-recruitment-fraud\">Fraude au recrutement<\/h2>\n\n\n\n<p>Bird est conscient que des offres d'emploi frauduleuses ont \u00e9t\u00e9 faites \u00e0 des personnes r\u00e9sidant au Canada et \u00e0 l'\u00e9tranger. Les personnes ou les organisations qui envoient ces fausses offres d'emploi peuvent demander des informations personnelles ou des fonds pour poursuivre le processus de recrutement avec Bird.<\/p>\n\n\n\n<p>Bird ne demandera jamais d'argent aux demandeurs d'emploi, ni d'informations personnelles autres que celles n\u00e9cessaires \u00e0 la r\u00e9daction d'un curriculum vitae. Toutes les personnes qui parviennent \u00e0 obtenir une offre d'emploi de Bird doivent toujours passer par un processus de recrutement formel comprenant un entretien avec un membre de l'\u00e9quipe de recrutement de Bird.<\/p>\n<\/div>\n\n\n\n<div class=\"wp-block-buttons is-layout-flex wp-block-buttons-is-layout-flex\">\n<div class=\"wp-block-button is-style-bird-solid\"><a class=\"wp-block-button__link wp-element-button\" href=\"https:\/\/careers.bird.ca\/ca\/en\/hiringprocess\" style=\"text-transform:none\">En savoir plus sur notre processus de recrutement<\/a><\/div>\n<\/div>\n<\/div>\n\n\n\n<div style=\"height:100px\" aria-hidden=\"true\" class=\"wp-block-spacer is-style-entry-space\"><\/div>","protected":false},"excerpt":{"rendered":"<p>Fraud Warning Vendor Fraud Bird a connaissance d'activit\u00e9s frauduleuses impliquant l'usurpation de l'identit\u00e9 de membres du personnel de Bird et l'utilisation non autoris\u00e9e du nom de Bird dans des communications li\u00e9es aux fournisseurs. Ces man\u0153uvres frauduleuses visent \u00e0 la fois les fournisseurs actuels et potentiels, souvent par le biais de la distribution de faux contrats, de demandes d'informations financi\u00e8res sensibles ou de demandes de cr\u00e9dit ill\u00e9gitimes. Ces pratiques peuvent [...]<\/p>","protected":false},"author":2,"featured_media":0,"parent":0,"menu_order":0,"comment_status":"closed","ping_status":"closed","template":"","meta":{"_acf_changed":false,"footnotes":""},"class_list":["post-9328","page","type-page","status-publish","hentry"],"acf":[],"yoast_head":"<!-- This site is optimized with the Yoast SEO Premium plugin v24.6 (Yoast SEO v26.6) - https:\/\/yoast.com\/wordpress\/plugins\/seo\/ -->\n<title>Fraud Warning | Bird Construction<\/title>\n<meta name=\"description\" content=\"Fraud Warning Vendor Fraud Bird is aware of fraudulent activity involving the impersonation of Bird personnel and the unauthorized use of Bird\u2019s name in\" \/>\n<meta name=\"robots\" content=\"index, follow, max-snippet:-1, max-image-preview:large, max-video-preview:-1\" \/>\n<link rel=\"canonical\" href=\"https:\/\/bird.staging.gratisites.com\/fr\/alerte-a-la-fraude\/\" \/>\n<meta property=\"og:locale\" content=\"fr_CA\" \/>\n<meta property=\"og:type\" content=\"article\" \/>\n<meta property=\"og:title\" content=\"Fraud Warning | Bird Construction\" \/>\n<meta property=\"og:description\" content=\"Bird Construction has been providing construction services to a long list of new and repeat clients since 1920.\" \/>\n<meta property=\"og:url\" content=\"https:\/\/bird.staging.gratisites.com\/fr\/alerte-a-la-fraude\/\" \/>\n<meta property=\"og:site_name\" content=\"Bird Construction\" \/>\n<meta property=\"article:publisher\" content=\"https:\/\/www.facebook.com\/people\/Bird-Construction-Inc\/100064108594609\/\" \/>\n<meta property=\"article:modified_time\" content=\"2025-07-28T15:21:27+00:00\" \/>\n<meta property=\"og:image\" content=\"https:\/\/cdn.bird.ca\/2025\/01\/20212040\/bird-logo-RGB.jpg\" \/>\n\t<meta property=\"og:image:width\" content=\"1050\" \/>\n\t<meta property=\"og:image:height\" content=\"600\" \/>\n\t<meta property=\"og:image:type\" content=\"image\/jpeg\" \/>\n<meta name=\"twitter:card\" content=\"summary_large_image\" \/>\n<meta name=\"twitter:label1\" content=\"Estimation du temps de lecture\" \/>\n\t<meta name=\"twitter:data1\" content=\"2 minutes\" \/>\n<script type=\"application\/ld+json\" class=\"yoast-schema-graph\">{\"@context\":\"https:\/\/schema.org\",\"@graph\":[{\"@type\":\"WebPage\",\"@id\":\"https:\/\/bird.staging.gratisites.com\/fraud-warning\/\",\"url\":\"https:\/\/bird.staging.gratisites.com\/fraud-warning\/\",\"name\":\"Fraud Warning | Bird Construction\",\"isPartOf\":{\"@id\":\"https:\/\/bird.staging.gratisites.com\/#website\"},\"datePublished\":\"2025-07-28T15:21:26+00:00\",\"dateModified\":\"2025-07-28T15:21:27+00:00\",\"description\":\"Fraud Warning Vendor Fraud Bird is aware of fraudulent activity involving the impersonation of Bird personnel and the unauthorized use of Bird\u2019s name in\",\"breadcrumb\":{\"@id\":\"https:\/\/bird.staging.gratisites.com\/fraud-warning\/#breadcrumb\"},\"inLanguage\":\"fr-CA\",\"potentialAction\":[{\"@type\":\"ReadAction\",\"target\":[\"https:\/\/bird.staging.gratisites.com\/fraud-warning\/\"]}]},{\"@type\":\"BreadcrumbList\",\"@id\":\"https:\/\/bird.staging.gratisites.com\/fraud-warning\/#breadcrumb\",\"itemListElement\":[{\"@type\":\"ListItem\",\"position\":1,\"name\":\"Home\",\"item\":\"https:\/\/bird.staging.gratisites.com\/\"},{\"@type\":\"ListItem\",\"position\":2,\"name\":\"Fraud Warning\"}]},{\"@type\":\"WebSite\",\"@id\":\"https:\/\/bird.staging.gratisites.com\/#website\",\"url\":\"https:\/\/bird.staging.gratisites.com\/\",\"name\":\"Bird Construction\",\"description\":\"\",\"publisher\":{\"@id\":\"https:\/\/bird.staging.gratisites.com\/#organization\"},\"potentialAction\":[{\"@type\":\"SearchAction\",\"target\":{\"@type\":\"EntryPoint\",\"urlTemplate\":\"https:\/\/bird.staging.gratisites.com\/?s={search_term_string}\"},\"query-input\":{\"@type\":\"PropertyValueSpecification\",\"valueRequired\":true,\"valueName\":\"search_term_string\"}}],\"inLanguage\":\"fr-CA\"},{\"@type\":\"Organization\",\"@id\":\"https:\/\/bird.staging.gratisites.com\/#organization\",\"name\":\"Bird Construction\",\"url\":\"https:\/\/bird.staging.gratisites.com\/\",\"logo\":{\"@type\":\"ImageObject\",\"inLanguage\":\"fr-CA\",\"@id\":\"https:\/\/bird.staging.gratisites.com\/#\/schema\/logo\/image\/\",\"url\":\"https:\/\/cdn.bird.ca\/2025\/01\/20212041\/bird-logo-RGB-e1739411338652.png\",\"contentUrl\":\"https:\/\/cdn.bird.ca\/2025\/01\/20212041\/bird-logo-RGB-e1739411338652.png\",\"width\":865,\"height\":366,\"caption\":\"Bird Construction\"},\"image\":{\"@id\":\"https:\/\/bird.staging.gratisites.com\/#\/schema\/logo\/image\/\"},\"sameAs\":[\"https:\/\/www.facebook.com\/people\/Bird-Construction-Inc\/100064108594609\/\",\"https:\/\/www.instagram.com\/birdconstructioninc\/\",\"https:\/\/ca.linkedin.com\/company\/bird-construction-inc\"]}]}<\/script>\n<!-- \/ Yoast SEO Premium plugin. -->","yoast_head_json":{"title":"Avertissement de fraude - Bird Construction","description":"Bird a connaissance d'activit\u00e9s frauduleuses impliquant l'usurpation de l'identit\u00e9 de membres du personnel de Bird et l'utilisation non autoris\u00e9e du nom de Bird dans le cadre d'op\u00e9rations de marketing direct.","robots":{"index":"index","follow":"follow","max-snippet":"max-snippet:-1","max-image-preview":"max-image-preview:large","max-video-preview":"max-video-preview:-1"},"canonical":"https:\/\/bird.staging.gratisites.com\/fr\/alerte-a-la-fraude\/","og_locale":"fr_CA","og_type":"article","og_title":"Fraud Warning | Bird Construction","og_description":"Bird Construction has been providing construction services to a long list of new and repeat clients since 1920.","og_url":"https:\/\/bird.staging.gratisites.com\/fr\/alerte-a-la-fraude\/","og_site_name":"Bird Construction","article_publisher":"https:\/\/www.facebook.com\/people\/Bird-Construction-Inc\/100064108594609\/","article_modified_time":"2025-07-28T15:21:27+00:00","og_image":[{"width":1050,"height":600,"url":"https:\/\/cdn.bird.ca\/2025\/01\/20212040\/bird-logo-RGB.jpg","type":"image\/jpeg"}],"twitter_card":"summary_large_image","twitter_misc":{"Estimation du temps de lecture":"2 minutes"},"schema":{"@context":"https:\/\/schema.org","@graph":[{"@type":"WebPage","@id":"https:\/\/bird.staging.gratisites.com\/fraud-warning\/","url":"https:\/\/bird.staging.gratisites.com\/fraud-warning\/","name":"Avertissement de fraude - Bird Construction","isPartOf":{"@id":"https:\/\/bird.staging.gratisites.com\/#website"},"datePublished":"2025-07-28T15:21:26+00:00","dateModified":"2025-07-28T15:21:27+00:00","description":"Bird a connaissance d'activit\u00e9s frauduleuses impliquant l'usurpation de l'identit\u00e9 de membres du personnel de Bird et l'utilisation non autoris\u00e9e du nom de Bird dans le cadre d'op\u00e9rations de marketing direct.","breadcrumb":{"@id":"https:\/\/bird.staging.gratisites.com\/fraud-warning\/#breadcrumb"},"inLanguage":"fr-CA","potentialAction":[{"@type":"ReadAction","target":["https:\/\/bird.staging.gratisites.com\/fraud-warning\/"]}]},{"@type":"BreadcrumbList","@id":"https:\/\/bird.staging.gratisites.com\/fraud-warning\/#breadcrumb","itemListElement":[{"@type":"ListItem","position":1,"name":"Home","item":"https:\/\/bird.staging.gratisites.com\/"},{"@type":"ListItem","position":2,"name":"Fraud Warning"}]},{"@type":"WebSite","@id":"https:\/\/bird.staging.gratisites.com\/#website","url":"https:\/\/bird.staging.gratisites.com\/","name":"Bird Construction","description":"","publisher":{"@id":"https:\/\/bird.staging.gratisites.com\/#organization"},"potentialAction":[{"@type":"SearchAction","target":{"@type":"EntryPoint","urlTemplate":"https:\/\/bird.staging.gratisites.com\/?s={search_term_string}"},"query-input":{"@type":"PropertyValueSpecification","valueRequired":true,"valueName":"search_term_string"}}],"inLanguage":"fr-CA"},{"@type":"Organization","@id":"https:\/\/bird.staging.gratisites.com\/#organization","name":"Bird Construction","url":"https:\/\/bird.staging.gratisites.com\/","logo":{"@type":"ImageObject","inLanguage":"fr-CA","@id":"https:\/\/bird.staging.gratisites.com\/#\/schema\/logo\/image\/","url":"https:\/\/cdn.bird.ca\/2025\/01\/20212041\/bird-logo-RGB-e1739411338652.png","contentUrl":"https:\/\/cdn.bird.ca\/2025\/01\/20212041\/bird-logo-RGB-e1739411338652.png","width":865,"height":366,"caption":"Bird Construction"},"image":{"@id":"https:\/\/bird.staging.gratisites.com\/#\/schema\/logo\/image\/"},"sameAs":["https:\/\/www.facebook.com\/people\/Bird-Construction-Inc\/100064108594609\/","https:\/\/www.instagram.com\/birdconstructioninc\/","https:\/\/ca.linkedin.com\/company\/bird-construction-inc"]}]}},"_links":{"self":[{"href":"https:\/\/bird.staging.gratisites.com\/fr\/wp-json\/wp\/v2\/pages\/9328","targetHints":{"allow":["GET"]}}],"collection":[{"href":"https:\/\/bird.staging.gratisites.com\/fr\/wp-json\/wp\/v2\/pages"}],"about":[{"href":"https:\/\/bird.staging.gratisites.com\/fr\/wp-json\/wp\/v2\/types\/page"}],"author":[{"embeddable":true,"href":"https:\/\/bird.staging.gratisites.com\/fr\/wp-json\/wp\/v2\/users\/2"}],"replies":[{"embeddable":true,"href":"https:\/\/bird.staging.gratisites.com\/fr\/wp-json\/wp\/v2\/comments?post=9328"}],"version-history":[{"count":4,"href":"https:\/\/bird.staging.gratisites.com\/fr\/wp-json\/wp\/v2\/pages\/9328\/revisions"}],"predecessor-version":[{"id":9332,"href":"https:\/\/bird.staging.gratisites.com\/fr\/wp-json\/wp\/v2\/pages\/9328\/revisions\/9332"}],"wp:attachment":[{"href":"https:\/\/bird.staging.gratisites.com\/fr\/wp-json\/wp\/v2\/media?parent=9328"}],"curies":[{"name":"wp","href":"https:\/\/api.w.org\/{rel}","templated":true}]}}