{"id":914,"date":"2025-02-04T16:17:46","date_gmt":"2025-02-04T16:17:46","guid":{"rendered":"https:\/\/bird.staging.gratisites.com\/?page_id=914"},"modified":"2025-06-17T19:03:19","modified_gmt":"2025-06-17T19:03:19","slug":"fabrication","status":"publish","type":"page","link":"https:\/\/bird.staging.gratisites.com\/fr\/ce-que-nous-faisons\/fabrication\/","title":{"rendered":"Fabrication"},"content":{"rendered":"<div class=\"wp-block-create-block-hero-static\">\n\t<div class=\"hero-banner\">\n\t\t<img loading=\"lazy\" decoding=\"async\" width=\"1500\" height=\"600\" src=\"https:\/\/cdn.bird.ca\/2025\/05\/05171204\/Fabrication-Banner_1500x600.jpg\" class=\"attachment-banner-size size-banner-size\" alt=\"Un travailleur en tenue de s\u00e9curit\u00e9 se tient dans un grand atelier industriel avec de longs tuyaux m\u00e9talliques, des machines et des barri\u00e8res de s\u00e9curit\u00e9 jaunes dans tout l&#039;espace.\" sizes=\"auto, 100vw\" \/>\t<\/div>\n<\/div>\n\n\n<div style=\"height:100px\" aria-hidden=\"true\" class=\"wp-block-spacer is-style-entry-space\"><\/div>\n\n\n<div class=\"breadcrumb-block wp-block-create-block-breadcrumb-block\">\n\t\t\t\t\t<nav class=\"breadcrumb\" aria-label=\"Fil d&#039;Ariane\">\n\t\t\t<ol class=\"breadcrumb-list\">\n\t\t\t\t\t\t\t\t\t<li class=\"breadcrumb-item\"><a href=\"https:\/\/bird.staging.gratisites.com\/fr\/\">Accueil<\/a><\/li>\t\t\t\t\t\t\t<\/ol>\n\t\t<\/nav>\n\t<\/div>\n\n\n<div style=\"height:30px\" aria-hidden=\"true\" class=\"wp-block-spacer\"><\/div>\n\n\n\n<div class=\"wp-block-group is-vertical is-layout-flex wp-container-core-group-is-layout-41fdfdc5 wp-block-group-is-layout-flex\">\n<h1 class=\"wp-block-heading has-text-align-left is-style-bird-h2\">Fabrication<\/h1>\n\n\n\n<div class=\"wp-block-columns gap: 100px; is-style-card-column is-layout-flex wp-container-core-columns-is-layout-28f84493 wp-block-columns-is-layout-flex\">\n<div class=\"wp-block-column is-vertically-aligned-top is-layout-flow wp-block-column-is-layout-flow\">\n<p class=\"has-text-align-left is-style-bird-body\">Gr\u00e2ce \u00e0 la fabrication et \u00e0 l'assemblage d'unit\u00e9s modulaires sp\u00e9cialis\u00e9es, Bird peut contr\u00f4ler les co\u00fbts de construction, respecter les calendriers des projets et am\u00e9liorer la qualit\u00e9 en \u00e9liminant la plupart des risques associ\u00e9s \u00e0 la construction sur site.<\/p>\n\n\n\n<p>De la phase de conception \u00e0 la mise en service, en passant par la fabrication, les \u00e9quipes m\u00e9caniques, \u00e9lectriques et d'instrumentation de Bird sont en communication constante, fournissant un retour d'information critique et garantissant un produit de qualit\u00e9 Bird \u00e0 chaque fois.<\/p>\n\n\n\n<p class=\"has-text-align-left is-style-bird-body has-primary-color has-text-color has-link-color wp-elements-c3cd20cb2b9aae7b058d41736eaa53c6\"><strong>Nos capacit\u00e9s modulaires industrielles comprennent un large \u00e9ventail de solutions, notamment des maisons \u00e9lectriques, des installations modulaires pour l'eau et des tuyauteries pour les processus industriels.<\/strong><\/p>\n<\/div>\n\n\n\n<div class=\"wp-block-column is-layout-flow wp-block-column-is-layout-flow\" style=\"flex-basis:40%\">\n<figure class=\"wp-block-image size-full is-style-image-shadow-right\"><img loading=\"lazy\" decoding=\"async\" width=\"420\" height=\"420\" src=\"https:\/\/cdn.bird.ca\/2025\/02\/20211727\/jd1372-nason-fuel-gas-skid-1213-pano-web.jpg\" alt=\"Un skid de traitement de gaz industriel avec de multiples tuyaux, vannes et jauges se trouve \u00e0 l&#039;ext\u00e9rieur sur une plate-forme en b\u00e9ton sous un ciel partiellement nuageux. La structure est m\u00e9tallique, avec des cadres de support et des \u00e9quipements visibles.\" class=\"wp-image-1497\" srcset=\"https:\/\/cdn.bird.ca\/2025\/02\/20211727\/jd1372-nason-fuel-gas-skid-1213-pano-web.jpg 420w, https:\/\/cdn.bird.ca\/2025\/02\/20211727\/jd1372-nason-fuel-gas-skid-1213-pano-web-300x300.jpg 300w, https:\/\/cdn.bird.ca\/2025\/02\/20211727\/jd1372-nason-fuel-gas-skid-1213-pano-web-150x150.jpg 150w\" sizes=\"auto, (max-width: 420px) 100vw, 420px\" \/><\/figure>\n<\/div>\n<\/div>\n<\/div>\n\n\n\n<div style=\"height:100px\" aria-hidden=\"true\" class=\"wp-block-spacer is-style-entry-space\"><\/div>\n\n\n\n<h2 class=\"wp-block-heading\" id=\"h-explore-our-fabrication-projects\">D\u00e9couvrez nos projets de fabrication<\/h2>\n\n\n<div class=\"post-list-filters-block wp-block-create-block-post-list-filters\"\tdata-post-type=\"projects\" data-button-taxonomy=\"service\"\n\tdata-button-parent-term=\"174\">\n\t<div class=\"filtered-posts\"><div class=\"post-grid\"><p>Chargement des projets...<\/p><\/div><\/div><\/div>\n\n\n<div style=\"height:100px\" aria-hidden=\"true\" class=\"wp-block-spacer is-style-entry-space\"><\/div>","protected":false},"excerpt":{"rendered":"<p>Fabrication Gr\u00e2ce \u00e0 la fabrication et \u00e0 l'assemblage d'unit\u00e9s modulaires sp\u00e9cialis\u00e9es, Bird peut contr\u00f4ler les co\u00fbts de construction, respecter les calendriers des projets et am\u00e9liorer la qualit\u00e9 en \u00e9liminant de nombreux risques associ\u00e9s \u00e0 la construction sur site. De la phase de conception \u00e0 la mise en service, en passant par la fabrication, les \u00e9quipes m\u00e9caniques, \u00e9lectriques et d'instrumentation de Bird sont en communication constante, fournissant un retour d'information critique et s'assurant [...]<\/p>","protected":false},"author":1,"featured_media":7080,"parent":18,"menu_order":0,"comment_status":"closed","ping_status":"closed","template":"","meta":{"_acf_changed":false,"footnotes":""},"class_list":["post-914","page","type-page","status-publish","has-post-thumbnail","hentry"],"acf":[],"yoast_head":"<!-- This site is optimized with the Yoast SEO Premium plugin v24.6 (Yoast SEO v26.6) - https:\/\/yoast.com\/wordpress\/plugins\/seo\/ -->\n<title>Fabrication | Bird Construction<\/title>\n<meta name=\"description\" content=\"Fabrication Through the fabrication and assembly of specialty modular skid units, Bird can control construction costs, meet project schedules and improve\" \/>\n<meta name=\"robots\" content=\"index, follow, max-snippet:-1, max-image-preview:large, max-video-preview:-1\" \/>\n<link rel=\"canonical\" href=\"https:\/\/bird.staging.gratisites.com\/fr\/ce-que-nous-faisons\/fabrication\/\" \/>\n<meta property=\"og:locale\" content=\"fr_CA\" \/>\n<meta property=\"og:type\" content=\"article\" \/>\n<meta property=\"og:title\" content=\"Fabrication | Bird Construction\" \/>\n<meta property=\"og:description\" content=\"Bird Construction has been providing construction services to a long list of new and repeat clients since 1920.\" \/>\n<meta property=\"og:url\" content=\"https:\/\/bird.staging.gratisites.com\/fr\/ce-que-nous-faisons\/fabrication\/\" \/>\n<meta property=\"og:site_name\" content=\"Bird Construction\" \/>\n<meta property=\"article:publisher\" content=\"https:\/\/www.facebook.com\/people\/Bird-Construction-Inc\/100064108594609\/\" \/>\n<meta property=\"article:modified_time\" content=\"2025-06-17T19:03:19+00:00\" \/>\n<meta property=\"og:image\" content=\"https:\/\/cdn.bird.ca\/2025\/05\/05171204\/Fabrication-Banner_1500x600.jpg\" \/>\n\t<meta property=\"og:image:width\" content=\"1500\" \/>\n\t<meta property=\"og:image:height\" content=\"600\" \/>\n\t<meta property=\"og:image:type\" content=\"image\/jpeg\" \/>\n<meta name=\"twitter:card\" content=\"summary_large_image\" \/>\n<meta name=\"twitter:label1\" content=\"Estimation du temps de lecture\" \/>\n\t<meta name=\"twitter:data1\" content=\"1 minute\" \/>\n<script type=\"application\/ld+json\" class=\"yoast-schema-graph\">{\"@context\":\"https:\/\/schema.org\",\"@graph\":[{\"@type\":\"WebPage\",\"@id\":\"https:\/\/bird.staging.gratisites.com\/what-we-do\/fabrication\/\",\"url\":\"https:\/\/bird.staging.gratisites.com\/what-we-do\/fabrication\/\",\"name\":\"Fabrication | Bird Construction\",\"isPartOf\":{\"@id\":\"https:\/\/bird.staging.gratisites.com\/#website\"},\"primaryImageOfPage\":{\"@id\":\"https:\/\/bird.staging.gratisites.com\/what-we-do\/fabrication\/#primaryimage\"},\"image\":{\"@id\":\"https:\/\/bird.staging.gratisites.com\/what-we-do\/fabrication\/#primaryimage\"},\"thumbnailUrl\":\"https:\/\/cdn.bird.ca\/2025\/05\/05171204\/Fabrication-Banner_1500x600.jpg\",\"datePublished\":\"2025-02-04T16:17:46+00:00\",\"dateModified\":\"2025-06-17T19:03:19+00:00\",\"description\":\"Fabrication Through the fabrication and assembly of specialty modular skid units, Bird can control construction costs, meet project schedules and improve\",\"breadcrumb\":{\"@id\":\"https:\/\/bird.staging.gratisites.com\/what-we-do\/fabrication\/#breadcrumb\"},\"inLanguage\":\"fr-CA\",\"potentialAction\":[{\"@type\":\"ReadAction\",\"target\":[\"https:\/\/bird.staging.gratisites.com\/what-we-do\/fabrication\/\"]}]},{\"@type\":\"ImageObject\",\"inLanguage\":\"fr-CA\",\"@id\":\"https:\/\/bird.staging.gratisites.com\/what-we-do\/fabrication\/#primaryimage\",\"url\":\"https:\/\/cdn.bird.ca\/2025\/05\/05171204\/Fabrication-Banner_1500x600.jpg\",\"contentUrl\":\"https:\/\/cdn.bird.ca\/2025\/05\/05171204\/Fabrication-Banner_1500x600.jpg\",\"width\":1500,\"height\":600,\"caption\":\"A worker in safety gear stands in a large industrial workshop with long metal pipes, machinery, and yellow safety barriers throughout the space.\"},{\"@type\":\"BreadcrumbList\",\"@id\":\"https:\/\/bird.staging.gratisites.com\/what-we-do\/fabrication\/#breadcrumb\",\"itemListElement\":[{\"@type\":\"ListItem\",\"position\":1,\"name\":\"Home\",\"item\":\"https:\/\/bird.staging.gratisites.com\/\"},{\"@type\":\"ListItem\",\"position\":2,\"name\":\"What We Do\",\"item\":\"https:\/\/bird.staging.gratisites.com\/what-we-do\/\"},{\"@type\":\"ListItem\",\"position\":3,\"name\":\"Fabrication\"}]},{\"@type\":\"WebSite\",\"@id\":\"https:\/\/bird.staging.gratisites.com\/#website\",\"url\":\"https:\/\/bird.staging.gratisites.com\/\",\"name\":\"Bird Construction\",\"description\":\"\",\"publisher\":{\"@id\":\"https:\/\/bird.staging.gratisites.com\/#organization\"},\"potentialAction\":[{\"@type\":\"SearchAction\",\"target\":{\"@type\":\"EntryPoint\",\"urlTemplate\":\"https:\/\/bird.staging.gratisites.com\/?s={search_term_string}\"},\"query-input\":{\"@type\":\"PropertyValueSpecification\",\"valueRequired\":true,\"valueName\":\"search_term_string\"}}],\"inLanguage\":\"fr-CA\"},{\"@type\":\"Organization\",\"@id\":\"https:\/\/bird.staging.gratisites.com\/#organization\",\"name\":\"Bird Construction\",\"url\":\"https:\/\/bird.staging.gratisites.com\/\",\"logo\":{\"@type\":\"ImageObject\",\"inLanguage\":\"fr-CA\",\"@id\":\"https:\/\/bird.staging.gratisites.com\/#\/schema\/logo\/image\/\",\"url\":\"https:\/\/cdn.bird.ca\/2025\/01\/20212041\/bird-logo-RGB-e1739411338652.png\",\"contentUrl\":\"https:\/\/cdn.bird.ca\/2025\/01\/20212041\/bird-logo-RGB-e1739411338652.png\",\"width\":865,\"height\":366,\"caption\":\"Bird Construction\"},\"image\":{\"@id\":\"https:\/\/bird.staging.gratisites.com\/#\/schema\/logo\/image\/\"},\"sameAs\":[\"https:\/\/www.facebook.com\/people\/Bird-Construction-Inc\/100064108594609\/\",\"https:\/\/www.instagram.com\/birdconstructioninc\/\",\"https:\/\/ca.linkedin.com\/company\/bird-construction-inc\"]}]}<\/script>\n<!-- \/ Yoast SEO Premium plugin. -->","yoast_head_json":{"title":"Fabrication | Construction d'oiseaux","description":"Fabrication Gr\u00e2ce \u00e0 la fabrication et \u00e0 l'assemblage de patins modulaires sp\u00e9cialis\u00e9s, Bird peut contr\u00f4ler les co\u00fbts de construction, respecter le calendrier du projet et am\u00e9liorer la qualit\u00e9 de la construction.","robots":{"index":"index","follow":"follow","max-snippet":"max-snippet:-1","max-image-preview":"max-image-preview:large","max-video-preview":"max-video-preview:-1"},"canonical":"https:\/\/bird.staging.gratisites.com\/fr\/ce-que-nous-faisons\/fabrication\/","og_locale":"fr_CA","og_type":"article","og_title":"Fabrication | Bird Construction","og_description":"Bird Construction has been providing construction services to a long list of new and repeat clients since 1920.","og_url":"https:\/\/bird.staging.gratisites.com\/fr\/ce-que-nous-faisons\/fabrication\/","og_site_name":"Bird Construction","article_publisher":"https:\/\/www.facebook.com\/people\/Bird-Construction-Inc\/100064108594609\/","article_modified_time":"2025-06-17T19:03:19+00:00","og_image":[{"width":1500,"height":600,"url":"https:\/\/cdn.bird.ca\/2025\/05\/05171204\/Fabrication-Banner_1500x600.jpg","type":"image\/jpeg"}],"twitter_card":"summary_large_image","twitter_misc":{"Estimation du temps de lecture":"1 minute"},"schema":{"@context":"https:\/\/schema.org","@graph":[{"@type":"WebPage","@id":"https:\/\/bird.staging.gratisites.com\/what-we-do\/fabrication\/","url":"https:\/\/bird.staging.gratisites.com\/what-we-do\/fabrication\/","name":"Fabrication | Construction d'oiseaux","isPartOf":{"@id":"https:\/\/bird.staging.gratisites.com\/#website"},"primaryImageOfPage":{"@id":"https:\/\/bird.staging.gratisites.com\/what-we-do\/fabrication\/#primaryimage"},"image":{"@id":"https:\/\/bird.staging.gratisites.com\/what-we-do\/fabrication\/#primaryimage"},"thumbnailUrl":"https:\/\/cdn.bird.ca\/2025\/05\/05171204\/Fabrication-Banner_1500x600.jpg","datePublished":"2025-02-04T16:17:46+00:00","dateModified":"2025-06-17T19:03:19+00:00","description":"Fabrication Gr\u00e2ce \u00e0 la fabrication et \u00e0 l'assemblage de patins modulaires sp\u00e9cialis\u00e9s, Bird peut contr\u00f4ler les co\u00fbts de construction, respecter le calendrier du projet et am\u00e9liorer la qualit\u00e9 de la construction.","breadcrumb":{"@id":"https:\/\/bird.staging.gratisites.com\/what-we-do\/fabrication\/#breadcrumb"},"inLanguage":"fr-CA","potentialAction":[{"@type":"ReadAction","target":["https:\/\/bird.staging.gratisites.com\/what-we-do\/fabrication\/"]}]},{"@type":"ImageObject","inLanguage":"fr-CA","@id":"https:\/\/bird.staging.gratisites.com\/what-we-do\/fabrication\/#primaryimage","url":"https:\/\/cdn.bird.ca\/2025\/05\/05171204\/Fabrication-Banner_1500x600.jpg","contentUrl":"https:\/\/cdn.bird.ca\/2025\/05\/05171204\/Fabrication-Banner_1500x600.jpg","width":1500,"height":600,"caption":"A worker in safety gear stands in a large industrial workshop with long metal pipes, machinery, and yellow safety barriers throughout the space."},{"@type":"BreadcrumbList","@id":"https:\/\/bird.staging.gratisites.com\/what-we-do\/fabrication\/#breadcrumb","itemListElement":[{"@type":"ListItem","position":1,"name":"Home","item":"https:\/\/bird.staging.gratisites.com\/"},{"@type":"ListItem","position":2,"name":"What We Do","item":"https:\/\/bird.staging.gratisites.com\/what-we-do\/"},{"@type":"ListItem","position":3,"name":"Fabrication"}]},{"@type":"WebSite","@id":"https:\/\/bird.staging.gratisites.com\/#website","url":"https:\/\/bird.staging.gratisites.com\/","name":"Bird Construction","description":"","publisher":{"@id":"https:\/\/bird.staging.gratisites.com\/#organization"},"potentialAction":[{"@type":"SearchAction","target":{"@type":"EntryPoint","urlTemplate":"https:\/\/bird.staging.gratisites.com\/?s={search_term_string}"},"query-input":{"@type":"PropertyValueSpecification","valueRequired":true,"valueName":"search_term_string"}}],"inLanguage":"fr-CA"},{"@type":"Organization","@id":"https:\/\/bird.staging.gratisites.com\/#organization","name":"Bird Construction","url":"https:\/\/bird.staging.gratisites.com\/","logo":{"@type":"ImageObject","inLanguage":"fr-CA","@id":"https:\/\/bird.staging.gratisites.com\/#\/schema\/logo\/image\/","url":"https:\/\/cdn.bird.ca\/2025\/01\/20212041\/bird-logo-RGB-e1739411338652.png","contentUrl":"https:\/\/cdn.bird.ca\/2025\/01\/20212041\/bird-logo-RGB-e1739411338652.png","width":865,"height":366,"caption":"Bird Construction"},"image":{"@id":"https:\/\/bird.staging.gratisites.com\/#\/schema\/logo\/image\/"},"sameAs":["https:\/\/www.facebook.com\/people\/Bird-Construction-Inc\/100064108594609\/","https:\/\/www.instagram.com\/birdconstructioninc\/","https:\/\/ca.linkedin.com\/company\/bird-construction-inc"]}]}},"_links":{"self":[{"href":"https:\/\/bird.staging.gratisites.com\/fr\/wp-json\/wp\/v2\/pages\/914","targetHints":{"allow":["GET"]}}],"collection":[{"href":"https:\/\/bird.staging.gratisites.com\/fr\/wp-json\/wp\/v2\/pages"}],"about":[{"href":"https:\/\/bird.staging.gratisites.com\/fr\/wp-json\/wp\/v2\/types\/page"}],"author":[{"embeddable":true,"href":"https:\/\/bird.staging.gratisites.com\/fr\/wp-json\/wp\/v2\/users\/1"}],"replies":[{"embeddable":true,"href":"https:\/\/bird.staging.gratisites.com\/fr\/wp-json\/wp\/v2\/comments?post=914"}],"version-history":[{"count":11,"href":"https:\/\/bird.staging.gratisites.com\/fr\/wp-json\/wp\/v2\/pages\/914\/revisions"}],"predecessor-version":[{"id":9174,"href":"https:\/\/bird.staging.gratisites.com\/fr\/wp-json\/wp\/v2\/pages\/914\/revisions\/9174"}],"up":[{"embeddable":true,"href":"https:\/\/bird.staging.gratisites.com\/fr\/wp-json\/wp\/v2\/pages\/18"}],"wp:featuredmedia":[{"embeddable":true,"href":"https:\/\/bird.staging.gratisites.com\/fr\/wp-json\/wp\/v2\/media\/7080"}],"wp:attachment":[{"href":"https:\/\/bird.staging.gratisites.com\/fr\/wp-json\/wp\/v2\/media?parent=914"}],"curies":[{"name":"wp","href":"https:\/\/api.w.org\/{rel}","templated":true}]}}