{"id":908,"date":"2025-02-04T16:16:38","date_gmt":"2025-02-04T16:16:38","guid":{"rendered":"https:\/\/bird.staging.gratisites.com\/?page_id=908"},"modified":"2026-02-06T16:44:21","modified_gmt":"2026-02-06T16:44:21","slug":"civil-infrastructure","status":"publish","type":"page","link":"https:\/\/bird.staging.gratisites.com\/fr\/ce-que-nous-faisons\/civil-infrastructure\/","title":{"rendered":"Infrastructures civiles"},"content":{"rendered":"<div class=\"wp-block-create-block-hero-static\">\n\t<div class=\"hero-banner\">\n\t\t<img loading=\"lazy\" decoding=\"async\" width=\"1500\" height=\"600\" src=\"https:\/\/cdn.bird.ca\/2025\/05\/05171202\/Civil-Infrastructure-Banner-1500x600-1.jpg\" class=\"attachment-banner-size size-banner-size\" alt=\"Vue a\u00e9rienne d&#039;un chantier ferroviaire en construction, avec plusieurs voies ferr\u00e9es, des machines lourdes, des mat\u00e9riaux de construction, un grand b\u00e2timent blanc et un \u00e9tang dans le coin sup\u00e9rieur gauche.\" sizes=\"auto, 100vw\" \/>\t<\/div>\n<\/div>\n\n\n<div style=\"height:100px\" aria-hidden=\"true\" class=\"wp-block-spacer is-style-entry-space\"><\/div>\n\n\n<div class=\"breadcrumb-block wp-block-create-block-breadcrumb-block\">\n\t\t\t\t\t<nav class=\"breadcrumb\" aria-label=\"Fil d&#039;Ariane\">\n\t\t\t<ol class=\"breadcrumb-list\">\n\t\t\t\t\t\t\t\t\t<li class=\"breadcrumb-item\"><a href=\"https:\/\/bird.staging.gratisites.com\/fr\/\">Accueil<\/a><\/li>\t\t\t\t\t\t\t<\/ol>\n\t\t<\/nav>\n\t<\/div>\n\n\n<div style=\"height:30px\" aria-hidden=\"true\" class=\"wp-block-spacer\"><\/div>\n\n\n\n<div class=\"wp-block-group is-vertical is-layout-flex wp-container-core-group-is-layout-41fdfdc5 wp-block-group-is-layout-flex\">\n<h1 class=\"wp-block-heading has-text-align-left is-style-bird-h2\" id=\"h-civil-infrastructure\">Infrastructures civiles<\/h1>\n\n\n\n<div class=\"wp-block-columns gap: 100px; is-style-card-column is-layout-flex wp-container-core-columns-is-layout-28f84493 wp-block-columns-is-layout-flex\">\n<div class=\"wp-block-column is-vertically-aligned-top is-layout-flow wp-block-column-is-layout-flow\">\n<p class=\"is-style-default\">Depuis de nombreuses ann\u00e9es, Bird joue un r\u00f4le actif dans la r\u00e9alisation d'infrastructures civiles sur les march\u00e9s canadiens de l'\u00e9nergie, de l'exploitation mini\u00e8re, du transport et des services publics pour des clients des secteurs public et priv\u00e9. L'\u00e9quipe dispose d'une offre bien d\u00e9velopp\u00e9e de services souterrains, de terrassement et de b\u00e9ton, ainsi que de capacit\u00e9s en mati\u00e8re d'exploitation mini\u00e8re contractuelle, de forage et de dynamitage, et de construction hydro\u00e9lectrique.<\/p>\n\n\n\n<p class=\"has-text-align-left is-style-bird-body\">Les offres sp\u00e9cialis\u00e9es comprennent le creusement de tranch\u00e9es en un seul passage, fond\u00e9 sur les avantages d'un \u00e9quipement propri\u00e9taire utilis\u00e9 pour le creusement de tranch\u00e9es en un seul passage pour les pipelines et les services publics.<\/p>\n\n\n\n<p>Avec les r\u00e9centes acquisitions de <a href=\"https:\/\/www.jacobbros.ca\/\" target=\"_blank\" rel=\"noreferrer noopener\">Jacob Bros<\/a> et <a href=\"https:\/\/bird.staging.gratisites.com\/fr\/ce-que-nous-faisons\/services-dinfrastructure-civile\/dagmar-construction\/\">Construction Dagmar<\/a>Bird continue \u00e0 r\u00e9aliser des projets d'infrastructure hautement sp\u00e9cialis\u00e9s et complexes. Cela a encore renforc\u00e9 les capacit\u00e9s de Bird dans les sous-secteurs de l'infrastructure civile tels que les travaux complexes de chemins de fer lourds et l\u00e9gers, les services publics, les travaux de terrassement, les structures civiles, les a\u00e9roports, les ports maritimes, les ponts et les structures, les travaux souterrains et l'entretien des sites.<\/p>\n\n\n\n<p class=\"has-text-align-left is-style-bird-body\">Gr\u00e2ce \u00e0 l'exp\u00e9rience combin\u00e9e de nos \u00e9quipes civiles d'un oc\u00e9an \u00e0 l'autre, l'\u00e9quipe Infrastructures civiles est bien plac\u00e9e pour offrir un service complet dans tout le Canada.<\/p>\n<\/div>\n\n\n\n<div class=\"wp-block-column is-layout-flow wp-block-column-is-layout-flow\" style=\"flex-basis:40%\">\n<figure class=\"wp-block-image size-full is-style-image-shadow-right\"><img loading=\"lazy\" decoding=\"async\" width=\"1024\" height=\"572\" src=\"https:\/\/cdn.bird.ca\/2025\/05\/05171202\/Bloomington-Rd-Bridge-1291.jpg\" alt=\"Une gare routi\u00e8re ou ferroviaire moderne en b\u00e9ton est sur\u00e9lev\u00e9e au-dessus d&#039;une route, avec de grandes fen\u00eatres en verre et un toit plat, sous un ciel bleu clair. Il y a une pelouse et de petits arbres \u00e0 proximit\u00e9.\" class=\"wp-image-7115\"\/><figcaption class=\"wp-element-caption\">Bloomington Rd. Pont<\/figcaption><\/figure>\n<\/div>\n<\/div>\n<\/div>\n\n\n\n<div style=\"height:100px\" aria-hidden=\"true\" class=\"wp-block-spacer is-style-entry-space\"><\/div>\n\n\n\n<div class=\"wp-block-buttons is-layout-flex wp-block-buttons-is-layout-flex\">\n<div class=\"wp-block-button is-style-bird-solid\"><a class=\"wp-block-button__link wp-element-button\" href=\"https:\/\/www.jacobbros.ca\/\" style=\"text-transform:none\" target=\"_blank\" rel=\"noreferrer noopener\">En savoir plus sur Jacob Bros<\/a><\/div>\n\n\n\n<div class=\"wp-block-button is-style-bird-solid\"><a class=\"wp-block-button__link wp-element-button\" href=\"https:\/\/bird.staging.gratisites.com\/fr\/ce-que-nous-faisons\/services-dinfrastructure-civile\/dagmar-construction\/\" style=\"text-transform:none\">En savoir plus sur Dagmar Construction<\/a><\/div>\n<\/div>\n\n\n\n<div style=\"height:100px\" aria-hidden=\"true\" class=\"wp-block-spacer is-style-entry-space\"><\/div>\n\n\n\n<p><\/p>","protected":false},"excerpt":{"rendered":"<p>Civil Infrastructure Bird joue un r\u00f4le actif dans la livraison d'infrastructures civiles sur les march\u00e9s canadiens de l'\u00e9nergie, de l'exploitation mini\u00e8re, du transport et des services publics pour des clients des secteurs public et priv\u00e9 depuis de nombreuses ann\u00e9es. L'\u00e9quipe a une offre bien d\u00e9velopp\u00e9e de services souterrains, de terrassement et de b\u00e9ton, ainsi que des capacit\u00e9s en mati\u00e8re d'exploitation mini\u00e8re, de forage et de dynamitage, et de [...]<\/p>","protected":false},"author":1,"featured_media":7109,"parent":18,"menu_order":0,"comment_status":"closed","ping_status":"closed","template":"","meta":{"_acf_changed":false,"footnotes":""},"class_list":["post-908","page","type-page","status-publish","has-post-thumbnail","hentry"],"acf":[],"yoast_head":"<!-- This site is optimized with the Yoast SEO Premium plugin v24.6 (Yoast SEO v26.6) - https:\/\/yoast.com\/wordpress\/plugins\/seo\/ -->\n<title>Civil Infrastructure | Bird Construction<\/title>\n<meta name=\"description\" content=\"Bird delivers trusted civil infrastructure for urban and suburban communities from coast-to-coast.\" \/>\n<meta name=\"robots\" content=\"index, follow, max-snippet:-1, max-image-preview:large, max-video-preview:-1\" \/>\n<link rel=\"canonical\" href=\"https:\/\/bird.staging.gratisites.com\/fr\/ce-que-nous-faisons\/civil-infrastructure\/\" \/>\n<meta property=\"og:locale\" content=\"fr_CA\" \/>\n<meta property=\"og:type\" content=\"article\" \/>\n<meta property=\"og:title\" content=\"Civil Infrastructure | Bird Construction\" \/>\n<meta property=\"og:description\" content=\"Bird Construction has been providing construction services to a long list of new and repeat clients since 1920.\" \/>\n<meta property=\"og:url\" content=\"https:\/\/bird.staging.gratisites.com\/fr\/ce-que-nous-faisons\/civil-infrastructure\/\" \/>\n<meta property=\"og:site_name\" content=\"Bird Construction\" \/>\n<meta property=\"article:publisher\" content=\"https:\/\/www.facebook.com\/people\/Bird-Construction-Inc\/100064108594609\/\" \/>\n<meta property=\"article:modified_time\" content=\"2026-02-06T16:44:21+00:00\" \/>\n<meta property=\"og:image\" content=\"https:\/\/cdn.bird.ca\/2025\/05\/05171202\/Civil-Infrastructure-Banner-1500x600-1.jpg\" \/>\n\t<meta property=\"og:image:width\" content=\"1500\" \/>\n\t<meta property=\"og:image:height\" content=\"600\" \/>\n\t<meta property=\"og:image:type\" content=\"image\/jpeg\" \/>\n<meta name=\"twitter:card\" content=\"summary_large_image\" \/>\n<meta name=\"twitter:label1\" content=\"Estimation du temps de lecture\" \/>\n\t<meta name=\"twitter:data1\" content=\"2 minutes\" \/>\n<script type=\"application\/ld+json\" class=\"yoast-schema-graph\">{\"@context\":\"https:\/\/schema.org\",\"@graph\":[{\"@type\":\"WebPage\",\"@id\":\"https:\/\/bird.staging.gratisites.com\/what-we-do\/civil-infrastructure\/\",\"url\":\"https:\/\/bird.staging.gratisites.com\/what-we-do\/civil-infrastructure\/\",\"name\":\"Civil Infrastructure | Bird Construction\",\"isPartOf\":{\"@id\":\"https:\/\/bird.staging.gratisites.com\/#website\"},\"primaryImageOfPage\":{\"@id\":\"https:\/\/bird.staging.gratisites.com\/what-we-do\/civil-infrastructure\/#primaryimage\"},\"image\":{\"@id\":\"https:\/\/bird.staging.gratisites.com\/what-we-do\/civil-infrastructure\/#primaryimage\"},\"thumbnailUrl\":\"https:\/\/cdn.bird.ca\/2025\/05\/05171202\/Civil-Infrastructure-Banner-1500x600-1.jpg\",\"datePublished\":\"2025-02-04T16:16:38+00:00\",\"dateModified\":\"2026-02-06T16:44:21+00:00\",\"description\":\"Bird delivers trusted civil infrastructure for urban and suburban communities from coast-to-coast.\",\"breadcrumb\":{\"@id\":\"https:\/\/bird.staging.gratisites.com\/what-we-do\/civil-infrastructure\/#breadcrumb\"},\"inLanguage\":\"fr-CA\",\"potentialAction\":[{\"@type\":\"ReadAction\",\"target\":[\"https:\/\/bird.staging.gratisites.com\/what-we-do\/civil-infrastructure\/\"]}]},{\"@type\":\"ImageObject\",\"inLanguage\":\"fr-CA\",\"@id\":\"https:\/\/bird.staging.gratisites.com\/what-we-do\/civil-infrastructure\/#primaryimage\",\"url\":\"https:\/\/cdn.bird.ca\/2025\/05\/05171202\/Civil-Infrastructure-Banner-1500x600-1.jpg\",\"contentUrl\":\"https:\/\/cdn.bird.ca\/2025\/05\/05171202\/Civil-Infrastructure-Banner-1500x600-1.jpg\",\"width\":1500,\"height\":600,\"caption\":\"Aerial view of a railway yard under construction, with multiple train tracks, heavy machinery, construction materials, a large white building, and a pond in the top left corner.\"},{\"@type\":\"BreadcrumbList\",\"@id\":\"https:\/\/bird.staging.gratisites.com\/what-we-do\/civil-infrastructure\/#breadcrumb\",\"itemListElement\":[{\"@type\":\"ListItem\",\"position\":1,\"name\":\"Home\",\"item\":\"https:\/\/bird.staging.gratisites.com\/\"},{\"@type\":\"ListItem\",\"position\":2,\"name\":\"What We Do\",\"item\":\"https:\/\/bird.staging.gratisites.com\/what-we-do\/\"},{\"@type\":\"ListItem\",\"position\":3,\"name\":\"Civil Infrastructure\"}]},{\"@type\":\"WebSite\",\"@id\":\"https:\/\/bird.staging.gratisites.com\/#website\",\"url\":\"https:\/\/bird.staging.gratisites.com\/\",\"name\":\"Bird Construction\",\"description\":\"\",\"publisher\":{\"@id\":\"https:\/\/bird.staging.gratisites.com\/#organization\"},\"potentialAction\":[{\"@type\":\"SearchAction\",\"target\":{\"@type\":\"EntryPoint\",\"urlTemplate\":\"https:\/\/bird.staging.gratisites.com\/?s={search_term_string}\"},\"query-input\":{\"@type\":\"PropertyValueSpecification\",\"valueRequired\":true,\"valueName\":\"search_term_string\"}}],\"inLanguage\":\"fr-CA\"},{\"@type\":\"Organization\",\"@id\":\"https:\/\/bird.staging.gratisites.com\/#organization\",\"name\":\"Bird Construction\",\"url\":\"https:\/\/bird.staging.gratisites.com\/\",\"logo\":{\"@type\":\"ImageObject\",\"inLanguage\":\"fr-CA\",\"@id\":\"https:\/\/bird.staging.gratisites.com\/#\/schema\/logo\/image\/\",\"url\":\"https:\/\/cdn.bird.ca\/2025\/01\/20212041\/bird-logo-RGB-e1739411338652.png\",\"contentUrl\":\"https:\/\/cdn.bird.ca\/2025\/01\/20212041\/bird-logo-RGB-e1739411338652.png\",\"width\":865,\"height\":366,\"caption\":\"Bird Construction\"},\"image\":{\"@id\":\"https:\/\/bird.staging.gratisites.com\/#\/schema\/logo\/image\/\"},\"sameAs\":[\"https:\/\/www.facebook.com\/people\/Bird-Construction-Inc\/100064108594609\/\",\"https:\/\/www.instagram.com\/birdconstructioninc\/\",\"https:\/\/ca.linkedin.com\/company\/bird-construction-inc\"]}]}<\/script>\n<!-- \/ Yoast SEO Premium plugin. -->","yoast_head_json":{"title":"Infrastructure civile | Construction d'oiseaux","description":"Bird fournit des infrastructures civiles fiables aux communaut\u00e9s urbaines et suburbaines d'un oc\u00e9an \u00e0 l'autre.","robots":{"index":"index","follow":"follow","max-snippet":"max-snippet:-1","max-image-preview":"max-image-preview:large","max-video-preview":"max-video-preview:-1"},"canonical":"https:\/\/bird.staging.gratisites.com\/fr\/ce-que-nous-faisons\/civil-infrastructure\/","og_locale":"fr_CA","og_type":"article","og_title":"Civil Infrastructure | Bird Construction","og_description":"Bird Construction has been providing construction services to a long list of new and repeat clients since 1920.","og_url":"https:\/\/bird.staging.gratisites.com\/fr\/ce-que-nous-faisons\/civil-infrastructure\/","og_site_name":"Bird Construction","article_publisher":"https:\/\/www.facebook.com\/people\/Bird-Construction-Inc\/100064108594609\/","article_modified_time":"2026-02-06T16:44:21+00:00","og_image":[{"width":1500,"height":600,"url":"https:\/\/cdn.bird.ca\/2025\/05\/05171202\/Civil-Infrastructure-Banner-1500x600-1.jpg","type":"image\/jpeg"}],"twitter_card":"summary_large_image","twitter_misc":{"Estimation du temps de lecture":"2 minutes"},"schema":{"@context":"https:\/\/schema.org","@graph":[{"@type":"WebPage","@id":"https:\/\/bird.staging.gratisites.com\/what-we-do\/civil-infrastructure\/","url":"https:\/\/bird.staging.gratisites.com\/what-we-do\/civil-infrastructure\/","name":"Infrastructure civile | Construction d'oiseaux","isPartOf":{"@id":"https:\/\/bird.staging.gratisites.com\/#website"},"primaryImageOfPage":{"@id":"https:\/\/bird.staging.gratisites.com\/what-we-do\/civil-infrastructure\/#primaryimage"},"image":{"@id":"https:\/\/bird.staging.gratisites.com\/what-we-do\/civil-infrastructure\/#primaryimage"},"thumbnailUrl":"https:\/\/cdn.bird.ca\/2025\/05\/05171202\/Civil-Infrastructure-Banner-1500x600-1.jpg","datePublished":"2025-02-04T16:16:38+00:00","dateModified":"2026-02-06T16:44:21+00:00","description":"Bird fournit des infrastructures civiles fiables aux communaut\u00e9s urbaines et suburbaines d'un oc\u00e9an \u00e0 l'autre.","breadcrumb":{"@id":"https:\/\/bird.staging.gratisites.com\/what-we-do\/civil-infrastructure\/#breadcrumb"},"inLanguage":"fr-CA","potentialAction":[{"@type":"ReadAction","target":["https:\/\/bird.staging.gratisites.com\/what-we-do\/civil-infrastructure\/"]}]},{"@type":"ImageObject","inLanguage":"fr-CA","@id":"https:\/\/bird.staging.gratisites.com\/what-we-do\/civil-infrastructure\/#primaryimage","url":"https:\/\/cdn.bird.ca\/2025\/05\/05171202\/Civil-Infrastructure-Banner-1500x600-1.jpg","contentUrl":"https:\/\/cdn.bird.ca\/2025\/05\/05171202\/Civil-Infrastructure-Banner-1500x600-1.jpg","width":1500,"height":600,"caption":"Aerial view of a railway yard under construction, with multiple train tracks, heavy machinery, construction materials, a large white building, and a pond in the top left corner."},{"@type":"BreadcrumbList","@id":"https:\/\/bird.staging.gratisites.com\/what-we-do\/civil-infrastructure\/#breadcrumb","itemListElement":[{"@type":"ListItem","position":1,"name":"Home","item":"https:\/\/bird.staging.gratisites.com\/"},{"@type":"ListItem","position":2,"name":"What We Do","item":"https:\/\/bird.staging.gratisites.com\/what-we-do\/"},{"@type":"ListItem","position":3,"name":"Civil Infrastructure"}]},{"@type":"WebSite","@id":"https:\/\/bird.staging.gratisites.com\/#website","url":"https:\/\/bird.staging.gratisites.com\/","name":"Bird Construction","description":"","publisher":{"@id":"https:\/\/bird.staging.gratisites.com\/#organization"},"potentialAction":[{"@type":"SearchAction","target":{"@type":"EntryPoint","urlTemplate":"https:\/\/bird.staging.gratisites.com\/?s={search_term_string}"},"query-input":{"@type":"PropertyValueSpecification","valueRequired":true,"valueName":"search_term_string"}}],"inLanguage":"fr-CA"},{"@type":"Organization","@id":"https:\/\/bird.staging.gratisites.com\/#organization","name":"Bird Construction","url":"https:\/\/bird.staging.gratisites.com\/","logo":{"@type":"ImageObject","inLanguage":"fr-CA","@id":"https:\/\/bird.staging.gratisites.com\/#\/schema\/logo\/image\/","url":"https:\/\/cdn.bird.ca\/2025\/01\/20212041\/bird-logo-RGB-e1739411338652.png","contentUrl":"https:\/\/cdn.bird.ca\/2025\/01\/20212041\/bird-logo-RGB-e1739411338652.png","width":865,"height":366,"caption":"Bird Construction"},"image":{"@id":"https:\/\/bird.staging.gratisites.com\/#\/schema\/logo\/image\/"},"sameAs":["https:\/\/www.facebook.com\/people\/Bird-Construction-Inc\/100064108594609\/","https:\/\/www.instagram.com\/birdconstructioninc\/","https:\/\/ca.linkedin.com\/company\/bird-construction-inc"]}]}},"_links":{"self":[{"href":"https:\/\/bird.staging.gratisites.com\/fr\/wp-json\/wp\/v2\/pages\/908","targetHints":{"allow":["GET"]}}],"collection":[{"href":"https:\/\/bird.staging.gratisites.com\/fr\/wp-json\/wp\/v2\/pages"}],"about":[{"href":"https:\/\/bird.staging.gratisites.com\/fr\/wp-json\/wp\/v2\/types\/page"}],"author":[{"embeddable":true,"href":"https:\/\/bird.staging.gratisites.com\/fr\/wp-json\/wp\/v2\/users\/1"}],"replies":[{"embeddable":true,"href":"https:\/\/bird.staging.gratisites.com\/fr\/wp-json\/wp\/v2\/comments?post=908"}],"version-history":[{"count":23,"href":"https:\/\/bird.staging.gratisites.com\/fr\/wp-json\/wp\/v2\/pages\/908\/revisions"}],"predecessor-version":[{"id":13474,"href":"https:\/\/bird.staging.gratisites.com\/fr\/wp-json\/wp\/v2\/pages\/908\/revisions\/13474"}],"up":[{"embeddable":true,"href":"https:\/\/bird.staging.gratisites.com\/fr\/wp-json\/wp\/v2\/pages\/18"}],"wp:featuredmedia":[{"embeddable":true,"href":"https:\/\/bird.staging.gratisites.com\/fr\/wp-json\/wp\/v2\/media\/7109"}],"wp:attachment":[{"href":"https:\/\/bird.staging.gratisites.com\/fr\/wp-json\/wp\/v2\/media?parent=908"}],"curies":[{"name":"wp","href":"https:\/\/api.w.org\/{rel}","templated":true}]}}