{"id":906,"date":"2025-02-04T16:15:55","date_gmt":"2025-02-04T16:15:55","guid":{"rendered":"https:\/\/bird.staging.gratisites.com\/?page_id=906"},"modified":"2025-06-17T19:02:54","modified_gmt":"2025-06-17T19:02:54","slug":"bim-vdc","status":"publish","type":"page","link":"https:\/\/bird.staging.gratisites.com\/fr\/ce-que-nous-faisons\/bim-vdc\/","title":{"rendered":"BIM\/VDC"},"content":{"rendered":"<div class=\"wp-block-create-block-hero-static\">\n\t<div class=\"hero-banner\">\n\t\t<img loading=\"lazy\" decoding=\"async\" width=\"1500\" height=\"600\" src=\"https:\/\/cdn.bird.ca\/2025\/04\/01141320\/BIM-VDC-Banner_1500x600.jpg\" class=\"attachment-banner-size size-banner-size\" alt=\"Un ouvrier du b\u00e2timent portant un casque et des gants utilise une tablette pour visualiser des plans num\u00e9riques, superposant des diagrammes virtuels sur des panneaux \u00e9lectriques dans un environnement industriel.\" sizes=\"auto, 100vw\" \/>\t<\/div>\n<\/div>\n\n\n<div style=\"height:100px\" aria-hidden=\"true\" class=\"wp-block-spacer is-style-entry-space\"><\/div>\n\n\n<div class=\"breadcrumb-block wp-block-create-block-breadcrumb-block\">\n\t\t\t\t\t<nav class=\"breadcrumb\" aria-label=\"Fil d&#039;Ariane\">\n\t\t\t<ol class=\"breadcrumb-list\">\n\t\t\t\t\t\t\t\t\t<li class=\"breadcrumb-item\"><a href=\"https:\/\/bird.staging.gratisites.com\/fr\/\">Accueil<\/a><\/li>\t\t\t\t\t\t\t<\/ol>\n\t\t<\/nav>\n\t<\/div>\n\n\n<div style=\"height:30px\" aria-hidden=\"true\" class=\"wp-block-spacer\"><\/div>\n\n\n\n<div class=\"wp-block-group is-vertical is-layout-flex wp-container-core-group-is-layout-41fdfdc5 wp-block-group-is-layout-flex\">\n<h1 class=\"wp-block-heading has-text-align-left is-style-bird-h2\">Mod\u00e9lisation de l'information sur les b\u00e2timents\/<br>Conception et construction virtuelles<\/h1>\n\n\n\n<div class=\"wp-block-columns gap: 100px; is-style-card-column is-layout-flex wp-container-core-columns-is-layout-28f84493 wp-block-columns-is-layout-flex\">\n<div class=\"wp-block-column is-vertically-aligned-top is-layout-flow wp-block-column-is-layout-flow\">\n<p class=\"is-style-callout-paragraph\">Nous tirons parti de la technologie pour mener \u00e0 bien votre projet avec une plus grande certitude quant \u00e0 l'intention de la conception, \u00e0 l'estimation et au calendrier.<\/p>\n\n\n\n<p class=\"has-text-align-left is-style-bird-body\">Chez Bird, nous utilisons la mod\u00e9lisation des donn\u00e9es du b\u00e2timent (BIM) et la conception et la construction virtuelles (VDC) comme un processus int\u00e9gr\u00e9 qui contient toutes les informations intelligentes d'une structure dans un mod\u00e8le unique d\u00e9di\u00e9 qui vous permet de visualiser le site de construction et d'optimiser le calendrier de construction.<\/p>\n\n\n\n<p class=\"has-text-align-left is-style-bird-body\">Cela permet de r\u00e9duire les risques li\u00e9s au projet, les demandes d'information et les ordres de modification sur le site, ce qui se traduit par une exp\u00e9rience plus harmonieuse du projet. Nous sommes en mesure d'\u00e9valuer les composants d'un b\u00e2timent tout au long de son cycle de vie, de la conception \u00e0 l'occupation, en soutenant les phases de conception, les co\u00fbts de construction, la gestion de projet et la gestion des installations.<\/p>\n<\/div>\n\n\n\n<div class=\"wp-block-column is-layout-flow wp-block-column-is-layout-flow\" style=\"flex-basis:40%\">\n<figure class=\"wp-block-image size-full is-style-image-shadow-right\"><img loading=\"lazy\" decoding=\"async\" width=\"750\" height=\"1000\" src=\"https:\/\/cdn.bird.ca\/2025\/05\/05171203\/what-we-do-technology.jpg\" alt=\"Deux ouvriers du b\u00e2timent, v\u00eatus de gilets de s\u00e9curit\u00e9 et de casques, utilisent un drone sur un chantier. L&#039;un est debout, les bras crois\u00e9s, tandis que l&#039;autre, agenouill\u00e9, pr\u00e9pare le drone sur une rampe de lancement rouge. Des b\u00e2timents et des \u00e9quipements sont visibles \u00e0 l&#039;arri\u00e8re-plan.\" class=\"wp-image-7100\"\/><\/figure>\n<\/div>\n<\/div>\n<\/div>\n\n\n\n<div style=\"height:100px\" aria-hidden=\"true\" class=\"wp-block-spacer is-style-entry-space\"><\/div>\n\n\n\n<h2 class=\"wp-block-heading\" id=\"h-explore-our-bim-vdc-projects\">D\u00e9couvrez nos projets BIM\/VDC<\/h2>\n\n\n<div class=\"post-list-filters-block wp-block-create-block-post-list-filters\"\tdata-post-type=\"projects\" data-button-taxonomy=\"service\"\n\tdata-button-parent-term=\"172\">\n\t<div class=\"filtered-posts\"><div class=\"post-grid\"><p>Chargement des projets...<\/p><\/div><\/div><\/div>\n\n\n<div style=\"height:100px\" aria-hidden=\"true\" class=\"wp-block-spacer is-style-entry-space\"><\/div>","protected":false},"excerpt":{"rendered":"<p>Mod\u00e9lisation des donn\u00e9es du b\u00e2timent\/Conception et construction virtuelles Nous tirons parti de la technologie pour r\u00e9aliser votre projet avec une plus grande certitude en ce qui concerne l'intention de la conception, l'estimation et le calendrier. Chez Bird, nous utilisons la mod\u00e9lisation des donn\u00e9es du b\u00e2timent (BIM) et la conception et la construction virtuelles (VDC) comme un processus int\u00e9gr\u00e9 qui contient toutes les informations intelligentes d'une structure dans un seul mod\u00e8le d\u00e9di\u00e9 qui permet [...]<\/p>","protected":false},"author":1,"featured_media":7070,"parent":18,"menu_order":0,"comment_status":"closed","ping_status":"closed","template":"","meta":{"_acf_changed":false,"footnotes":""},"class_list":["post-906","page","type-page","status-publish","has-post-thumbnail","hentry"],"acf":[],"yoast_head":"<!-- This site is optimized with the Yoast SEO Premium plugin v24.6 (Yoast SEO v26.6) - https:\/\/yoast.com\/wordpress\/plugins\/seo\/ -->\n<title>BIM\/VDC | Bird Construction<\/title>\n<meta name=\"description\" content=\"Building Information Modeling\/Virtual Design and Construction We leverage technology to deliver your project with greater certainty over design intent,\" \/>\n<meta name=\"robots\" content=\"index, follow, max-snippet:-1, max-image-preview:large, max-video-preview:-1\" \/>\n<link rel=\"canonical\" href=\"https:\/\/bird.staging.gratisites.com\/fr\/ce-que-nous-faisons\/bim-vdc\/\" \/>\n<meta property=\"og:locale\" content=\"fr_CA\" \/>\n<meta property=\"og:type\" content=\"article\" \/>\n<meta property=\"og:title\" content=\"BIM\/VDC | Bird Construction\" \/>\n<meta property=\"og:description\" content=\"Bird Construction has been providing construction services to a long list of new and repeat clients since 1920.\" \/>\n<meta property=\"og:url\" content=\"https:\/\/bird.staging.gratisites.com\/fr\/ce-que-nous-faisons\/bim-vdc\/\" \/>\n<meta property=\"og:site_name\" content=\"Bird Construction\" \/>\n<meta property=\"article:publisher\" content=\"https:\/\/www.facebook.com\/people\/Bird-Construction-Inc\/100064108594609\/\" \/>\n<meta property=\"article:modified_time\" content=\"2025-06-17T19:02:54+00:00\" \/>\n<meta property=\"og:image\" content=\"https:\/\/cdn.bird.ca\/2025\/04\/01141320\/BIM-VDC-Banner_1500x600.jpg\" \/>\n\t<meta property=\"og:image:width\" content=\"1500\" \/>\n\t<meta property=\"og:image:height\" content=\"600\" \/>\n\t<meta property=\"og:image:type\" content=\"image\/jpeg\" \/>\n<meta name=\"twitter:card\" content=\"summary_large_image\" \/>\n<meta name=\"twitter:label1\" content=\"Estimation du temps de lecture\" \/>\n\t<meta name=\"twitter:data1\" content=\"1 minute\" \/>\n<script type=\"application\/ld+json\" class=\"yoast-schema-graph\">{\"@context\":\"https:\/\/schema.org\",\"@graph\":[{\"@type\":\"WebPage\",\"@id\":\"https:\/\/bird.staging.gratisites.com\/what-we-do\/bim-vdc\/\",\"url\":\"https:\/\/bird.staging.gratisites.com\/what-we-do\/bim-vdc\/\",\"name\":\"BIM\/VDC | Bird Construction\",\"isPartOf\":{\"@id\":\"https:\/\/bird.staging.gratisites.com\/#website\"},\"primaryImageOfPage\":{\"@id\":\"https:\/\/bird.staging.gratisites.com\/what-we-do\/bim-vdc\/#primaryimage\"},\"image\":{\"@id\":\"https:\/\/bird.staging.gratisites.com\/what-we-do\/bim-vdc\/#primaryimage\"},\"thumbnailUrl\":\"https:\/\/cdn.bird.ca\/2025\/04\/01141320\/BIM-VDC-Banner_1500x600.jpg\",\"datePublished\":\"2025-02-04T16:15:55+00:00\",\"dateModified\":\"2025-06-17T19:02:54+00:00\",\"description\":\"Building Information Modeling\/Virtual Design and Construction We leverage technology to deliver your project with greater certainty over design intent,\",\"breadcrumb\":{\"@id\":\"https:\/\/bird.staging.gratisites.com\/what-we-do\/bim-vdc\/#breadcrumb\"},\"inLanguage\":\"fr-CA\",\"potentialAction\":[{\"@type\":\"ReadAction\",\"target\":[\"https:\/\/bird.staging.gratisites.com\/what-we-do\/bim-vdc\/\"]}]},{\"@type\":\"ImageObject\",\"inLanguage\":\"fr-CA\",\"@id\":\"https:\/\/bird.staging.gratisites.com\/what-we-do\/bim-vdc\/#primaryimage\",\"url\":\"https:\/\/cdn.bird.ca\/2025\/04\/01141320\/BIM-VDC-Banner_1500x600.jpg\",\"contentUrl\":\"https:\/\/cdn.bird.ca\/2025\/04\/01141320\/BIM-VDC-Banner_1500x600.jpg\",\"width\":1500,\"height\":600,\"caption\":\"A construction worker wearing a hard hat and gloves uses a tablet to view digital plans, overlaying virtual diagrams onto electrical panels in an industrial setting.\"},{\"@type\":\"BreadcrumbList\",\"@id\":\"https:\/\/bird.staging.gratisites.com\/what-we-do\/bim-vdc\/#breadcrumb\",\"itemListElement\":[{\"@type\":\"ListItem\",\"position\":1,\"name\":\"Home\",\"item\":\"https:\/\/bird.staging.gratisites.com\/\"},{\"@type\":\"ListItem\",\"position\":2,\"name\":\"What We Do\",\"item\":\"https:\/\/bird.staging.gratisites.com\/what-we-do\/\"},{\"@type\":\"ListItem\",\"position\":3,\"name\":\"BIM\/VDC\"}]},{\"@type\":\"WebSite\",\"@id\":\"https:\/\/bird.staging.gratisites.com\/#website\",\"url\":\"https:\/\/bird.staging.gratisites.com\/\",\"name\":\"Bird Construction\",\"description\":\"\",\"publisher\":{\"@id\":\"https:\/\/bird.staging.gratisites.com\/#organization\"},\"potentialAction\":[{\"@type\":\"SearchAction\",\"target\":{\"@type\":\"EntryPoint\",\"urlTemplate\":\"https:\/\/bird.staging.gratisites.com\/?s={search_term_string}\"},\"query-input\":{\"@type\":\"PropertyValueSpecification\",\"valueRequired\":true,\"valueName\":\"search_term_string\"}}],\"inLanguage\":\"fr-CA\"},{\"@type\":\"Organization\",\"@id\":\"https:\/\/bird.staging.gratisites.com\/#organization\",\"name\":\"Bird Construction\",\"url\":\"https:\/\/bird.staging.gratisites.com\/\",\"logo\":{\"@type\":\"ImageObject\",\"inLanguage\":\"fr-CA\",\"@id\":\"https:\/\/bird.staging.gratisites.com\/#\/schema\/logo\/image\/\",\"url\":\"https:\/\/cdn.bird.ca\/2025\/01\/20212041\/bird-logo-RGB-e1739411338652.png\",\"contentUrl\":\"https:\/\/cdn.bird.ca\/2025\/01\/20212041\/bird-logo-RGB-e1739411338652.png\",\"width\":865,\"height\":366,\"caption\":\"Bird Construction\"},\"image\":{\"@id\":\"https:\/\/bird.staging.gratisites.com\/#\/schema\/logo\/image\/\"},\"sameAs\":[\"https:\/\/www.facebook.com\/people\/Bird-Construction-Inc\/100064108594609\/\",\"https:\/\/www.instagram.com\/birdconstructioninc\/\",\"https:\/\/ca.linkedin.com\/company\/bird-construction-inc\"]}]}<\/script>\n<!-- \/ Yoast SEO Premium plugin. -->","yoast_head_json":{"title":"BIM\/VDC | Bird Construction","description":"Mod\u00e9lisation des donn\u00e9es du b\u00e2timent\/Conception et construction virtuelles Nous tirons parti de la technologie pour r\u00e9aliser votre projet avec une plus grande certitude quant \u00e0 l'intention de la conception,","robots":{"index":"index","follow":"follow","max-snippet":"max-snippet:-1","max-image-preview":"max-image-preview:large","max-video-preview":"max-video-preview:-1"},"canonical":"https:\/\/bird.staging.gratisites.com\/fr\/ce-que-nous-faisons\/bim-vdc\/","og_locale":"fr_CA","og_type":"article","og_title":"BIM\/VDC | Bird Construction","og_description":"Bird Construction has been providing construction services to a long list of new and repeat clients since 1920.","og_url":"https:\/\/bird.staging.gratisites.com\/fr\/ce-que-nous-faisons\/bim-vdc\/","og_site_name":"Bird Construction","article_publisher":"https:\/\/www.facebook.com\/people\/Bird-Construction-Inc\/100064108594609\/","article_modified_time":"2025-06-17T19:02:54+00:00","og_image":[{"width":1500,"height":600,"url":"https:\/\/cdn.bird.ca\/2025\/04\/01141320\/BIM-VDC-Banner_1500x600.jpg","type":"image\/jpeg"}],"twitter_card":"summary_large_image","twitter_misc":{"Estimation du temps de lecture":"1 minute"},"schema":{"@context":"https:\/\/schema.org","@graph":[{"@type":"WebPage","@id":"https:\/\/bird.staging.gratisites.com\/what-we-do\/bim-vdc\/","url":"https:\/\/bird.staging.gratisites.com\/what-we-do\/bim-vdc\/","name":"BIM\/VDC | Bird Construction","isPartOf":{"@id":"https:\/\/bird.staging.gratisites.com\/#website"},"primaryImageOfPage":{"@id":"https:\/\/bird.staging.gratisites.com\/what-we-do\/bim-vdc\/#primaryimage"},"image":{"@id":"https:\/\/bird.staging.gratisites.com\/what-we-do\/bim-vdc\/#primaryimage"},"thumbnailUrl":"https:\/\/cdn.bird.ca\/2025\/04\/01141320\/BIM-VDC-Banner_1500x600.jpg","datePublished":"2025-02-04T16:15:55+00:00","dateModified":"2025-06-17T19:02:54+00:00","description":"Mod\u00e9lisation des donn\u00e9es du b\u00e2timent\/Conception et construction virtuelles Nous tirons parti de la technologie pour r\u00e9aliser votre projet avec une plus grande certitude quant \u00e0 l'intention de la conception,","breadcrumb":{"@id":"https:\/\/bird.staging.gratisites.com\/what-we-do\/bim-vdc\/#breadcrumb"},"inLanguage":"fr-CA","potentialAction":[{"@type":"ReadAction","target":["https:\/\/bird.staging.gratisites.com\/what-we-do\/bim-vdc\/"]}]},{"@type":"ImageObject","inLanguage":"fr-CA","@id":"https:\/\/bird.staging.gratisites.com\/what-we-do\/bim-vdc\/#primaryimage","url":"https:\/\/cdn.bird.ca\/2025\/04\/01141320\/BIM-VDC-Banner_1500x600.jpg","contentUrl":"https:\/\/cdn.bird.ca\/2025\/04\/01141320\/BIM-VDC-Banner_1500x600.jpg","width":1500,"height":600,"caption":"A construction worker wearing a hard hat and gloves uses a tablet to view digital plans, overlaying virtual diagrams onto electrical panels in an industrial setting."},{"@type":"BreadcrumbList","@id":"https:\/\/bird.staging.gratisites.com\/what-we-do\/bim-vdc\/#breadcrumb","itemListElement":[{"@type":"ListItem","position":1,"name":"Home","item":"https:\/\/bird.staging.gratisites.com\/"},{"@type":"ListItem","position":2,"name":"What We Do","item":"https:\/\/bird.staging.gratisites.com\/what-we-do\/"},{"@type":"ListItem","position":3,"name":"BIM\/VDC"}]},{"@type":"WebSite","@id":"https:\/\/bird.staging.gratisites.com\/#website","url":"https:\/\/bird.staging.gratisites.com\/","name":"Bird Construction","description":"","publisher":{"@id":"https:\/\/bird.staging.gratisites.com\/#organization"},"potentialAction":[{"@type":"SearchAction","target":{"@type":"EntryPoint","urlTemplate":"https:\/\/bird.staging.gratisites.com\/?s={search_term_string}"},"query-input":{"@type":"PropertyValueSpecification","valueRequired":true,"valueName":"search_term_string"}}],"inLanguage":"fr-CA"},{"@type":"Organization","@id":"https:\/\/bird.staging.gratisites.com\/#organization","name":"Bird Construction","url":"https:\/\/bird.staging.gratisites.com\/","logo":{"@type":"ImageObject","inLanguage":"fr-CA","@id":"https:\/\/bird.staging.gratisites.com\/#\/schema\/logo\/image\/","url":"https:\/\/cdn.bird.ca\/2025\/01\/20212041\/bird-logo-RGB-e1739411338652.png","contentUrl":"https:\/\/cdn.bird.ca\/2025\/01\/20212041\/bird-logo-RGB-e1739411338652.png","width":865,"height":366,"caption":"Bird Construction"},"image":{"@id":"https:\/\/bird.staging.gratisites.com\/#\/schema\/logo\/image\/"},"sameAs":["https:\/\/www.facebook.com\/people\/Bird-Construction-Inc\/100064108594609\/","https:\/\/www.instagram.com\/birdconstructioninc\/","https:\/\/ca.linkedin.com\/company\/bird-construction-inc"]}]}},"_links":{"self":[{"href":"https:\/\/bird.staging.gratisites.com\/fr\/wp-json\/wp\/v2\/pages\/906","targetHints":{"allow":["GET"]}}],"collection":[{"href":"https:\/\/bird.staging.gratisites.com\/fr\/wp-json\/wp\/v2\/pages"}],"about":[{"href":"https:\/\/bird.staging.gratisites.com\/fr\/wp-json\/wp\/v2\/types\/page"}],"author":[{"embeddable":true,"href":"https:\/\/bird.staging.gratisites.com\/fr\/wp-json\/wp\/v2\/users\/1"}],"replies":[{"embeddable":true,"href":"https:\/\/bird.staging.gratisites.com\/fr\/wp-json\/wp\/v2\/comments?post=906"}],"version-history":[{"count":22,"href":"https:\/\/bird.staging.gratisites.com\/fr\/wp-json\/wp\/v2\/pages\/906\/revisions"}],"predecessor-version":[{"id":7114,"href":"https:\/\/bird.staging.gratisites.com\/fr\/wp-json\/wp\/v2\/pages\/906\/revisions\/7114"}],"up":[{"embeddable":true,"href":"https:\/\/bird.staging.gratisites.com\/fr\/wp-json\/wp\/v2\/pages\/18"}],"wp:featuredmedia":[{"embeddable":true,"href":"https:\/\/bird.staging.gratisites.com\/fr\/wp-json\/wp\/v2\/media\/7070"}],"wp:attachment":[{"href":"https:\/\/bird.staging.gratisites.com\/fr\/wp-json\/wp\/v2\/media?parent=906"}],"curies":[{"name":"wp","href":"https:\/\/api.w.org\/{rel}","templated":true}]}}