{"id":251,"date":"2025-01-28T23:55:20","date_gmt":"2025-01-28T23:55:20","guid":{"rendered":"https:\/\/bird.staging.gratisites.com\/?page_id=251"},"modified":"2025-08-07T14:29:18","modified_gmt":"2025-08-07T14:29:18","slug":"denonciateur-de-la-gouvernance","status":"publish","type":"page","link":"https:\/\/bird.staging.gratisites.com\/fr\/qui-nous-sommes\/denonciateur-de-la-gouvernance\/","title":{"rendered":"Gouvernance et d\u00e9nonciation"},"content":{"rendered":"<div class=\"wp-block-create-block-hero-static\">\n\t<div class=\"hero-banner\">\n\t\t<img loading=\"lazy\" decoding=\"async\" width=\"1500\" height=\"600\" src=\"https:\/\/cdn.bird.ca\/2025\/05\/05171201\/Governance-Banner-1500x600-Governance-1.jpg\" class=\"attachment-banner-size size-banner-size\" alt=\"Quatre ouvriers du b\u00e2timent portant des gilets de s\u00e9curit\u00e9, des casques et des gants se tiennent ensemble sur un chantier, souriant et tenant des papiers et un presse-papiers, avec des mat\u00e9riaux de construction et de l&#039;\u00e9quipement en arri\u00e8re-plan.\" sizes=\"auto, 100vw\" \/>\t<\/div>\n<\/div>\n\n\n<div style=\"height:100px\" aria-hidden=\"true\" class=\"wp-block-spacer is-style-entry-space\"><\/div>\n\n\n<div class=\"breadcrumb-block wp-block-create-block-breadcrumb-block\">\n\t\t\t\t\t<nav class=\"breadcrumb\" aria-label=\"Fil d&#039;Ariane\">\n\t\t\t<ol class=\"breadcrumb-list\">\n\t\t\t\t\t\t\t\t\t<li class=\"breadcrumb-item\"><a href=\"https:\/\/bird.staging.gratisites.com\/fr\/\">Accueil<\/a><\/li>\t\t\t\t\t\t\t<\/ol>\n\t\t<\/nav>\n\t<\/div>\n\n\n<div style=\"height:30px\" aria-hidden=\"true\" class=\"wp-block-spacer\"><\/div>\n\n\n\n<div class=\"wp-block-group is-vertical is-layout-flex wp-container-core-group-is-layout-41fdfdc5 wp-block-group-is-layout-flex\">\n<h1 class=\"wp-block-heading has-text-align-left\" id=\"h-corporate-governance-framework\">Cadre de gouvernance d'entreprise<\/h1>\n\n\n\n<div class=\"wp-block-columns is-layout-flex wp-container-core-columns-is-layout-f5a44f5b wp-block-columns-is-layout-flex\">\n<div class=\"wp-block-column is-layout-flow wp-block-column-is-layout-flow\">\n<div class=\"wp-block-group is-layout-constrained wp-container-core-group-is-layout-5a30f31b wp-block-group-is-layout-constrained\">\n<p class=\"has-text-align-left is-style-bird-body\" style=\"font-size:1rem\">Le conseil d'administration et la direction de Bird s'engagent \u00e0 mettre en place un cadre de gouvernance d'entreprise solide. Nos politiques et pratiques en mati\u00e8re de gouvernance d'entreprise visent \u00e0 garantir que les int\u00e9r\u00eats de nos parties prenantes sont au centre de toutes les d\u00e9cisions que nous prenons.<\/p>\n\n\n\n<ul class=\"wp-block-list\">\n<li>Une forte culture de l'\u00e9thique<\/li>\n\n\n\n<li>Reconnaissance des avantages de la promotion de la diversit\u00e9 au sein du conseil d'administration<\/li>\n\n\n\n<li>Politique de d\u00e9nonciation<\/li>\n\n\n\n<li>R\u00e9unions r\u00e9guli\u00e8res \u00e0 huis clos, en l'absence des agents et de la direction<\/li>\n\n\n\n<li>\u00c9valuations r\u00e9guli\u00e8res des performances<\/li>\n<\/ul>\n\n\n\n<p>Nos principaux documents de gouvernance d'entreprise sont accessibles via les liens suivants :<\/p>\n\n\n\n<div class=\"wp-block-group is-layout-constrained wp-container-core-group-is-layout-19e250f3 wp-block-group-is-layout-constrained\">\n<p class=\"is-style-bird-body has-primary-color has-text-color has-link-color wp-elements-9abb158d89b56f835f9006fff38411f3\"><a href=\"https:\/\/cdn.bird.ca\/2025\/02\/20211444\/articles-bird-construction-inc.pdf\" data-type=\"attachment\" data-id=\"2571\" aria-label=\"T\u00e9l\u00e9charger les statuts au format PDF\">Statuts de la soci\u00e9t\u00e9<\/a><\/p>\n\n\n\n<p class=\"is-style-default has-primary-color has-text-color has-link-color wp-elements-401fe143a62342721a09ef5cd547c5ea\"><a href=\"https:\/\/cdn.bird.ca\/2025\/02\/22145259\/Audit-Committee-Charter-Approved-Nov-12-2025.pdf\" data-type=\"attachment\" data-id=\"2572\" aria-label=\"T\u00e9l\u00e9charger la charte du comit\u00e9 d&#039;audit au format PDF\">Charte du comit\u00e9 d'audit<\/a><\/p>\n\n\n\n<p class=\"is-style-bird-body has-primary-color has-text-color has-link-color wp-elements-59bf977c7cc269d9c7bf9bebfbd68a1d\"><a href=\"https:\/\/cdn.bird.ca\/2025\/02\/22144923\/Human-Resources-and-Governace-Charter-Approved-Nov-12-2025.pdf\" data-type=\"attachment\" data-id=\"2579\" aria-label=\"T\u00e9l\u00e9charger la charte du comit\u00e9 des ressources humaines et de la gouvernance au format PDF\">Charte du comit\u00e9 des ressources humaines et de la gouvernance<\/a><\/p>\n\n\n\n<p class=\"is-style-default has-primary-color has-text-color has-link-color wp-elements-86eb2f68e185ac0fbcfc96d92a1ae5dd\"><a href=\"https:\/\/cdn.bird.ca\/2025\/02\/22145457\/Health-Safety-and-Enviromental-Committee-Charter-Approved-Nov-12-2025.pdf\" data-type=\"attachment\" data-id=\"2578\" aria-label=\"T\u00e9l\u00e9charger la charte du comit\u00e9 sant\u00e9, s\u00e9curit\u00e9 et environnement au format PDF\">Charte du comit\u00e9 de la sant\u00e9, de la s\u00e9curit\u00e9 et de l'environnement<\/a><\/p>\n\n\n\n<p class=\"is-style-bird-body has-primary-color has-text-color has-link-color wp-elements-94aec0df9b7f6084acbd4495e899f4e0\"><a href=\"https:\/\/cdn.bird.ca\/2025\/02\/20211431\/bylaws-1-3-bird-construction-inc.pdf\" data-type=\"attachment\" data-id=\"2575\" aria-label=\"T\u00e9l\u00e9charger les statuts 1,2,3 au format PDF\">Statuts 1,2,3<\/a><\/p>\n\n\n\n<p class=\"is-style-bird-body has-primary-color has-text-color has-link-color wp-elements-eb9b810073fffd4b4f6481ea77ab2333\"><a href=\"https:\/\/cdn.bird.ca\/2025\/02\/20211420\/majority-voting-policy-bird-construction-inc.pdf\" data-type=\"attachment\" data-id=\"2581\" aria-label=\"T\u00e9l\u00e9charger la politique de vote \u00e0 la majorit\u00e9 au format PDF\">Politique de vote \u00e0 la majorit\u00e9<\/a><\/p>\n\n\n\n<p class=\"is-style-bird-body has-primary-color has-text-color has-link-color wp-elements-03b09238fc8e00834fb093a6828b2f16\"><a href=\"https:\/\/cdn.bird.ca\/2025\/02\/22145126\/Mandate-of-the-Board-of-Directors-and-Corporate-Governance-Guidelines-Approved-Nov-12-2025.pdf\" data-type=\"attachment\" data-id=\"2582\" aria-label=\"T\u00e9l\u00e9charger le mandat du conseil d&#039;administration et les lignes directrices en mati\u00e8re de gouvernance d&#039;entreprise au format PDF\">Mandat du conseil d'administration et lignes directrices en mati\u00e8re de gouvernance d'entreprise<\/a><\/p>\n\n\n\n<p class=\"is-style-bird-body has-primary-color has-text-color has-link-color wp-elements-200c8a1e900ebbfa54e17b9f357af725\"><a href=\"https:\/\/cdn.bird.ca\/2025\/02\/20211439\/board-diversity-policy.pdf\" data-type=\"attachment\" data-id=\"2573\" aria-label=\"T\u00e9l\u00e9charger la politique de diversit\u00e9 du conseil d&#039;administration au format PDF\">Politique de diversit\u00e9 du conseil d'administration<\/a><\/p>\n\n\n\n<p class=\"is-style-bird-body has-primary-color has-text-color has-link-color wp-elements-6b3741b3b5ed08b5dcc6bbf4b790d713\"><a href=\"https:\/\/cdn.bird.ca\/2025\/02\/20211426\/employee-code-of-ethics-v2021-01-25.pdf\" data-type=\"attachment\" data-id=\"2577\" aria-label=\"T\u00e9l\u00e9charger le code de d\u00e9ontologie des employ\u00e9s au format PDF\">Code de d\u00e9ontologie des employ\u00e9s<\/a><\/p>\n\n\n\n<p class=\"is-style-bird-body has-primary-color has-text-color has-link-color wp-elements-92d531aa28d6b54f95ad6d8e725680f3\"><a href=\"https:\/\/cdn.bird.ca\/2025\/09\/19170312\/Whistleblower-Policy-v2024-08-07-Final-updated-FRENCH.pdf\" data-type=\"attachment\" data-id=\"2583\" aria-label=\"T\u00e9l\u00e9charger la politique de d\u00e9nonciation au format PDF\">Politique de d\u00e9nonciation<\/a><\/p>\n\n\n\n<p class=\"is-style-bird-body has-primary-color has-text-color has-link-color wp-elements-a7fccdb6669632d5d3d8ca3a7e2fb285\"><a href=\"https:\/\/cdn.bird.ca\/2025\/02\/20211422\/human-rights-policy_may-2023.pdf\" data-type=\"attachment\" data-id=\"2580\" aria-label=\"T\u00e9l\u00e9charger la politique des droits de l&#039;homme au format PDF\">Politique des droits de l'homme<\/a><\/p>\n\n\n\n<p class=\"is-style-bird-body has-primary-color has-text-color has-link-color wp-elements-9208d2496ac9651f8406fb43a193190d\"><a href=\"https:\/\/cdn.bird.ca\/2025\/02\/20211454\/anti-bribery-and-anti-corruption-policy-08-08-22.pdf\" data-type=\"attachment\" data-id=\"2570\" aria-label=\"T\u00e9l\u00e9charger la politique de lutte contre la corruption au format PDF\">Politique de lutte contre la corruption<\/a><\/p>\n\n\n\n<p class=\"is-style-bird-body has-primary-color has-text-color has-link-color wp-elements-eb1fe9adf6b6dc95af2f558ecd97b46b\"><a aria-label=\"T\u00e9l\u00e9charger le rapport sur le travail forc\u00e9 et le travail des enfants au format PDF\" href=\"https:\/\/cdn.bird.ca\/2025\/05\/23175312\/Bird_Child-and-Forced-Labour-Report-2024.pdf\">Rapport sur le travail forc\u00e9 et le travail des enfants<\/a><\/p>\n<\/div>\n<\/div>\n<\/div>\n\n\n\n<div class=\"wp-block-column is-layout-flow wp-block-column-is-layout-flow\" style=\"flex-basis:22%\">\n<div class=\"wp-block-group has-light-background-color has-background is-layout-constrained wp-container-core-group-is-layout-6177d305 wp-block-group-is-layout-constrained\" style=\"padding-top:var(--wp--preset--spacing--70);padding-right:var(--wp--preset--spacing--40);padding-bottom:var(--wp--preset--spacing--70);padding-left:var(--wp--preset--spacing--40)\">\n<div class=\"wp-block-group is-layout-constrained wp-container-core-group-is-layout-92b9201d wp-block-group-is-layout-constrained\">\n<h2 class=\"wp-block-heading has-text-align-center is-style-big-text has-primary-color has-text-color has-link-color wp-elements-b43e195563906a2c889bb14b29e94097\" id=\"h-91\" style=\"font-size:1rem\">91%<\/h2>\n\n\n\n<p class=\"has-text-align-center is-style-bold-green\">Membres ind\u00e9pendants du conseil d'administration<\/p>\n<\/div>\n\n\n\n<hr class=\"wp-block-separator has-text-color has-secondary-color has-alpha-channel-opacity has-secondary-background-color has-background\" style=\"margin-top:var(--wp--preset--spacing--40);margin-bottom:var(--wp--preset--spacing--40)\"\/>\n\n\n\n<div class=\"wp-block-group is-layout-constrained wp-container-core-group-is-layout-92b9201d wp-block-group-is-layout-constrained\">\n<h2 class=\"wp-block-heading has-text-align-center is-style-big-text has-primary-color has-text-color has-link-color wp-elements-88347358e68f90ed53377794b77a8fef\" id=\"h-27\" style=\"font-size:1rem\">27%<\/h2>\n\n\n\n<p class=\"has-text-align-center is-style-bold-green\">Les directeurs de Bird sont des femmes<\/p>\n<\/div>\n<\/div>\n<\/div>\n<\/div>\n<\/div>\n\n\n\n<div style=\"height:100px\" aria-hidden=\"true\" class=\"wp-block-spacer is-style-entry-space\"><\/div>\n\n\n\n<div class=\"wp-block-group is-vertical is-layout-flex wp-container-core-group-is-layout-41fdfdc5 wp-block-group-is-layout-flex\">\n<h1 class=\"wp-block-heading has-text-align-left\" id=\"h-whistleblower-policy-and-ethics-hotline\">Politique de d\u00e9nonciation et ligne d'assistance \u00e9thique<\/h1>\n\n\n\n<div class=\"wp-block-group is-layout-constrained wp-container-core-group-is-layout-5a30f31b wp-block-group-is-layout-constrained\">\n<p class=\"has-text-align-left is-style-default\">Chez Bird, nous nous engageons \u00e0 respecter les plus hauts niveaux d'\u00e9thique et d'int\u00e9grit\u00e9 dans la conduite de nos affaires, y compris dans le cadre de notre politique d'entreprise. <a href=\"http:\/\/birdconstruction.ethicspoint.com\/\" class=\"\" target=\"_blank\" rel=\"noreferrer noopener\">Code de d\u00e9ontologie<\/a>.<\/p>\n\n\n\n<p class=\"has-text-align-left is-style-default\">Chaque employ\u00e9 et chaque partie prenante de Bird joue un r\u00f4le dans le maintien des normes \u00e9thiques de Bird et dans la garantie que les activit\u00e9s et la r\u00e9putation de Bird restent celles d'un travail de qualit\u00e9 et d'op\u00e9rations dignes de confiance. Pour soutenir les normes \u00e9thiques et le code d'\u00e9thique de Bird, l'organisation a mis en place un syst\u00e8me de gestion de l'\u00e9thique et de la d\u00e9ontologie. <strong>Politique de d\u00e9nonciation <\/strong>et <strong><em>Ligne d'assistance \u00e9thique<\/em> <\/strong>pour les parties prenantes de signaler les comportements qui ne sont pas conformes au code d'\u00e9thique de Bird.<\/p>\n\n\n\n<div class=\"wp-block-buttons is-style-bird-outline is-vertical is-content-justification-left is-nowrap is-layout-flex wp-container-core-buttons-is-layout-10a500e5 wp-block-buttons-is-layout-flex\">\n<div class=\"wp-block-button is-style-bird-outline\"><a class=\"wp-block-button__link wp-element-button\" href=\"https:\/\/cdn.bird.ca\/2025\/09\/19170312\/Whistleblower-Policy-v2024-08-07-Final-updated-FRENCH.pdf\" aria-label=\"T\u00e9l\u00e9charger le d\u00e9nonciateur d&#039;oiseaux au format PDF\">Politique de d\u00e9nonciation de Bird<\/a><\/div>\n\n\n\n<div class=\"wp-block-button\"><a class=\"wp-block-button__link wp-element-button\" href=\"https:\/\/cdn.bird.ca\/2025\/02\/06173958\/business-conduct-and-ethics-expectations-for-supplier-s-and-subcontractor-s-2023.pdf\" aria-label=\"T\u00e9l\u00e9charger le code de conduite de la cha\u00eene d&#039;approvisionnement au format PDF\">Code de conduite de la cha\u00eene d'approvisionnement<\/a><\/div>\n<\/div>\n\n\n\n<p class=\"is-style-default\">La politique de d\u00e9nonciation de Bird d\u00e9crit comment les parties prenantes de Bird peuvent, en toute s\u00e9curit\u00e9, exprimer leurs inqui\u00e9tudes quant \u00e0 une conduite ou un comportement contraire \u00e0 l'\u00e9thique. Les signalements peuvent \u00eatre effectu\u00e9s par diff\u00e9rents canaux, notamment par l'interm\u00e9diaire du site Web de Bird. <em>Ligne d'assistance \u00e9thique, <\/em>qui est disponible 24 heures sur 24, 7 jours sur 7, et qui est surveill\u00e9e par une organisation tierce ind\u00e9pendante sp\u00e9cialis\u00e9e dans le soutien aux politiques de d\u00e9nonciation et aux rapports sur l'\u00e9thique.<\/p>\n\n\n\n<p class=\"is-style-default\">Pour signaler un probl\u00e8me de mani\u00e8re anonyme dans le cadre de la politique de d\u00e9nonciation de Bird, consultez notre site Internet ind\u00e9pendant et tiers. <a href=\"http:\/\/birdconstruction.ethicspoint.com\/\" target=\"_blank\" rel=\"noreferrer noopener\"><em>Ligne d'assistance \u00e9thique<\/em><\/a><em>.<\/em><\/p>\n<\/div>\n<\/div>\n\n\n\n<div style=\"height:100px\" aria-hidden=\"true\" class=\"wp-block-spacer is-style-entry-space\"><\/div>","protected":false},"excerpt":{"rendered":"<p>Cadre de gouvernance d'entreprise Le conseil d'administration et la direction de Bird s'engagent \u00e0 mettre en place un cadre de gouvernance d'entreprise solide. Nos politiques et pratiques en mati\u00e8re de gouvernance d'entreprise visent \u00e0 garantir que les int\u00e9r\u00eats de nos parties prenantes sont au centre de toutes les d\u00e9cisions que nous prenons. Nos principaux documents de gouvernance d'entreprise peuvent \u00eatre consult\u00e9s \u00e0 l'adresse suivante [...]<\/p>","protected":false},"author":1,"featured_media":7133,"parent":16,"menu_order":0,"comment_status":"closed","ping_status":"closed","template":"","meta":{"_acf_changed":false,"footnotes":""},"class_list":["post-251","page","type-page","status-publish","has-post-thumbnail","hentry"],"acf":[],"yoast_head":"<!-- This site is optimized with the Yoast SEO Premium plugin v24.6 (Yoast SEO v26.6) - https:\/\/yoast.com\/wordpress\/plugins\/seo\/ -->\n<title>Governance &amp; Whistleblower | Bird Construction<\/title>\n<meta name=\"description\" content=\"Corporate Governance Framework The Board of Directors and the management of Bird are committed to a strong corporate governance framework. Our corporate\" \/>\n<meta name=\"robots\" content=\"index, follow, max-snippet:-1, max-image-preview:large, max-video-preview:-1\" \/>\n<link rel=\"canonical\" href=\"https:\/\/bird.staging.gratisites.com\/fr\/qui-nous-sommes\/denonciateur-de-la-gouvernance\/\" \/>\n<meta property=\"og:locale\" content=\"fr_CA\" \/>\n<meta property=\"og:type\" content=\"article\" \/>\n<meta property=\"og:title\" content=\"Governance &amp; Whistleblower | Bird Construction\" \/>\n<meta property=\"og:description\" content=\"Bird Construction has been providing construction services to a long list of new and repeat clients since 1920.\" \/>\n<meta property=\"og:url\" content=\"https:\/\/bird.staging.gratisites.com\/fr\/qui-nous-sommes\/denonciateur-de-la-gouvernance\/\" \/>\n<meta property=\"og:site_name\" content=\"Bird Construction\" \/>\n<meta property=\"article:publisher\" content=\"https:\/\/www.facebook.com\/people\/Bird-Construction-Inc\/100064108594609\/\" \/>\n<meta property=\"article:modified_time\" content=\"2025-08-07T14:29:18+00:00\" \/>\n<meta property=\"og:image\" content=\"https:\/\/cdn.bird.ca\/2025\/05\/05171201\/Governance-Banner-1500x600-Governance-1.jpg\" \/>\n\t<meta property=\"og:image:width\" content=\"1500\" \/>\n\t<meta property=\"og:image:height\" content=\"600\" \/>\n\t<meta property=\"og:image:type\" content=\"image\/jpeg\" \/>\n<meta name=\"twitter:card\" content=\"summary_large_image\" \/>\n<meta name=\"twitter:label1\" content=\"Estimation du temps de lecture\" \/>\n\t<meta name=\"twitter:data1\" content=\"2 minutes\" \/>\n<script type=\"application\/ld+json\" class=\"yoast-schema-graph\">{\"@context\":\"https:\/\/schema.org\",\"@graph\":[{\"@type\":\"WebPage\",\"@id\":\"https:\/\/bird.staging.gratisites.com\/who-we-are\/governance-whistleblower\/\",\"url\":\"https:\/\/bird.staging.gratisites.com\/who-we-are\/governance-whistleblower\/\",\"name\":\"Governance &amp; Whistleblower | Bird Construction\",\"isPartOf\":{\"@id\":\"https:\/\/bird.staging.gratisites.com\/#website\"},\"primaryImageOfPage\":{\"@id\":\"https:\/\/bird.staging.gratisites.com\/who-we-are\/governance-whistleblower\/#primaryimage\"},\"image\":{\"@id\":\"https:\/\/bird.staging.gratisites.com\/who-we-are\/governance-whistleblower\/#primaryimage\"},\"thumbnailUrl\":\"https:\/\/cdn.bird.ca\/2025\/05\/05171201\/Governance-Banner-1500x600-Governance-1.jpg\",\"datePublished\":\"2025-01-28T23:55:20+00:00\",\"dateModified\":\"2025-08-07T14:29:18+00:00\",\"description\":\"Corporate Governance Framework The Board of Directors and the management of Bird are committed to a strong corporate governance framework. Our corporate\",\"breadcrumb\":{\"@id\":\"https:\/\/bird.staging.gratisites.com\/who-we-are\/governance-whistleblower\/#breadcrumb\"},\"inLanguage\":\"fr-CA\",\"potentialAction\":[{\"@type\":\"ReadAction\",\"target\":[\"https:\/\/bird.staging.gratisites.com\/who-we-are\/governance-whistleblower\/\"]}]},{\"@type\":\"ImageObject\",\"inLanguage\":\"fr-CA\",\"@id\":\"https:\/\/bird.staging.gratisites.com\/who-we-are\/governance-whistleblower\/#primaryimage\",\"url\":\"https:\/\/cdn.bird.ca\/2025\/05\/05171201\/Governance-Banner-1500x600-Governance-1.jpg\",\"contentUrl\":\"https:\/\/cdn.bird.ca\/2025\/05\/05171201\/Governance-Banner-1500x600-Governance-1.jpg\",\"width\":1500,\"height\":600,\"caption\":\"Four construction workers wearing safety vests, helmets, and gloves stand together at a construction site, smiling and holding papers and a clipboard, with building materials and equipment in the background.\"},{\"@type\":\"BreadcrumbList\",\"@id\":\"https:\/\/bird.staging.gratisites.com\/who-we-are\/governance-whistleblower\/#breadcrumb\",\"itemListElement\":[{\"@type\":\"ListItem\",\"position\":1,\"name\":\"Home\",\"item\":\"https:\/\/bird.staging.gratisites.com\/\"},{\"@type\":\"ListItem\",\"position\":2,\"name\":\"Who We Are\",\"item\":\"https:\/\/bird.staging.gratisites.com\/who-we-are\/\"},{\"@type\":\"ListItem\",\"position\":3,\"name\":\"Governance &amp; Whistleblower\"}]},{\"@type\":\"WebSite\",\"@id\":\"https:\/\/bird.staging.gratisites.com\/#website\",\"url\":\"https:\/\/bird.staging.gratisites.com\/\",\"name\":\"Bird Construction\",\"description\":\"\",\"publisher\":{\"@id\":\"https:\/\/bird.staging.gratisites.com\/#organization\"},\"potentialAction\":[{\"@type\":\"SearchAction\",\"target\":{\"@type\":\"EntryPoint\",\"urlTemplate\":\"https:\/\/bird.staging.gratisites.com\/?s={search_term_string}\"},\"query-input\":{\"@type\":\"PropertyValueSpecification\",\"valueRequired\":true,\"valueName\":\"search_term_string\"}}],\"inLanguage\":\"fr-CA\"},{\"@type\":\"Organization\",\"@id\":\"https:\/\/bird.staging.gratisites.com\/#organization\",\"name\":\"Bird Construction\",\"url\":\"https:\/\/bird.staging.gratisites.com\/\",\"logo\":{\"@type\":\"ImageObject\",\"inLanguage\":\"fr-CA\",\"@id\":\"https:\/\/bird.staging.gratisites.com\/#\/schema\/logo\/image\/\",\"url\":\"https:\/\/cdn.bird.ca\/2025\/01\/20212041\/bird-logo-RGB-e1739411338652.png\",\"contentUrl\":\"https:\/\/cdn.bird.ca\/2025\/01\/20212041\/bird-logo-RGB-e1739411338652.png\",\"width\":865,\"height\":366,\"caption\":\"Bird Construction\"},\"image\":{\"@id\":\"https:\/\/bird.staging.gratisites.com\/#\/schema\/logo\/image\/\"},\"sameAs\":[\"https:\/\/www.facebook.com\/people\/Bird-Construction-Inc\/100064108594609\/\",\"https:\/\/www.instagram.com\/birdconstructioninc\/\",\"https:\/\/ca.linkedin.com\/company\/bird-construction-inc\"]}]}<\/script>\n<!-- \/ Yoast SEO Premium plugin. -->","yoast_head_json":{"title":"Gouvernance et d\u00e9nonciation | Bird Construction","description":"Cadre de gouvernance d'entreprise Le conseil d'administration et la direction de Bird s'engagent \u00e0 mettre en place un cadre de gouvernance d'entreprise solide. Notre cadre de gouvernance d'entreprise","robots":{"index":"index","follow":"follow","max-snippet":"max-snippet:-1","max-image-preview":"max-image-preview:large","max-video-preview":"max-video-preview:-1"},"canonical":"https:\/\/bird.staging.gratisites.com\/fr\/qui-nous-sommes\/denonciateur-de-la-gouvernance\/","og_locale":"fr_CA","og_type":"article","og_title":"Governance &amp; Whistleblower | Bird Construction","og_description":"Bird Construction has been providing construction services to a long list of new and repeat clients since 1920.","og_url":"https:\/\/bird.staging.gratisites.com\/fr\/qui-nous-sommes\/denonciateur-de-la-gouvernance\/","og_site_name":"Bird Construction","article_publisher":"https:\/\/www.facebook.com\/people\/Bird-Construction-Inc\/100064108594609\/","article_modified_time":"2025-08-07T14:29:18+00:00","og_image":[{"width":1500,"height":600,"url":"https:\/\/cdn.bird.ca\/2025\/05\/05171201\/Governance-Banner-1500x600-Governance-1.jpg","type":"image\/jpeg"}],"twitter_card":"summary_large_image","twitter_misc":{"Estimation du temps de lecture":"2 minutes"},"schema":{"@context":"https:\/\/schema.org","@graph":[{"@type":"WebPage","@id":"https:\/\/bird.staging.gratisites.com\/who-we-are\/governance-whistleblower\/","url":"https:\/\/bird.staging.gratisites.com\/who-we-are\/governance-whistleblower\/","name":"Gouvernance et d\u00e9nonciation | Bird Construction","isPartOf":{"@id":"https:\/\/bird.staging.gratisites.com\/#website"},"primaryImageOfPage":{"@id":"https:\/\/bird.staging.gratisites.com\/who-we-are\/governance-whistleblower\/#primaryimage"},"image":{"@id":"https:\/\/bird.staging.gratisites.com\/who-we-are\/governance-whistleblower\/#primaryimage"},"thumbnailUrl":"https:\/\/cdn.bird.ca\/2025\/05\/05171201\/Governance-Banner-1500x600-Governance-1.jpg","datePublished":"2025-01-28T23:55:20+00:00","dateModified":"2025-08-07T14:29:18+00:00","description":"Cadre de gouvernance d'entreprise Le conseil d'administration et la direction de Bird s'engagent \u00e0 mettre en place un cadre de gouvernance d'entreprise solide. Notre cadre de gouvernance d'entreprise","breadcrumb":{"@id":"https:\/\/bird.staging.gratisites.com\/who-we-are\/governance-whistleblower\/#breadcrumb"},"inLanguage":"fr-CA","potentialAction":[{"@type":"ReadAction","target":["https:\/\/bird.staging.gratisites.com\/who-we-are\/governance-whistleblower\/"]}]},{"@type":"ImageObject","inLanguage":"fr-CA","@id":"https:\/\/bird.staging.gratisites.com\/who-we-are\/governance-whistleblower\/#primaryimage","url":"https:\/\/cdn.bird.ca\/2025\/05\/05171201\/Governance-Banner-1500x600-Governance-1.jpg","contentUrl":"https:\/\/cdn.bird.ca\/2025\/05\/05171201\/Governance-Banner-1500x600-Governance-1.jpg","width":1500,"height":600,"caption":"Four construction workers wearing safety vests, helmets, and gloves stand together at a construction site, smiling and holding papers and a clipboard, with building materials and equipment in the background."},{"@type":"BreadcrumbList","@id":"https:\/\/bird.staging.gratisites.com\/who-we-are\/governance-whistleblower\/#breadcrumb","itemListElement":[{"@type":"ListItem","position":1,"name":"Home","item":"https:\/\/bird.staging.gratisites.com\/"},{"@type":"ListItem","position":2,"name":"Who We Are","item":"https:\/\/bird.staging.gratisites.com\/who-we-are\/"},{"@type":"ListItem","position":3,"name":"Governance &amp; Whistleblower"}]},{"@type":"WebSite","@id":"https:\/\/bird.staging.gratisites.com\/#website","url":"https:\/\/bird.staging.gratisites.com\/","name":"Bird Construction","description":"","publisher":{"@id":"https:\/\/bird.staging.gratisites.com\/#organization"},"potentialAction":[{"@type":"SearchAction","target":{"@type":"EntryPoint","urlTemplate":"https:\/\/bird.staging.gratisites.com\/?s={search_term_string}"},"query-input":{"@type":"PropertyValueSpecification","valueRequired":true,"valueName":"search_term_string"}}],"inLanguage":"fr-CA"},{"@type":"Organization","@id":"https:\/\/bird.staging.gratisites.com\/#organization","name":"Bird Construction","url":"https:\/\/bird.staging.gratisites.com\/","logo":{"@type":"ImageObject","inLanguage":"fr-CA","@id":"https:\/\/bird.staging.gratisites.com\/#\/schema\/logo\/image\/","url":"https:\/\/cdn.bird.ca\/2025\/01\/20212041\/bird-logo-RGB-e1739411338652.png","contentUrl":"https:\/\/cdn.bird.ca\/2025\/01\/20212041\/bird-logo-RGB-e1739411338652.png","width":865,"height":366,"caption":"Bird Construction"},"image":{"@id":"https:\/\/bird.staging.gratisites.com\/#\/schema\/logo\/image\/"},"sameAs":["https:\/\/www.facebook.com\/people\/Bird-Construction-Inc\/100064108594609\/","https:\/\/www.instagram.com\/birdconstructioninc\/","https:\/\/ca.linkedin.com\/company\/bird-construction-inc"]}]}},"_links":{"self":[{"href":"https:\/\/bird.staging.gratisites.com\/fr\/wp-json\/wp\/v2\/pages\/251","targetHints":{"allow":["GET"]}}],"collection":[{"href":"https:\/\/bird.staging.gratisites.com\/fr\/wp-json\/wp\/v2\/pages"}],"about":[{"href":"https:\/\/bird.staging.gratisites.com\/fr\/wp-json\/wp\/v2\/types\/page"}],"author":[{"embeddable":true,"href":"https:\/\/bird.staging.gratisites.com\/fr\/wp-json\/wp\/v2\/users\/1"}],"replies":[{"embeddable":true,"href":"https:\/\/bird.staging.gratisites.com\/fr\/wp-json\/wp\/v2\/comments?post=251"}],"version-history":[{"count":52,"href":"https:\/\/bird.staging.gratisites.com\/fr\/wp-json\/wp\/v2\/pages\/251\/revisions"}],"predecessor-version":[{"id":9347,"href":"https:\/\/bird.staging.gratisites.com\/fr\/wp-json\/wp\/v2\/pages\/251\/revisions\/9347"}],"up":[{"embeddable":true,"href":"https:\/\/bird.staging.gratisites.com\/fr\/wp-json\/wp\/v2\/pages\/16"}],"wp:featuredmedia":[{"embeddable":true,"href":"https:\/\/bird.staging.gratisites.com\/fr\/wp-json\/wp\/v2\/media\/7133"}],"wp:attachment":[{"href":"https:\/\/bird.staging.gratisites.com\/fr\/wp-json\/wp\/v2\/media?parent=251"}],"curies":[{"name":"wp","href":"https:\/\/api.w.org\/{rel}","templated":true}]}}