{"id":247,"date":"2025-01-28T23:54:08","date_gmt":"2025-01-28T23:54:08","guid":{"rendered":"https:\/\/bird.staging.gratisites.com\/?page_id=247"},"modified":"2025-06-17T19:03:53","modified_gmt":"2025-06-17T19:03:53","slug":"objectifs-valeurs","status":"publish","type":"page","link":"https:\/\/bird.staging.gratisites.com\/fr\/qui-nous-sommes\/objectifs-valeurs\/","title":{"rendered":"Objectif et valeurs"},"content":{"rendered":"<div class=\"wp-block-create-block-hero-static\">\n\t<div class=\"hero-banner\">\n\t\t<img loading=\"lazy\" decoding=\"async\" width=\"1400\" height=\"510\" src=\"https:\/\/cdn.bird.ca\/2025\/02\/20211844\/bird_purpose_values_web_banner-1400x510-1.jpg\" class=\"attachment-banner-size size-banner-size\" alt=\"Trois bandes color\u00e9es, verte, bleue et orange, pointent vers le haut \u00e0 gauche des mots Purpose and Values (objectif et valeurs) sur un fond clair avec de faibles ic\u00f4nes repr\u00e9sentant la communaut\u00e9 et la croissance.\" sizes=\"auto, 100vw\" srcset=\"https:\/\/cdn.bird.ca\/2025\/02\/20211844\/bird_purpose_values_web_banner-1400x510-1.jpg 1400w, https:\/\/cdn.bird.ca\/2025\/02\/20211844\/bird_purpose_values_web_banner-1400x510-1-300x109.jpg 300w, https:\/\/cdn.bird.ca\/2025\/02\/20211844\/bird_purpose_values_web_banner-1400x510-1-1024x373.jpg 1024w, https:\/\/cdn.bird.ca\/2025\/02\/20211844\/bird_purpose_values_web_banner-1400x510-1-768x280.jpg 768w\" \/>\t<\/div>\n<\/div>\n\n\n<div style=\"height:100px\" aria-hidden=\"true\" class=\"wp-block-spacer is-style-entry-space\"><\/div>\n\n\n<div class=\"breadcrumb-block wp-block-create-block-breadcrumb-block\">\n\t\t\t\t\t<nav class=\"breadcrumb\" aria-label=\"Fil d&#039;Ariane\">\n\t\t\t<ol class=\"breadcrumb-list\">\n\t\t\t\t\t\t\t\t\t<li class=\"breadcrumb-item\"><a href=\"https:\/\/bird.staging.gratisites.com\/fr\/\">Accueil<\/a><\/li>\t\t\t\t\t\t\t<\/ol>\n\t\t<\/nav>\n\t<\/div>\n\n\n<div style=\"height:30px\" aria-hidden=\"true\" class=\"wp-block-spacer\"><\/div>\n\n\n\n<div class=\"wp-block-group is-vertical is-layout-flex wp-container-core-group-is-layout-fe9cc265 wp-block-group-is-layout-flex\">\n<h1 class=\"wp-block-heading is-style-orange-underline-small is-style-default\" style=\"margin-bottom:var(--wp--preset--spacing--50)\">Objectif<\/h1>\n\n\n\n<h2 class=\"wp-block-heading mt-30 is-style-default has-dark-color has-text-color has-link-color wp-elements-9e51e896d4f28496aa2c0720686d3306\">Nous donnons vie \u00e0 la vision<\/h2>\n\n\n\n<h3 class=\"wp-block-heading is-style-default has-dark-color has-text-color has-link-color wp-elements-68056f122505904b79fd9711c9c552a6\" style=\"font-style:normal;font-weight:400\"><em>Cr\u00e9er de grandes choses avec vous<\/em><\/h3>\n<\/div>\n\n\n\n<div style=\"height:100px\" aria-hidden=\"true\" class=\"wp-block-spacer is-style-entry-space\"><\/div>\n\n\n\n<h1 class=\"wp-block-heading is-style-orange-underline-small is-style-default\" style=\"margin-bottom:var(--wp--preset--spacing--70)\">Valeurs<\/h1>\n\n\n\n<div class=\"wp-block-group is-layout-grid wp-container-core-group-is-layout-a9b4916f wp-block-group-is-layout-grid\">\n<div class=\"wp-block-group wp-embed-aspect-21-9 wp-has-aspect-ratio is-layout-constrained wp-block-group-is-layout-constrained\">\n<h2 class=\"wp-block-heading is-style-bird-h3\">La s\u00e9curit\u00e9 avant tout<\/h2>\n\n\n\n<p>Un environnement de travail sain et s\u00fbr n'est pas n\u00e9gociable. Nous construisons une culture de la s\u00e9curit\u00e9 op\u00e9rationnelle et psychologique par l'engagement, l'apprentissage et le leadership.&nbsp;<\/p>\n\n\n\n<figure class=\"wp-block-embed is-type-video is-provider-vimeo wp-block-embed-vimeo wp-embed-aspect-21-9 wp-has-aspect-ratio\"><div class=\"wp-block-embed__wrapper\">\n<iframe loading=\"lazy\" title=\"La S\u00e9curit\u00e9 Est Notre Priorit\u00e9\" src=\"https:\/\/player.vimeo.com\/video\/768765716?dnt=1&amp;app_id=122963\" width=\"500\" height=\"213\" frameborder=\"0\" allow=\"autoplay; fullscreen; picture-in-picture; clipboard-write; encrypted-media\"><\/iframe>\n<\/div><\/figure>\n<\/div>\n\n\n\n<div class=\"wp-block-group wp-embed-aspect-21-9 wp-has-aspect-ratio is-layout-constrained wp-block-group-is-layout-constrained\">\n<h2 class=\"wp-block-heading is-style-bird-h3\">Ensemble, nous sommes plus forts<\/h2>\n\n\n\n<p>La r\u00e9ussite est un travail d'\u00e9quipe. Notre lieu de travail inclusif permet \u00e0 notre expertise, notre humilit\u00e9 et notre cr\u00e9ativit\u00e9 combin\u00e9es de lib\u00e9rer notre plus grand potentiel.<\/p>\n\n\n\n<figure class=\"wp-block-embed is-type-video is-provider-vimeo wp-block-embed-vimeo wp-embed-aspect-21-9 wp-has-aspect-ratio\"><div class=\"wp-block-embed__wrapper\">\n<iframe loading=\"lazy\" title=\"We Are Stronger Together | Nous Sommes Plus Forts Ensemble\" src=\"https:\/\/player.vimeo.com\/video\/769555488?dnt=1&amp;app_id=122963\" width=\"500\" height=\"213\" frameborder=\"0\" allow=\"autoplay; fullscreen; picture-in-picture; clipboard-write; encrypted-media\"><\/iframe>\n<\/div><\/figure>\n<\/div>\n\n\n\n<div class=\"wp-block-group wp-embed-aspect-21-9 wp-has-aspect-ratio is-layout-constrained wp-block-group-is-layout-constrained\">\n<h2 class=\"wp-block-heading is-style-bird-h3\">Nous dirigeons avec honn\u00eatet\u00e9<\/h2>\n\n\n\n<p>Nous parlons et agissons avec int\u00e9grit\u00e9, clart\u00e9 et attention afin que les gens puissent avoir confiance en notre parole et en notre travail. L'honn\u00eatet\u00e9 nous permet d'obtenir les meilleurs r\u00e9sultats et des r\u00e9sultats coh\u00e9rents.<\/p>\n\n\n\n<figure class=\"wp-block-embed is-type-video is-provider-vimeo wp-block-embed-vimeo wp-embed-aspect-21-9 wp-has-aspect-ratio\"><div class=\"wp-block-embed__wrapper\">\n<iframe loading=\"lazy\" title=\"We Lead With Honesty | Nous Dirigeons Avec Honn\u00eatet\u00e9\" src=\"https:\/\/player.vimeo.com\/video\/769168906?dnt=1&amp;app_id=122963\" width=\"500\" height=\"213\" frameborder=\"0\" allow=\"autoplay; fullscreen; picture-in-picture; clipboard-write; encrypted-media\"><\/iframe>\n<\/div><\/figure>\n<\/div>\n\n\n\n<div class=\"wp-block-group wp-embed-aspect-21-9 wp-has-aspect-ratio is-layout-constrained wp-block-group-is-layout-constrained\">\n<h2 class=\"wp-block-heading is-style-bird-h3\">Nous sommes motiv\u00e9s pour accomplir un travail de qualit\u00e9<\/h2>\n\n\n\n<p>Nous avons b\u00e2ti notre nom sur la qualit\u00e9. Nous avons une passion pour l'excellence dans notre travail et nos relations, qui honore nos entreprises et notre industrie.<\/p>\n\n\n\n<figure class=\"wp-block-embed is-type-video is-provider-vimeo wp-block-embed-vimeo wp-embed-aspect-21-9 wp-has-aspect-ratio\"><div class=\"wp-block-embed__wrapper\">\n<iframe loading=\"lazy\" title=\"We Are Driven To Do Great Work | Nous Sommes Motiv\u00e9s \u00c0 Exceller Dans Notre Travail\" src=\"https:\/\/player.vimeo.com\/video\/769559140?dnt=1&amp;app_id=122963\" width=\"500\" height=\"213\" frameborder=\"0\" allow=\"autoplay; fullscreen; picture-in-picture; clipboard-write; encrypted-media\"><\/iframe>\n<\/div><\/figure>\n<\/div>\n\n\n\n<div class=\"wp-block-group wp-embed-aspect-21-9 wp-has-aspect-ratio is-layout-constrained wp-container-core-group-is-layout-5a30f31b wp-block-group-is-layout-constrained\">\n<h2 class=\"wp-block-heading is-style-bird-h3\" id=\"h-we-create-opportunity\">Nous cr\u00e9ons des opportunit\u00e9s<\/h2>\n\n\n\n<p>Enracin\u00e9s dans une base solide, nous nous adaptons et grandissons pour faire face \u00e0 l'avenir. Nous nous engageons \u00e0 nous \u00e9lever les uns les autres pour tracer la meilleure voie \u00e0 suivre dans un monde en constante \u00e9volution.<\/p>\n\n\n\n<figure class=\"wp-block-embed is-type-video is-provider-vimeo wp-block-embed-vimeo wp-embed-aspect-21-9 wp-has-aspect-ratio\"><div class=\"wp-block-embed__wrapper\">\n<iframe loading=\"lazy\" title=\"Nous Cr\u00e9ons Des Occasions | Nous Cr\u00e9ons Des Occasions\" src=\"https:\/\/player.vimeo.com\/video\/769562178?dnt=1&amp;app_id=122963\" width=\"500\" height=\"213\" frameborder=\"0\" allow=\"autoplay; fullscreen; picture-in-picture; clipboard-write; encrypted-media\"><\/iframe>\n<\/div><\/figure>\n<\/div>\n<\/div>\n\n\n\n<div style=\"height:100px\" aria-hidden=\"true\" class=\"wp-block-spacer is-style-entry-space\"><\/div>","protected":false},"excerpt":{"rendered":"<p>Objectif Nous donnons vie \u00e0 la vision Cr\u00e9er de grandes choses avec vous Valeurs Nous pla\u00e7ons la s\u00e9curit\u00e9 au premier plan Un environnement de travail sain et s\u00fbr n'est pas n\u00e9gociable. Nous construisons une culture de la s\u00e9curit\u00e9 op\u00e9rationnelle et psychologique par l'engagement, l'apprentissage et le leadership.  Ensemble, nous sommes plus forts La r\u00e9ussite est un travail d'\u00e9quipe. Notre lieu de travail inclusif permet de combiner notre expertise, notre humilit\u00e9 [...]<\/p>","protected":false},"author":1,"featured_media":939,"parent":16,"menu_order":0,"comment_status":"closed","ping_status":"closed","template":"","meta":{"_acf_changed":false,"footnotes":""},"class_list":["post-247","page","type-page","status-publish","has-post-thumbnail","hentry"],"acf":[],"yoast_head":"<!-- This site is optimized with the Yoast SEO Premium plugin v24.6 (Yoast SEO v26.6) - https:\/\/yoast.com\/wordpress\/plugins\/seo\/ -->\n<title>Purpose &amp; Values | Bird Construction<\/title>\n<meta name=\"description\" content=\"Purpose We bring life to vision Creating great things with you Values We put safety first A healthy and safe work environment is non-negotiable. We build\" \/>\n<meta name=\"robots\" content=\"index, follow, max-snippet:-1, max-image-preview:large, max-video-preview:-1\" \/>\n<link rel=\"canonical\" href=\"https:\/\/bird.staging.gratisites.com\/fr\/qui-nous-sommes\/objectifs-valeurs\/\" \/>\n<meta property=\"og:locale\" content=\"fr_CA\" \/>\n<meta property=\"og:type\" content=\"article\" \/>\n<meta property=\"og:title\" content=\"Purpose &amp; Values | Bird Construction\" \/>\n<meta property=\"og:description\" content=\"Bird Construction has been providing construction services to a long list of new and repeat clients since 1920.\" \/>\n<meta property=\"og:url\" content=\"https:\/\/bird.staging.gratisites.com\/fr\/qui-nous-sommes\/objectifs-valeurs\/\" \/>\n<meta property=\"og:site_name\" content=\"Bird Construction\" \/>\n<meta property=\"article:publisher\" content=\"https:\/\/www.facebook.com\/people\/Bird-Construction-Inc\/100064108594609\/\" \/>\n<meta property=\"article:modified_time\" content=\"2025-06-17T19:03:53+00:00\" \/>\n<meta property=\"og:image\" content=\"https:\/\/cdn.bird.ca\/2025\/02\/20211844\/bird_purpose_values_web_banner-1400x510-1.jpg\" \/>\n\t<meta property=\"og:image:width\" content=\"1400\" \/>\n\t<meta property=\"og:image:height\" content=\"510\" \/>\n\t<meta property=\"og:image:type\" content=\"image\/jpeg\" \/>\n<meta name=\"twitter:card\" content=\"summary_large_image\" \/>\n<meta name=\"twitter:label1\" content=\"Estimation du temps de lecture\" \/>\n\t<meta name=\"twitter:data1\" content=\"1 minute\" \/>\n<script type=\"application\/ld+json\" class=\"yoast-schema-graph\">{\"@context\":\"https:\/\/schema.org\",\"@graph\":[{\"@type\":\"WebPage\",\"@id\":\"https:\/\/bird.staging.gratisites.com\/who-we-are\/purpose-values\/\",\"url\":\"https:\/\/bird.staging.gratisites.com\/who-we-are\/purpose-values\/\",\"name\":\"Purpose &amp; Values | Bird Construction\",\"isPartOf\":{\"@id\":\"https:\/\/bird.staging.gratisites.com\/#website\"},\"primaryImageOfPage\":{\"@id\":\"https:\/\/bird.staging.gratisites.com\/who-we-are\/purpose-values\/#primaryimage\"},\"image\":{\"@id\":\"https:\/\/bird.staging.gratisites.com\/who-we-are\/purpose-values\/#primaryimage\"},\"thumbnailUrl\":\"https:\/\/cdn.bird.ca\/2025\/02\/20211844\/bird_purpose_values_web_banner-1400x510-1.jpg\",\"datePublished\":\"2025-01-28T23:54:08+00:00\",\"dateModified\":\"2025-06-17T19:03:53+00:00\",\"description\":\"Purpose We bring life to vision Creating great things with you Values We put safety first A healthy and safe work environment is non-negotiable. We build\",\"breadcrumb\":{\"@id\":\"https:\/\/bird.staging.gratisites.com\/who-we-are\/purpose-values\/#breadcrumb\"},\"inLanguage\":\"fr-CA\",\"potentialAction\":[{\"@type\":\"ReadAction\",\"target\":[\"https:\/\/bird.staging.gratisites.com\/who-we-are\/purpose-values\/\"]}]},{\"@type\":\"ImageObject\",\"inLanguage\":\"fr-CA\",\"@id\":\"https:\/\/bird.staging.gratisites.com\/who-we-are\/purpose-values\/#primaryimage\",\"url\":\"https:\/\/cdn.bird.ca\/2025\/02\/20211844\/bird_purpose_values_web_banner-1400x510-1.jpg\",\"contentUrl\":\"https:\/\/cdn.bird.ca\/2025\/02\/20211844\/bird_purpose_values_web_banner-1400x510-1.jpg\",\"width\":1400,\"height\":510,\"caption\":\"Three colored stripes, green, blue, and orange, point upward left of the words Purpose and Values on a light background with faint icons representing community and growth.\"},{\"@type\":\"BreadcrumbList\",\"@id\":\"https:\/\/bird.staging.gratisites.com\/who-we-are\/purpose-values\/#breadcrumb\",\"itemListElement\":[{\"@type\":\"ListItem\",\"position\":1,\"name\":\"Home\",\"item\":\"https:\/\/bird.staging.gratisites.com\/\"},{\"@type\":\"ListItem\",\"position\":2,\"name\":\"Who We Are\",\"item\":\"https:\/\/bird.staging.gratisites.com\/who-we-are\/\"},{\"@type\":\"ListItem\",\"position\":3,\"name\":\"Purpose &amp; Values\"}]},{\"@type\":\"WebSite\",\"@id\":\"https:\/\/bird.staging.gratisites.com\/#website\",\"url\":\"https:\/\/bird.staging.gratisites.com\/\",\"name\":\"Bird Construction\",\"description\":\"\",\"publisher\":{\"@id\":\"https:\/\/bird.staging.gratisites.com\/#organization\"},\"potentialAction\":[{\"@type\":\"SearchAction\",\"target\":{\"@type\":\"EntryPoint\",\"urlTemplate\":\"https:\/\/bird.staging.gratisites.com\/?s={search_term_string}\"},\"query-input\":{\"@type\":\"PropertyValueSpecification\",\"valueRequired\":true,\"valueName\":\"search_term_string\"}}],\"inLanguage\":\"fr-CA\"},{\"@type\":\"Organization\",\"@id\":\"https:\/\/bird.staging.gratisites.com\/#organization\",\"name\":\"Bird Construction\",\"url\":\"https:\/\/bird.staging.gratisites.com\/\",\"logo\":{\"@type\":\"ImageObject\",\"inLanguage\":\"fr-CA\",\"@id\":\"https:\/\/bird.staging.gratisites.com\/#\/schema\/logo\/image\/\",\"url\":\"https:\/\/cdn.bird.ca\/2025\/01\/20212041\/bird-logo-RGB-e1739411338652.png\",\"contentUrl\":\"https:\/\/cdn.bird.ca\/2025\/01\/20212041\/bird-logo-RGB-e1739411338652.png\",\"width\":865,\"height\":366,\"caption\":\"Bird Construction\"},\"image\":{\"@id\":\"https:\/\/bird.staging.gratisites.com\/#\/schema\/logo\/image\/\"},\"sameAs\":[\"https:\/\/www.facebook.com\/people\/Bird-Construction-Inc\/100064108594609\/\",\"https:\/\/www.instagram.com\/birdconstructioninc\/\",\"https:\/\/ca.linkedin.com\/company\/bird-construction-inc\"]}]}<\/script>\n<!-- \/ Yoast SEO Premium plugin. -->","yoast_head_json":{"title":"Objectif et valeurs | Bird Construction","description":"Objectif Nous donnons vie \u00e0 la vision Cr\u00e9er de grandes choses avec vous Valeurs Nous mettons la s\u00e9curit\u00e9 au premier plan Un environnement de travail sain et s\u00fbr n'est pas n\u00e9gociable. Nous construisons","robots":{"index":"index","follow":"follow","max-snippet":"max-snippet:-1","max-image-preview":"max-image-preview:large","max-video-preview":"max-video-preview:-1"},"canonical":"https:\/\/bird.staging.gratisites.com\/fr\/qui-nous-sommes\/objectifs-valeurs\/","og_locale":"fr_CA","og_type":"article","og_title":"Purpose &amp; Values | Bird Construction","og_description":"Bird Construction has been providing construction services to a long list of new and repeat clients since 1920.","og_url":"https:\/\/bird.staging.gratisites.com\/fr\/qui-nous-sommes\/objectifs-valeurs\/","og_site_name":"Bird Construction","article_publisher":"https:\/\/www.facebook.com\/people\/Bird-Construction-Inc\/100064108594609\/","article_modified_time":"2025-06-17T19:03:53+00:00","og_image":[{"width":1400,"height":510,"url":"https:\/\/cdn.bird.ca\/2025\/02\/20211844\/bird_purpose_values_web_banner-1400x510-1.jpg","type":"image\/jpeg"}],"twitter_card":"summary_large_image","twitter_misc":{"Estimation du temps de lecture":"1 minute"},"schema":{"@context":"https:\/\/schema.org","@graph":[{"@type":"WebPage","@id":"https:\/\/bird.staging.gratisites.com\/who-we-are\/purpose-values\/","url":"https:\/\/bird.staging.gratisites.com\/who-we-are\/purpose-values\/","name":"Objectif et valeurs | Bird Construction","isPartOf":{"@id":"https:\/\/bird.staging.gratisites.com\/#website"},"primaryImageOfPage":{"@id":"https:\/\/bird.staging.gratisites.com\/who-we-are\/purpose-values\/#primaryimage"},"image":{"@id":"https:\/\/bird.staging.gratisites.com\/who-we-are\/purpose-values\/#primaryimage"},"thumbnailUrl":"https:\/\/cdn.bird.ca\/2025\/02\/20211844\/bird_purpose_values_web_banner-1400x510-1.jpg","datePublished":"2025-01-28T23:54:08+00:00","dateModified":"2025-06-17T19:03:53+00:00","description":"Objectif Nous donnons vie \u00e0 la vision Cr\u00e9er de grandes choses avec vous Valeurs Nous mettons la s\u00e9curit\u00e9 au premier plan Un environnement de travail sain et s\u00fbr n'est pas n\u00e9gociable. Nous construisons","breadcrumb":{"@id":"https:\/\/bird.staging.gratisites.com\/who-we-are\/purpose-values\/#breadcrumb"},"inLanguage":"fr-CA","potentialAction":[{"@type":"ReadAction","target":["https:\/\/bird.staging.gratisites.com\/who-we-are\/purpose-values\/"]}]},{"@type":"ImageObject","inLanguage":"fr-CA","@id":"https:\/\/bird.staging.gratisites.com\/who-we-are\/purpose-values\/#primaryimage","url":"https:\/\/cdn.bird.ca\/2025\/02\/20211844\/bird_purpose_values_web_banner-1400x510-1.jpg","contentUrl":"https:\/\/cdn.bird.ca\/2025\/02\/20211844\/bird_purpose_values_web_banner-1400x510-1.jpg","width":1400,"height":510,"caption":"Three colored stripes, green, blue, and orange, point upward left of the words Purpose and Values on a light background with faint icons representing community and growth."},{"@type":"BreadcrumbList","@id":"https:\/\/bird.staging.gratisites.com\/who-we-are\/purpose-values\/#breadcrumb","itemListElement":[{"@type":"ListItem","position":1,"name":"Home","item":"https:\/\/bird.staging.gratisites.com\/"},{"@type":"ListItem","position":2,"name":"Who We Are","item":"https:\/\/bird.staging.gratisites.com\/who-we-are\/"},{"@type":"ListItem","position":3,"name":"Purpose &amp; Values"}]},{"@type":"WebSite","@id":"https:\/\/bird.staging.gratisites.com\/#website","url":"https:\/\/bird.staging.gratisites.com\/","name":"Bird Construction","description":"","publisher":{"@id":"https:\/\/bird.staging.gratisites.com\/#organization"},"potentialAction":[{"@type":"SearchAction","target":{"@type":"EntryPoint","urlTemplate":"https:\/\/bird.staging.gratisites.com\/?s={search_term_string}"},"query-input":{"@type":"PropertyValueSpecification","valueRequired":true,"valueName":"search_term_string"}}],"inLanguage":"fr-CA"},{"@type":"Organization","@id":"https:\/\/bird.staging.gratisites.com\/#organization","name":"Bird Construction","url":"https:\/\/bird.staging.gratisites.com\/","logo":{"@type":"ImageObject","inLanguage":"fr-CA","@id":"https:\/\/bird.staging.gratisites.com\/#\/schema\/logo\/image\/","url":"https:\/\/cdn.bird.ca\/2025\/01\/20212041\/bird-logo-RGB-e1739411338652.png","contentUrl":"https:\/\/cdn.bird.ca\/2025\/01\/20212041\/bird-logo-RGB-e1739411338652.png","width":865,"height":366,"caption":"Bird Construction"},"image":{"@id":"https:\/\/bird.staging.gratisites.com\/#\/schema\/logo\/image\/"},"sameAs":["https:\/\/www.facebook.com\/people\/Bird-Construction-Inc\/100064108594609\/","https:\/\/www.instagram.com\/birdconstructioninc\/","https:\/\/ca.linkedin.com\/company\/bird-construction-inc"]}]}},"_links":{"self":[{"href":"https:\/\/bird.staging.gratisites.com\/fr\/wp-json\/wp\/v2\/pages\/247","targetHints":{"allow":["GET"]}}],"collection":[{"href":"https:\/\/bird.staging.gratisites.com\/fr\/wp-json\/wp\/v2\/pages"}],"about":[{"href":"https:\/\/bird.staging.gratisites.com\/fr\/wp-json\/wp\/v2\/types\/page"}],"author":[{"embeddable":true,"href":"https:\/\/bird.staging.gratisites.com\/fr\/wp-json\/wp\/v2\/users\/1"}],"replies":[{"embeddable":true,"href":"https:\/\/bird.staging.gratisites.com\/fr\/wp-json\/wp\/v2\/comments?post=247"}],"version-history":[{"count":105,"href":"https:\/\/bird.staging.gratisites.com\/fr\/wp-json\/wp\/v2\/pages\/247\/revisions"}],"predecessor-version":[{"id":7025,"href":"https:\/\/bird.staging.gratisites.com\/fr\/wp-json\/wp\/v2\/pages\/247\/revisions\/7025"}],"up":[{"embeddable":true,"href":"https:\/\/bird.staging.gratisites.com\/fr\/wp-json\/wp\/v2\/pages\/16"}],"wp:featuredmedia":[{"embeddable":true,"href":"https:\/\/bird.staging.gratisites.com\/fr\/wp-json\/wp\/v2\/media\/939"}],"wp:attachment":[{"href":"https:\/\/bird.staging.gratisites.com\/fr\/wp-json\/wp\/v2\/media?parent=247"}],"curies":[{"name":"wp","href":"https:\/\/api.w.org\/{rel}","templated":true}]}}