{"id":239,"date":"2025-01-28T23:52:18","date_gmt":"2025-01-28T23:52:18","guid":{"rendered":"https:\/\/bird.staging.gratisites.com\/?page_id=239"},"modified":"2025-07-11T13:11:08","modified_gmt":"2025-07-11T13:11:08","slug":"la-securite","status":"publish","type":"page","link":"https:\/\/bird.staging.gratisites.com\/fr\/qui-nous-sommes\/la-securite\/","title":{"rendered":"S\u00e9curit\u00e9"},"content":{"rendered":"<div class=\"wp-block-create-block-hero-static\">\n\t<div class=\"hero-banner\">\n\t\t<img loading=\"lazy\" decoding=\"async\" width=\"2560\" height=\"612\" src=\"https:\/\/cdn.bird.ca\/2025\/02\/20211845\/safety-banner_working_new-02-scaled.jpg\" class=\"attachment-banner-size size-banner-size\" alt=\"Collage de travailleurs de la construction portant des \u00e9quipements de s\u00e9curit\u00e9 et des casques de la marque Bird, collaborant, souriant et travaillant avec des \u00e9quipements sur un chantier en plein air.\" sizes=\"auto, 100vw\" srcset=\"https:\/\/cdn.bird.ca\/2025\/02\/20211845\/safety-banner_working_new-02-scaled.jpg 2560w, https:\/\/cdn.bird.ca\/2025\/02\/20211845\/safety-banner_working_new-02-300x72.jpg 300w, https:\/\/cdn.bird.ca\/2025\/02\/20211845\/safety-banner_working_new-02-1024x245.jpg 1024w, https:\/\/cdn.bird.ca\/2025\/02\/20211845\/safety-banner_working_new-02-768x184.jpg 768w, https:\/\/cdn.bird.ca\/2025\/02\/20211845\/safety-banner_working_new-02-1536x367.jpg 1536w, https:\/\/cdn.bird.ca\/2025\/02\/20211845\/safety-banner_working_new-02-2048x490.jpg 2048w\" \/>\t<\/div>\n<\/div>\n\n\n<div style=\"height:100px\" aria-hidden=\"true\" class=\"wp-block-spacer is-style-entry-space\"><\/div>\n\n\n<div class=\"breadcrumb-block wp-block-create-block-breadcrumb-block\">\n\t\t\t\t\t<nav class=\"breadcrumb\" aria-label=\"Fil d&#039;Ariane\">\n\t\t\t<ol class=\"breadcrumb-list\">\n\t\t\t\t\t\t\t\t\t<li class=\"breadcrumb-item\"><a href=\"https:\/\/bird.staging.gratisites.com\/fr\/\">Accueil<\/a><\/li>\t\t\t\t\t\t\t<\/ol>\n\t\t<\/nav>\n\t<\/div>\n\n\n<div style=\"height:30px\" aria-hidden=\"true\" class=\"wp-block-spacer\"><\/div>\n\n\n\n<div class=\"wp-block-group is-vertical is-layout-flex wp-container-core-group-is-layout-fe9cc265 wp-block-group-is-layout-flex\">\n<h1 class=\"wp-block-heading has-text-align-left is-style-bird-h2\" id=\"h-safety\">S\u00e9curit\u00e9<\/h1>\n\n\n\n<h2 class=\"wp-block-heading has-text-align-left is-style-bird-h3\" id=\"h-we-put-safety-first\">La s\u00e9curit\u00e9 avant tout<\/h2>\n\n\n\n<figure class=\"wp-block-image size-full is-style-default mt-30\"><img loading=\"lazy\" decoding=\"async\" width=\"200\" height=\"149\" src=\"https:\/\/cdn.bird.ca\/2025\/01\/20212028\/purpose_values_icons_safety_200width.jpg\" alt=\"Illustration d&#039;un casque de s\u00e9curit\u00e9 blanc avec un bouclier vert \u00e0 l&#039;avant, comportant une coche orange, symbolisant la s\u00e9curit\u00e9 et la protection.\" class=\"wp-image-266\"\/><\/figure>\n\n\n\n<div class=\"wp-block-columns gap: 100px; is-style-card-column mt-30 is-layout-flex wp-container-core-columns-is-layout-28f84493 wp-block-columns-is-layout-flex\">\n<div class=\"wp-block-column is-vertically-aligned-center is-layout-flow wp-block-column-is-layout-flow\">\n<p class=\"has-text-align-left is-style-bird-body\" style=\"font-size:1rem\">La valeur primordiale de l'entreprise Bird est \"La s\u00e9curit\u00e9 avant tout\". Cet engagement se refl\u00e8te dans l'ex\u00e9cution m\u00e9ticuleuse des travaux sur nos sites, en adh\u00e9rant \u00e0 des normes de s\u00e9curit\u00e9 op\u00e9rationnelle rigoureuses et \u00e0 nos syst\u00e8mes complets de sant\u00e9 et de s\u00e9curit\u00e9. Nous sommes fiers de cultiver une culture qui donne la priorit\u00e9 au bien-\u00eatre de toutes les personnes impliqu\u00e9es dans nos projets. Ces \u00e9l\u00e9ments fondamentaux cr\u00e9ent collectivement un environnement qui garantit que chacun rentre chez lui en bonne sant\u00e9 et sans blessure chaque jour.<\/p>\n\n\n\n<p class=\"is-style-bird-body\">Nous croyons en l'apprentissage continu et reconnaissons que des erreurs se produiront ; ce qui compte, c'est d'avoir la capacit\u00e9 d'\u00e9chouer en toute s\u00e9curit\u00e9. Cette conviction est ancr\u00e9e dans notre solide culture de la s\u00e9curit\u00e9, initi\u00e9e par des dirigeants qui incarnent les principes de Bird en mati\u00e8re de sant\u00e9, de s\u00e9curit\u00e9 et d'environnement (HS&amp;E).<\/p>\n\n\n\n<p class=\"is-style-bird-body\">Nous nous concentrons sur la gestion des risques li\u00e9s aux projets, en commen\u00e7ant par la planification de la s\u00e9curit\u00e9 avant le projet et par de solides pratiques d'ex\u00e9cution en mati\u00e8re de s\u00e9curit\u00e9. Cela comprend des processus d'int\u00e9gration complets, l'identification et la gestion des risques, ainsi que le contr\u00f4le et l'\u00e9valuation coh\u00e9rents du programme de s\u00e9curit\u00e9 et d'environnement. Notre approche est soutenue par des chefs de projet exp\u00e9riment\u00e9s, des superviseurs de premi\u00e8re ligne bien form\u00e9s et la participation active de notre main-d'\u0153uvre et de nos partenaires commerciaux.<\/p>\n\n\n\n<p class=\"has-text-align-left is-style-bird-body\" style=\"font-size:1rem\">L'engagement collectif de veiller \u00e0 ce que chaque employ\u00e9 revienne du travail dans le m\u00eame \u00e9tat de sant\u00e9 et de s\u00e9curit\u00e9 qu'\u00e0 son arriv\u00e9e est une responsabilit\u00e9 mutuelle. Nous collaborons avec nos employ\u00e9s et nos partenaires commerciaux pour tenir cette promesse, r\u00e9duisant ainsi les risques et \u00e9tablissant les conditions optimales pour l'ach\u00e8vement des projets de construction en toute s\u00e9curit\u00e9, dans les d\u00e9lais et en respectant le budget, \u00e0 la satisfaction de chaque client. Nous reconnaissons que ce d\u00e9vouement collectif est essentiel \u00e0 notre r\u00e9ussite globale et nous sommes honor\u00e9s d'\u00eatre un membre pionnier du Conseil canadien de la s\u00e9curit\u00e9 dans la construction.<\/p>\n<\/div>\n\n\n\n<div class=\"wp-block-column is-vertically-aligned-top is-style-column-justify is-layout-flow wp-block-column-is-layout-flow\" style=\"flex-basis:40%\">\n<figure class=\"wp-block-image size-full is-style-image-cover\"><img loading=\"lazy\" decoding=\"async\" width=\"500\" height=\"400\" src=\"https:\/\/cdn.bird.ca\/2025\/01\/20212029\/safety_highlight_webpage.jpg\" alt=\"Cinq personnes portant des casques de chantier, des gilets de s\u00e9curit\u00e9 et des v\u00eatements de construction se tiennent ensemble sur le sol d&#039;un chantier avec, en arri\u00e8re-plan, des poutres apparentes et des murs en b\u00e9ton non finis.\" class=\"wp-image-265\" srcset=\"https:\/\/cdn.bird.ca\/2025\/01\/20212029\/safety_highlight_webpage.jpg 500w, https:\/\/cdn.bird.ca\/2025\/01\/20212029\/safety_highlight_webpage-300x240.jpg 300w\" sizes=\"auto, (max-width: 500px) 100vw, 500px\" \/><\/figure>\n<\/div>\n<\/div>\n<\/div>\n\n\n\n<div style=\"height:100px\" aria-hidden=\"true\" class=\"wp-block-spacer is-style-entry-space\"><\/div>\n\n\n\n<div class=\"wp-block-columns is-layout-flex wp-container-core-columns-is-layout-28f84493 wp-block-columns-is-layout-flex\">\n<div class=\"wp-block-column is-layout-flow wp-block-column-is-layout-flow\" style=\"flex-basis:33.33%\">\n<figure class=\"wp-block-image size-full is-style-default\"><img loading=\"lazy\" decoding=\"async\" width=\"559\" height=\"500\" src=\"https:\/\/cdn.bird.ca\/2025\/01\/20212027\/mental_wellbeing_cover_2024-bg-3.jpg\" alt=\"Couverture d&#039;un document intitul\u00e9 Mental Well-Being Playbook by Bird, repr\u00e9sentant un ouvrier du b\u00e2timent souriant en tenue de s\u00e9curit\u00e9 et des images d&#039;un chantier de construction et d&#039;une tasse de caf\u00e9.\" class=\"wp-image-267\" srcset=\"https:\/\/cdn.bird.ca\/2025\/01\/20212027\/mental_wellbeing_cover_2024-bg-3.jpg 559w, https:\/\/cdn.bird.ca\/2025\/01\/20212027\/mental_wellbeing_cover_2024-bg-3-300x268.jpg 300w\" sizes=\"auto, (max-width: 559px) 100vw, 559px\" \/><\/figure>\n<\/div>\n\n\n\n<div class=\"wp-block-column is-vertically-aligned-center is-layout-flow wp-block-column-is-layout-flow\">\n<div class=\"wp-block-buttons is-content-justification-center is-layout-flex wp-container-core-buttons-is-layout-a89b3969 wp-block-buttons-is-layout-flex\">\n<div class=\"wp-block-button is-style-bird-outline\"><a class=\"wp-block-button__link wp-element-button\" href=\"https:\/\/cdn.bird.ca\/2025\/08\/29151049\/074394-BIRD_PLAYBOOK_MENTAL_WELLBEING_FULL_DIGITAL_FR_v4_Final.pdf\" aria-label=\"T\u00e9l\u00e9charger le guide du bien-\u00eatre mental des oiseaux au format PDF\">Consulter le guide du bien-\u00eatre mental des oiseaux<\/a><\/div>\n<\/div>\n<\/div>\n<\/div>\n\n\n\n<div style=\"height:100px\" aria-hidden=\"true\" class=\"wp-block-spacer is-style-entry-space\"><\/div>\n\n\n\n<figure class=\"wp-block-embed is-type-video is-provider-vimeo wp-block-embed-vimeo wp-embed-aspect-16-9 wp-has-aspect-ratio\"><div class=\"wp-block-embed__wrapper\">\n<iframe loading=\"lazy\" title=\"Vid\u00e9os sur les valeurs fondamentales de l&#039;oiseau\" src=\"https:\/\/player.vimeo.com\/video\/802053674?dnt=1&amp;app_id=122963\" width=\"500\" height=\"281\" frameborder=\"0\" allow=\"autoplay; fullscreen; picture-in-picture; clipboard-write; encrypted-media; web-share\"><\/iframe>\n<\/div><\/figure>\n\n\n\n<div style=\"height:100px\" aria-hidden=\"true\" class=\"wp-block-spacer is-style-entry-space\"><\/div>\n\n\n\n<div class=\"wp-block-group alignfull is-style-group-w-full  has-light-background-color has-background is-layout-constrained wp-block-group-is-layout-constrained\">\n<div class=\"wp-block-columns are-vertically-aligned-center is-layout-flex wp-container-core-columns-is-layout-51c0b34d wp-block-columns-is-layout-flex\" style=\"padding-top:var(--wp--preset--spacing--50);padding-bottom:var(--wp--preset--spacing--50)\">\n<div class=\"wp-block-column is-vertically-aligned-center is-layout-flow wp-block-column-is-layout-flow\" style=\"flex-basis:33.33%\">\n<figure class=\"wp-block-image size-full is-resized\"><img loading=\"lazy\" decoding=\"async\" width=\"360\" height=\"130\" src=\"https:\/\/cdn.bird.ca\/2025\/05\/05171159\/CCSC-Logo-Remade.png\" alt=\"Logo du Conseil canadien de la s\u00e9curit\u00e9 dans la construction.\" class=\"wp-image-7156\" style=\"width:320px\"\/><\/figure>\n<\/div>\n\n\n\n<div class=\"wp-block-column is-vertically-aligned-center is-layout-flow wp-block-column-is-layout-flow\" style=\"flex-basis:66.66%\">\n<p class=\"is-style-bird-body bird-green\">Bird est fi\u00e8re d'\u00eatre membre du Conseil canadien de la s\u00e9curit\u00e9 dans la construction (CCSC). Le Conseil a \u00e9t\u00e9 form\u00e9 au d\u00e9but de 2023 avec douze membres fondateurs : Aecon, Bird, Dragados, EBC, EllisDon, Graham, Kiewit, Ledcor, Pennecon, PCL, Pomerleau et AtkinsR\u00c8alis (anciennement SNC-Lavalin). Ce groupe d'entreprises repr\u00e9sente plus de 145 000 travailleurs, 185 millions d'heures-personnes et plus de $25 milliards de revenus par an. La mission collective du Conseil est d'\u00eatre une force de changement positif dans l'industrie de la construction au Canada, en tirant parti de la capacit\u00e9 collective des membres en mati\u00e8re de s\u00e9curit\u00e9 pour favoriser l'am\u00e9lioration des performances. La principale priorit\u00e9 et le domaine d'intervention d\u00e9finis par le CCSC sont l'alignement des grandes entreprises g\u00e9n\u00e9rales sur les normes SSE \u00e0 haut risque.<\/p>\n<\/div>\n<\/div>\n<\/div>\n\n\n\n<div style=\"height:100px\" aria-hidden=\"true\" class=\"wp-block-spacer is-style-entry-space\"><\/div>\n\n\n\n<div class=\"wp-block-group alignfull is-style-default is-layout-constrained wp-block-group-is-layout-constrained\">\n<figure class=\"wp-block-image alignwide size-full is-style-default\"><img loading=\"lazy\" decoding=\"async\" width=\"2560\" height=\"919\" src=\"https:\/\/cdn.bird.ca\/2025\/01\/20212016\/safety-cup_birdbc046250e5ba46e1abcb8559ab495e8f-scaled.jpg\" alt=\"Un grand groupe d&#039;ouvriers de la construction portant des gilets de s\u00e9curit\u00e9 et des casques se tient devant un b\u00e2timent de bureaux mobile avec une enseigne en forme d&#039;oiseau, posant et faisant des signes de la main pour une photo de groupe en hauteur.\" class=\"wp-image-270\" srcset=\"https:\/\/cdn.bird.ca\/2025\/01\/20212016\/safety-cup_birdbc046250e5ba46e1abcb8559ab495e8f-scaled.jpg 2560w, https:\/\/cdn.bird.ca\/2025\/01\/20212016\/safety-cup_birdbc046250e5ba46e1abcb8559ab495e8f-300x108.jpg 300w, https:\/\/cdn.bird.ca\/2025\/01\/20212016\/safety-cup_birdbc046250e5ba46e1abcb8559ab495e8f-1024x367.jpg 1024w, https:\/\/cdn.bird.ca\/2025\/01\/20212016\/safety-cup_birdbc046250e5ba46e1abcb8559ab495e8f-768x276.jpg 768w, https:\/\/cdn.bird.ca\/2025\/01\/20212016\/safety-cup_birdbc046250e5ba46e1abcb8559ab495e8f-1536x551.jpg 1536w, https:\/\/cdn.bird.ca\/2025\/01\/20212016\/safety-cup_birdbc046250e5ba46e1abcb8559ab495e8f-2048x735.jpg 2048w\" sizes=\"auto, (max-width: 2560px) 100vw, 2560px\" \/><\/figure>\n<\/div>\n\n\n\n<div style=\"height:100px\" aria-hidden=\"true\" class=\"wp-block-spacer is-style-entry-space\"><\/div>","protected":false},"excerpt":{"rendered":"<p>S\u00e9curit\u00e9 Nous mettons la s\u00e9curit\u00e9 au premier plan La valeur primordiale de Bird est \"Nous mettons la s\u00e9curit\u00e9 au premier plan\". Cet engagement se refl\u00e8te dans l'ex\u00e9cution m\u00e9ticuleuse des travaux sur nos sites, dans le respect de normes de s\u00e9curit\u00e9 op\u00e9rationnelle rigoureuses et dans nos syst\u00e8mes complets de sant\u00e9 et de s\u00e9curit\u00e9. Nous sommes fiers de cultiver une culture qui donne la priorit\u00e9 au bien-\u00eatre de toutes les personnes impliqu\u00e9es [...]<\/p>","protected":false},"author":1,"featured_media":938,"parent":16,"menu_order":0,"comment_status":"closed","ping_status":"closed","template":"","meta":{"_acf_changed":false,"footnotes":""},"class_list":["post-239","page","type-page","status-publish","has-post-thumbnail","hentry"],"acf":[],"yoast_head":"<!-- This site is optimized with the Yoast SEO Premium plugin v24.6 (Yoast SEO v26.6) - https:\/\/yoast.com\/wordpress\/plugins\/seo\/ -->\n<title>Safety at BIRD Construction<\/title>\n<meta name=\"description\" content=\"At Bird we recognize that the creation of a workplace culture in which we are all committed to ensuring that everyone goes home at the end of the day just as healthy as when they arrived is critical to our success. It is how we work.\" \/>\n<meta name=\"robots\" content=\"index, follow, max-snippet:-1, max-image-preview:large, max-video-preview:-1\" \/>\n<link rel=\"canonical\" href=\"https:\/\/bird.staging.gratisites.com\/fr\/qui-nous-sommes\/la-securite\/\" \/>\n<meta property=\"og:locale\" content=\"fr_CA\" \/>\n<meta property=\"og:type\" content=\"article\" \/>\n<meta property=\"og:title\" content=\"Safety | Bird Construction\" \/>\n<meta property=\"og:description\" content=\"Bird Construction has been providing construction services to a long list of new and repeat clients since 1920.\" \/>\n<meta property=\"og:url\" content=\"https:\/\/bird.staging.gratisites.com\/fr\/qui-nous-sommes\/la-securite\/\" \/>\n<meta property=\"og:site_name\" content=\"Bird Construction\" \/>\n<meta property=\"article:publisher\" content=\"https:\/\/www.facebook.com\/people\/Bird-Construction-Inc\/100064108594609\/\" \/>\n<meta property=\"article:modified_time\" content=\"2025-07-11T13:11:08+00:00\" \/>\n<meta property=\"og:image\" content=\"https:\/\/cdn.bird.ca\/2025\/02\/20211845\/safety-banner_working_new-02-scaled.jpg\" \/>\n\t<meta property=\"og:image:width\" content=\"2560\" \/>\n\t<meta property=\"og:image:height\" content=\"612\" \/>\n\t<meta property=\"og:image:type\" content=\"image\/jpeg\" \/>\n<meta name=\"twitter:card\" content=\"summary_large_image\" \/>\n<meta name=\"twitter:label1\" content=\"Estimation du temps de lecture\" \/>\n\t<meta name=\"twitter:data1\" content=\"3 minutes\" \/>\n<script type=\"application\/ld+json\" class=\"yoast-schema-graph\">{\"@context\":\"https:\/\/schema.org\",\"@graph\":[{\"@type\":\"WebPage\",\"@id\":\"https:\/\/bird.staging.gratisites.com\/who-we-are\/safety\/\",\"url\":\"https:\/\/bird.staging.gratisites.com\/who-we-are\/safety\/\",\"name\":\"Safety at BIRD Construction\",\"isPartOf\":{\"@id\":\"https:\/\/bird.staging.gratisites.com\/#website\"},\"primaryImageOfPage\":{\"@id\":\"https:\/\/bird.staging.gratisites.com\/who-we-are\/safety\/#primaryimage\"},\"image\":{\"@id\":\"https:\/\/bird.staging.gratisites.com\/who-we-are\/safety\/#primaryimage\"},\"thumbnailUrl\":\"https:\/\/cdn.bird.ca\/2025\/02\/20211845\/safety-banner_working_new-02-scaled.jpg\",\"datePublished\":\"2025-01-28T23:52:18+00:00\",\"dateModified\":\"2025-07-11T13:11:08+00:00\",\"description\":\"At Bird we recognize that the creation of a workplace culture in which we are all committed to ensuring that everyone goes home at the end of the day just as healthy as when they arrived is critical to our success. It is how we work.\",\"breadcrumb\":{\"@id\":\"https:\/\/bird.staging.gratisites.com\/who-we-are\/safety\/#breadcrumb\"},\"inLanguage\":\"fr-CA\",\"potentialAction\":[{\"@type\":\"ReadAction\",\"target\":[\"https:\/\/bird.staging.gratisites.com\/who-we-are\/safety\/\"]}]},{\"@type\":\"ImageObject\",\"inLanguage\":\"fr-CA\",\"@id\":\"https:\/\/bird.staging.gratisites.com\/who-we-are\/safety\/#primaryimage\",\"url\":\"https:\/\/cdn.bird.ca\/2025\/02\/20211845\/safety-banner_working_new-02-scaled.jpg\",\"contentUrl\":\"https:\/\/cdn.bird.ca\/2025\/02\/20211845\/safety-banner_working_new-02-scaled.jpg\",\"width\":2560,\"height\":612,\"caption\":\"A collage of construction workers wearing safety gear and Bird-branded helmets, collaborating, smiling, and working with equipment on a job site outdoors.\"},{\"@type\":\"BreadcrumbList\",\"@id\":\"https:\/\/bird.staging.gratisites.com\/who-we-are\/safety\/#breadcrumb\",\"itemListElement\":[{\"@type\":\"ListItem\",\"position\":1,\"name\":\"Home\",\"item\":\"https:\/\/bird.staging.gratisites.com\/\"},{\"@type\":\"ListItem\",\"position\":2,\"name\":\"Who We Are\",\"item\":\"https:\/\/bird.staging.gratisites.com\/who-we-are\/\"},{\"@type\":\"ListItem\",\"position\":3,\"name\":\"Safety\"}]},{\"@type\":\"WebSite\",\"@id\":\"https:\/\/bird.staging.gratisites.com\/#website\",\"url\":\"https:\/\/bird.staging.gratisites.com\/\",\"name\":\"Bird Construction\",\"description\":\"\",\"publisher\":{\"@id\":\"https:\/\/bird.staging.gratisites.com\/#organization\"},\"potentialAction\":[{\"@type\":\"SearchAction\",\"target\":{\"@type\":\"EntryPoint\",\"urlTemplate\":\"https:\/\/bird.staging.gratisites.com\/?s={search_term_string}\"},\"query-input\":{\"@type\":\"PropertyValueSpecification\",\"valueRequired\":true,\"valueName\":\"search_term_string\"}}],\"inLanguage\":\"fr-CA\"},{\"@type\":\"Organization\",\"@id\":\"https:\/\/bird.staging.gratisites.com\/#organization\",\"name\":\"Bird Construction\",\"url\":\"https:\/\/bird.staging.gratisites.com\/\",\"logo\":{\"@type\":\"ImageObject\",\"inLanguage\":\"fr-CA\",\"@id\":\"https:\/\/bird.staging.gratisites.com\/#\/schema\/logo\/image\/\",\"url\":\"https:\/\/cdn.bird.ca\/2025\/01\/20212041\/bird-logo-RGB-e1739411338652.png\",\"contentUrl\":\"https:\/\/cdn.bird.ca\/2025\/01\/20212041\/bird-logo-RGB-e1739411338652.png\",\"width\":865,\"height\":366,\"caption\":\"Bird Construction\"},\"image\":{\"@id\":\"https:\/\/bird.staging.gratisites.com\/#\/schema\/logo\/image\/\"},\"sameAs\":[\"https:\/\/www.facebook.com\/people\/Bird-Construction-Inc\/100064108594609\/\",\"https:\/\/www.instagram.com\/birdconstructioninc\/\",\"https:\/\/ca.linkedin.com\/company\/bird-construction-inc\"]}]}<\/script>\n<!-- \/ Yoast SEO Premium plugin. -->","yoast_head_json":{"title":"La s\u00e9curit\u00e9 chez BIRD Construction","description":"Chez Bird, nous reconnaissons que la cr\u00e9ation d'une culture d'entreprise dans laquelle nous nous engageons tous \u00e0 faire en sorte que chacun rentre chez lui \u00e0 la fin de la journ\u00e9e en aussi bonne sant\u00e9 qu'\u00e0 son arriv\u00e9e est essentielle \u00e0 notre succ\u00e8s. C'est ainsi que nous travaillons.","robots":{"index":"index","follow":"follow","max-snippet":"max-snippet:-1","max-image-preview":"max-image-preview:large","max-video-preview":"max-video-preview:-1"},"canonical":"https:\/\/bird.staging.gratisites.com\/fr\/qui-nous-sommes\/la-securite\/","og_locale":"fr_CA","og_type":"article","og_title":"Safety | Bird Construction","og_description":"Bird Construction has been providing construction services to a long list of new and repeat clients since 1920.","og_url":"https:\/\/bird.staging.gratisites.com\/fr\/qui-nous-sommes\/la-securite\/","og_site_name":"Bird Construction","article_publisher":"https:\/\/www.facebook.com\/people\/Bird-Construction-Inc\/100064108594609\/","article_modified_time":"2025-07-11T13:11:08+00:00","og_image":[{"width":2560,"height":612,"url":"https:\/\/cdn.bird.ca\/2025\/02\/20211845\/safety-banner_working_new-02-scaled.jpg","type":"image\/jpeg"}],"twitter_card":"summary_large_image","twitter_misc":{"Estimation du temps de lecture":"3 minutes"},"schema":{"@context":"https:\/\/schema.org","@graph":[{"@type":"WebPage","@id":"https:\/\/bird.staging.gratisites.com\/who-we-are\/safety\/","url":"https:\/\/bird.staging.gratisites.com\/who-we-are\/safety\/","name":"La s\u00e9curit\u00e9 chez BIRD Construction","isPartOf":{"@id":"https:\/\/bird.staging.gratisites.com\/#website"},"primaryImageOfPage":{"@id":"https:\/\/bird.staging.gratisites.com\/who-we-are\/safety\/#primaryimage"},"image":{"@id":"https:\/\/bird.staging.gratisites.com\/who-we-are\/safety\/#primaryimage"},"thumbnailUrl":"https:\/\/cdn.bird.ca\/2025\/02\/20211845\/safety-banner_working_new-02-scaled.jpg","datePublished":"2025-01-28T23:52:18+00:00","dateModified":"2025-07-11T13:11:08+00:00","description":"Chez Bird, nous reconnaissons que la cr\u00e9ation d'une culture d'entreprise dans laquelle nous nous engageons tous \u00e0 faire en sorte que chacun rentre chez lui \u00e0 la fin de la journ\u00e9e en aussi bonne sant\u00e9 qu'\u00e0 son arriv\u00e9e est essentielle \u00e0 notre succ\u00e8s. C'est ainsi que nous travaillons.","breadcrumb":{"@id":"https:\/\/bird.staging.gratisites.com\/who-we-are\/safety\/#breadcrumb"},"inLanguage":"fr-CA","potentialAction":[{"@type":"ReadAction","target":["https:\/\/bird.staging.gratisites.com\/who-we-are\/safety\/"]}]},{"@type":"ImageObject","inLanguage":"fr-CA","@id":"https:\/\/bird.staging.gratisites.com\/who-we-are\/safety\/#primaryimage","url":"https:\/\/cdn.bird.ca\/2025\/02\/20211845\/safety-banner_working_new-02-scaled.jpg","contentUrl":"https:\/\/cdn.bird.ca\/2025\/02\/20211845\/safety-banner_working_new-02-scaled.jpg","width":2560,"height":612,"caption":"A collage of construction workers wearing safety gear and Bird-branded helmets, collaborating, smiling, and working with equipment on a job site outdoors."},{"@type":"BreadcrumbList","@id":"https:\/\/bird.staging.gratisites.com\/who-we-are\/safety\/#breadcrumb","itemListElement":[{"@type":"ListItem","position":1,"name":"Home","item":"https:\/\/bird.staging.gratisites.com\/"},{"@type":"ListItem","position":2,"name":"Who We Are","item":"https:\/\/bird.staging.gratisites.com\/who-we-are\/"},{"@type":"ListItem","position":3,"name":"Safety"}]},{"@type":"WebSite","@id":"https:\/\/bird.staging.gratisites.com\/#website","url":"https:\/\/bird.staging.gratisites.com\/","name":"Bird Construction","description":"","publisher":{"@id":"https:\/\/bird.staging.gratisites.com\/#organization"},"potentialAction":[{"@type":"SearchAction","target":{"@type":"EntryPoint","urlTemplate":"https:\/\/bird.staging.gratisites.com\/?s={search_term_string}"},"query-input":{"@type":"PropertyValueSpecification","valueRequired":true,"valueName":"search_term_string"}}],"inLanguage":"fr-CA"},{"@type":"Organization","@id":"https:\/\/bird.staging.gratisites.com\/#organization","name":"Bird Construction","url":"https:\/\/bird.staging.gratisites.com\/","logo":{"@type":"ImageObject","inLanguage":"fr-CA","@id":"https:\/\/bird.staging.gratisites.com\/#\/schema\/logo\/image\/","url":"https:\/\/cdn.bird.ca\/2025\/01\/20212041\/bird-logo-RGB-e1739411338652.png","contentUrl":"https:\/\/cdn.bird.ca\/2025\/01\/20212041\/bird-logo-RGB-e1739411338652.png","width":865,"height":366,"caption":"Bird Construction"},"image":{"@id":"https:\/\/bird.staging.gratisites.com\/#\/schema\/logo\/image\/"},"sameAs":["https:\/\/www.facebook.com\/people\/Bird-Construction-Inc\/100064108594609\/","https:\/\/www.instagram.com\/birdconstructioninc\/","https:\/\/ca.linkedin.com\/company\/bird-construction-inc"]}]}},"_links":{"self":[{"href":"https:\/\/bird.staging.gratisites.com\/fr\/wp-json\/wp\/v2\/pages\/239","targetHints":{"allow":["GET"]}}],"collection":[{"href":"https:\/\/bird.staging.gratisites.com\/fr\/wp-json\/wp\/v2\/pages"}],"about":[{"href":"https:\/\/bird.staging.gratisites.com\/fr\/wp-json\/wp\/v2\/types\/page"}],"author":[{"embeddable":true,"href":"https:\/\/bird.staging.gratisites.com\/fr\/wp-json\/wp\/v2\/users\/1"}],"replies":[{"embeddable":true,"href":"https:\/\/bird.staging.gratisites.com\/fr\/wp-json\/wp\/v2\/comments?post=239"}],"version-history":[{"count":68,"href":"https:\/\/bird.staging.gratisites.com\/fr\/wp-json\/wp\/v2\/pages\/239\/revisions"}],"predecessor-version":[{"id":9255,"href":"https:\/\/bird.staging.gratisites.com\/fr\/wp-json\/wp\/v2\/pages\/239\/revisions\/9255"}],"up":[{"embeddable":true,"href":"https:\/\/bird.staging.gratisites.com\/fr\/wp-json\/wp\/v2\/pages\/16"}],"wp:featuredmedia":[{"embeddable":true,"href":"https:\/\/bird.staging.gratisites.com\/fr\/wp-json\/wp\/v2\/media\/938"}],"wp:attachment":[{"href":"https:\/\/bird.staging.gratisites.com\/fr\/wp-json\/wp\/v2\/media?parent=239"}],"curies":[{"name":"wp","href":"https:\/\/api.w.org\/{rel}","templated":true}]}}