{"id":20,"date":"2025-01-22T07:22:29","date_gmt":"2025-01-22T07:22:29","guid":{"rendered":"https:\/\/bird.staging.gratisites.com\/?page_id=20"},"modified":"2025-07-11T19:15:09","modified_gmt":"2025-07-11T19:15:09","slug":"experience-du-projet","status":"publish","type":"page","link":"https:\/\/bird.staging.gratisites.com\/fr\/experience-du-projet\/","title":{"rendered":"Exp\u00e9rience du projet"},"content":{"rendered":"<div class=\"wp-block-themepunch-revslider revslider\" data-modal=\"false\" data-slidertitle=\"Project Experience Video Slider\" style=\"\">\n\t\t\t\t<p class=\"rs-p-wp-fix\"><\/p>\n\t\t\t\t<sr7-module data-alias=\"project-experience-video\" data-id=\"17\" id=\"SR7_17_1\" class=\"rs-ov-hidden\" data-version=\"6.7.23\">\n\t\t\t\t\t<sr7-adjuster><\/sr7-adjuster>\n\t\t\t\t\t<sr7-content>\n\t\t\t\t\t\t<sr7-slide id=\"SR7_17_1-74\" data-key=\"74\">\n\t\t\t\t\t\t<\/sr7-slide>\n\t\t\t\t\t\t<sr7-slide id=\"SR7_17_1-77\" data-key=\"77\">\n\t\t\t\t\t\t<\/sr7-slide>\n\t\t\t\t\t<\/sr7-content>\n\t\t\t\t<\/sr7-module>\n\t\t\t\t<script>\n\t\t\t\t\tSR7.PMH ??={}; SR7.PMH[\"SR7_17_1\"] = {cn:100,state:false,fn: function() { if (_tpt!==undefined && _tpt.prepareModuleHeight !== undefined) {  _tpt.prepareModuleHeight({id:\"SR7_17_1\",el:[420,420,400,300,200],type:'standard',shdw:'0',gh:[420,420,336,339,240],gw:[1280,1280,1024,778,480],vpt:['-100px&#039;,&#039;-100px&#039;,&#039;-100px&#039;,&#039;-100px&#039;,&#039;-100px'],size:{fullWidth:true, fullHeight:false},mh:'0',onh:0,onw:0,bg:{color:'{\"orig\":\"transparent\",\"type\":\"solid\",\"string\":\"transparent\"}'}});   SR7.PMH[\"SR7_17_1\"].state=true;} else if(SR7.PMH[\"SR7_17_1\"].cn-->0)\tsetTimeout( SR7.PMH[\"SR7_17_1\"].fn,19);}};SR7.PMH[\"SR7_17_1\" ].fn();\n\t\t\t\t<\/script>\n<\/div>\n\n\n\n<div style=\"height:100px\" aria-hidden=\"true\" class=\"wp-block-spacer is-style-entry-space\"><\/div>\n\n\n<div class=\"breadcrumb-block wp-block-create-block-breadcrumb-block\">\n\t\t\t\t\t<nav class=\"breadcrumb\" aria-label=\"Fil d&#039;Ariane\">\n\t\t\t<ol class=\"breadcrumb-list\">\n\t\t\t\t\t\t\t\t\t<li class=\"breadcrumb-item\"><a href=\"https:\/\/bird.staging.gratisites.com\/fr\/\">Accueil<\/a><\/li>\t\t\t\t\t\t\t<\/ol>\n\t\t<\/nav>\n\t<\/div>\n\n\n<h1 class=\"wp-block-heading\" id=\"h-project-experience\" style=\"margin-top:var(--wp--preset--spacing--70);margin-bottom:var(--wp--preset--spacing--70)\">Exp\u00e9rience du projet<\/h1>\n\n\n<div class=\"wp-block-create-block-category-cards\">\n\t<div class=\"category-cards-grid\">\n\t\t\t\t\t<a href=\"https:\/\/bird.staging.gratisites.com\/fr\/experience-du-projet\/agricole\/\" class=\"category-card\"\n\t\t\t\ttarget=\"_self\"\n\t\t\t\trel=\"bookmark\">\n\t\t\t\t\t\t\t\t\t<img decoding=\"async\" src=\"https:\/\/cdn.bird.ca\/2025\/02\/20211839\/agricultural-chemicals-agricultural-industrial.svg\" alt=\"agricole\" \/>\n\t\t\t\t\t\t\t\t<h2>Produits chimiques agricoles et produits agricoles industriels<\/h2>\n\t\t\t<\/a>\n\t\t\t\t\t<a href=\"https:\/\/bird.staging.gratisites.com\/fr\/experience-du-projet\/produits-chimiques\/\" class=\"category-card\"\n\t\t\t\ttarget=\"_self\"\n\t\t\t\trel=\"bookmark\">\n\t\t\t\t\t\t\t\t\t<img decoding=\"async\" src=\"https:\/\/cdn.bird.ca\/2025\/02\/20211839\/chemicals-fuels-oil-gas418f0756ee844c30b95907fa77ab2af3.svg\" alt=\"Dessin simple au trait vert d&#039;un grand r\u00e9servoir de stockage cylindrique avec une \u00e9chelle verticale attach\u00e9e au c\u00f4t\u00e9 droit.\" \/>\n\t\t\t\t\t\t\t\t<h2>Produits chimiques et combustibles, P\u00e9trole et gaz<\/h2>\n\t\t\t<\/a>\n\t\t\t\t\t<a href=\"https:\/\/bird.staging.gratisites.com\/fr\/experience-du-projet\/commercial\/\" class=\"category-card\"\n\t\t\t\ttarget=\"_self\"\n\t\t\t\trel=\"bookmark\">\n\t\t\t\t\t\t\t\t\t<img decoding=\"async\" src=\"https:\/\/cdn.bird.ca\/2025\/02\/20211840\/commercial.svg\" alt=\"Ic\u00f4ne verte repr\u00e9sentant un immeuble de bureaux \u00e0 plusieurs \u00e9tages avec des fen\u00eatres, centr\u00e9 entre deux b\u00e2timents plus petits, sur un fond clair.\" \/>\n\t\t\t\t\t\t\t\t<h2>Commercial<\/h2>\n\t\t\t<\/a>\n\t\t\t\t\t<a href=\"https:\/\/bird.staging.gratisites.com\/fr\/experience-du-projet\/centres-de-donnees\/\" class=\"category-card\"\n\t\t\t\ttarget=\"_self\"\n\t\t\t\trel=\"bookmark\">\n\t\t\t\t\t\t\t\t\t<img decoding=\"async\" src=\"https:\/\/cdn.bird.ca\/2025\/02\/20211840\/data-centres.svg\" alt=\"Dessin en vert d&#039;un serveur informatique avec trois unit\u00e9s empil\u00e9es, chacune marqu\u00e9e d&#039;un point, et connect\u00e9e \u00e0 une ligne de r\u00e9seau en dessous.\" \/>\n\t\t\t\t\t\t\t\t<h2>Centres de donn\u00e9es<\/h2>\n\t\t\t<\/a>\n\t\t\t\t\t<a href=\"https:\/\/bird.staging.gratisites.com\/fr\/experience-du-projet\/leducation\/\" class=\"category-card\"\n\t\t\t\ttarget=\"_self\"\n\t\t\t\trel=\"bookmark\">\n\t\t\t\t\t\t\t\t\t<img decoding=\"async\" src=\"https:\/\/cdn.bird.ca\/2025\/02\/20211841\/education.svg\" alt=\"Ic\u00f4ne verte d&#039;un b\u00e2timent scolaire avec un drapeau au sommet, deux fen\u00eatres de chaque c\u00f4t\u00e9 et des portes doubles \u00e0 l&#039;entr\u00e9e.\" \/>\n\t\t\t\t\t\t\t\t<h2>L'\u00e9ducation<\/h2>\n\t\t\t<\/a>\n\t\t\t\t\t<a href=\"https:\/\/bird.staging.gratisites.com\/fr\/experience-du-projet\/soins-de-sante\/\" class=\"category-card\"\n\t\t\t\ttarget=\"_self\"\n\t\t\t\trel=\"bookmark\">\n\t\t\t\t\t\t\t\t\t<img decoding=\"async\" src=\"https:\/\/cdn.bird.ca\/2025\/02\/20211841\/healthcare.svg\" alt=\"Dessin au trait vert d&#039;un b\u00e2timent hospitalier avec une grande entr\u00e9e, plusieurs fen\u00eatres et un panneau H en haut au centre.\" \/>\n\t\t\t\t\t\t\t\t<h2>Soins de sant\u00e9<\/h2>\n\t\t\t<\/a>\n\t\t\t\t\t<a href=\"https:\/\/bird.staging.gratisites.com\/fr\/experience-du-projet\/fabrication-2\/\" class=\"category-card\"\n\t\t\t\ttarget=\"_self\"\n\t\t\t\trel=\"bookmark\">\n\t\t\t\t\t\t\t\t\t<img decoding=\"async\" src=\"https:\/\/cdn.bird.ca\/2025\/02\/20211841\/manufacturing.svg\" alt=\"Dessin en vert d&#039;un bras robotis\u00e9 avec une griffe, positionn\u00e9 au-dessus d&#039;un tapis roulant.\" \/>\n\t\t\t\t\t\t\t\t<h2>Fabrication<\/h2>\n\t\t\t<\/a>\n\t\t\t\t\t<a href=\"https:\/\/bird.staging.gratisites.com\/fr\/experience-du-projet\/vie-adulte\/\" class=\"category-card\"\n\t\t\t\ttarget=\"_self\"\n\t\t\t\trel=\"bookmark\">\n\t\t\t\t\t\t\t\t\t<img decoding=\"async\" src=\"https:\/\/cdn.bird.ca\/2025\/02\/20211841\/mature-living.svg\" alt=\"Un simple dessin au trait vert d&#039;un b\u00e2timent de deux \u00e9tages avec plusieurs fen\u00eatres et deux arbres sur le c\u00f4t\u00e9 gauche.\" \/>\n\t\t\t\t\t\t\t\t<h2>Vie adulte<\/h2>\n\t\t\t<\/a>\n\t\t\t\t\t<a href=\"https:\/\/bird.staging.gratisites.com\/fr\/experience-du-projet\/defense-militaire\/\" class=\"category-card\"\n\t\t\t\ttarget=\"_self\"\n\t\t\t\trel=\"bookmark\">\n\t\t\t\t\t\t\t\t\t<img decoding=\"async\" src=\"https:\/\/cdn.bird.ca\/2025\/02\/20211841\/military-defence.svg\" alt=\"Dessin vert simple d&#039;un cerveau avec des lignes et des courbes abstraites \u00e0 l&#039;int\u00e9rieur, repr\u00e9sentant les voies neuronales ou l&#039;activit\u00e9 c\u00e9r\u00e9brale, sur un fond clair.\" \/>\n\t\t\t\t\t\t\t\t<h2>Militaire et d\u00e9fense<\/h2>\n\t\t\t<\/a>\n\t\t\t\t\t<a href=\"https:\/\/bird.staging.gratisites.com\/fr\/experience-du-projet\/lexploitation-miniere\/\" class=\"category-card\"\n\t\t\t\ttarget=\"_self\"\n\t\t\t\trel=\"bookmark\">\n\t\t\t\t\t\t\t\t\t<img decoding=\"async\" src=\"https:\/\/cdn.bird.ca\/2025\/02\/20211842\/mining-mineral-processing.svg\" alt=\"Dessin au trait vert d&#039;un camion-benne tourn\u00e9 vers la droite sur fond blanc.\" \/>\n\t\t\t\t\t\t\t\t<h2>Exploitation mini\u00e8re et traitement des minerais<\/h2>\n\t\t\t<\/a>\n\t\t\t\t\t<a href=\"https:\/\/bird.staging.gratisites.com\/fr\/experience-du-projet\/pouvoir\/\" class=\"category-card\"\n\t\t\t\ttarget=\"_self\"\n\t\t\t\trel=\"bookmark\">\n\t\t\t\t\t\t\t\t\t<img decoding=\"async\" src=\"https:\/\/cdn.bird.ca\/2025\/02\/20211842\/power.svg\" alt=\"Ic\u00f4ne d&#039;un \u00e9clair vert \u00e0 l&#039;int\u00e9rieur d&#039;un cercle vert sur un fond clair.\" \/>\n\t\t\t\t\t\t\t\t<h2>Puissance<\/h2>\n\t\t\t<\/a>\n\t\t\t\t\t<a href=\"https:\/\/bird.staging.gratisites.com\/fr\/experience-du-projet\/securite-publique\/\" class=\"category-card\"\n\t\t\t\ttarget=\"_self\"\n\t\t\t\trel=\"bookmark\">\n\t\t\t\t\t\t\t\t\t<img decoding=\"async\" src=\"https:\/\/cdn.bird.ca\/2025\/02\/20211842\/public-safety.svg\" alt=\"Dessin au trait vert d&#039;un b\u00e2timent scolaire avec une grande entr\u00e9e et un embl\u00e8me de bouclier au-dessus des portes.\" \/>\n\t\t\t\t\t\t\t\t<h2>S\u00e9curit\u00e9 publique<\/h2>\n\t\t\t<\/a>\n\t\t\t\t\t<a href=\"https:\/\/bird.staging.gratisites.com\/fr\/experience-du-projet\/espaces-publics\/\" class=\"category-card\"\n\t\t\t\ttarget=\"_self\"\n\t\t\t\trel=\"bookmark\">\n\t\t\t\t\t\t\t\t\t<img decoding=\"async\" src=\"https:\/\/cdn.bird.ca\/2025\/02\/20211842\/public-spaces.svg\" alt=\"Un simple dessin vert d&#039;un stade avec deux drapeaux au sommet et une grande entr\u00e9e \u00e0 l&#039;avant.\" \/>\n\t\t\t\t\t\t\t\t<h2>Espaces publics<\/h2>\n\t\t\t<\/a>\n\t\t\t\t\t<a href=\"https:\/\/bird.staging.gratisites.com\/fr\/experience-du-projet\/pate-a-papier\/\" class=\"category-card\"\n\t\t\t\ttarget=\"_self\"\n\t\t\t\trel=\"bookmark\">\n\t\t\t\t\t\t\t\t\t<img decoding=\"async\" src=\"https:\/\/cdn.bird.ca\/2025\/02\/20211842\/pulp-paper.svg\" alt=\"Contour vert simple de trois pins, avec le plus grand arbre au centre et deux arbres plus petits de chaque c\u00f4t\u00e9, le tout sur un fond clair.\" \/>\n\t\t\t\t\t\t\t\t<h2>P\u00e2tes et papiers<\/h2>\n\t\t\t<\/a>\n\t\t\t\t\t<a href=\"https:\/\/bird.staging.gratisites.com\/fr\/experience-du-projet\/residentiel\/\" class=\"category-card\"\n\t\t\t\ttarget=\"_self\"\n\t\t\t\trel=\"bookmark\">\n\t\t\t\t\t\t\t\t\t<img decoding=\"async\" src=\"https:\/\/cdn.bird.ca\/2025\/02\/20211843\/residential.svg\" alt=\"Dessin au trait vert d&#039;un b\u00e2timent avec six fen\u00eatres et une porte, ressemblant \u00e0 un immeuble de bureaux ou d&#039;appartements, sur fond clair.\" \/>\n\t\t\t\t\t\t\t\t<h2>R\u00e9sidentiel<\/h2>\n\t\t\t<\/a>\n\t\t\t\t\t<a href=\"https:\/\/bird.staging.gratisites.com\/fr\/experience-du-projet\/le-transport\/\" class=\"category-card\"\n\t\t\t\ttarget=\"_self\"\n\t\t\t\trel=\"bookmark\">\n\t\t\t\t\t\t\t\t\t<img decoding=\"async\" src=\"https:\/\/cdn.bird.ca\/2025\/02\/20211843\/transportation.svg\" alt=\"Dessin simple au trait vert d&#039;un tron\u00e7on de voie ferr\u00e9e, repr\u00e9sent\u00e9 en perspective a\u00e9rienne.\" \/>\n\t\t\t\t\t\t\t\t<h2>Transport<\/h2>\n\t\t\t<\/a>\n\t\t\t\t\t<a href=\"https:\/\/bird.staging.gratisites.com\/fr\/experience-du-projet\/services-publics\/\" class=\"category-card\"\n\t\t\t\ttarget=\"_self\"\n\t\t\t\trel=\"bookmark\">\n\t\t\t\t\t\t\t\t\t<img decoding=\"async\" src=\"https:\/\/cdn.bird.ca\/2025\/02\/20211843\/utilities.svg\" alt=\"Ic\u00f4nes de ligne verte repr\u00e9sentant une flamme, un \u00e9clair et une goutte d&#039;eau, repr\u00e9sentant des sources d&#039;\u00e9nergie telles que le gaz, l&#039;\u00e9lectricit\u00e9 et l&#039;eau sur un fond clair.\" \/>\n\t\t\t\t\t\t\t\t<h2>Utilitaires<\/h2>\n\t\t\t<\/a>\n\t\t\t\t\t<a href=\"https:\/\/bird.staging.gratisites.com\/fr\/experience-du-projet\/logistique-dentreposage\/\" class=\"category-card\"\n\t\t\t\ttarget=\"_self\"\n\t\t\t\trel=\"bookmark\">\n\t\t\t\t\t\t\t\t\t<img decoding=\"async\" src=\"https:\/\/cdn.bird.ca\/2025\/02\/20211843\/warehousing-logistics.svg\" alt=\"Ic\u00f4ne verte d&#039;un entrep\u00f4t avec une grande porte, trois bo\u00eetes empil\u00e9es \u00e0 l&#039;int\u00e9rieur et un panneau rectangulaire au-dessus de l&#039;entr\u00e9e, symbolisant le stockage ou l&#039;inventaire.\" \/>\n\t\t\t\t\t\t\t\t<h2>Entreposage et logistique<\/h2>\n\t\t\t<\/a>\n\t\t\t\t\t<a href=\"https:\/\/bird.staging.gratisites.com\/fr\/experience-du-projet\/lenvironnement-aquatique\/\" class=\"category-card\"\n\t\t\t\ttarget=\"_self\"\n\t\t\t\trel=\"bookmark\">\n\t\t\t\t\t\t\t\t\t<img decoding=\"async\" src=\"https:\/\/cdn.bird.ca\/2025\/02\/20211843\/water-environment.svg\" alt=\"Un simple dessin au trait vert de deux gouttes d&#039;eau qui se chevauchent, l&#039;une plus grande et l&#039;autre plus petite, sur un fond gris clair.\" \/>\n\t\t\t\t\t\t\t\t<h2>Eau et environnement<\/h2>\n\t\t\t<\/a>\n\t\t\t<\/div>\n<\/div>\n\n\n<div style=\"height:100px\" aria-hidden=\"true\" class=\"wp-block-spacer is-style-entry-space\"><\/div>\n\n\n<div class=\"post-list-filters-block wp-block-create-block-post-list-filters\"\tdata-post-type=\"projects\" data-button-taxonomy=\"market\"\n\tdata-button-parent-term=\"0\">\n\t<div class=\"dropdown-filters\"><div class=\"dropdown-filter\"><div class=\"dropdown-group\"><select class=\"filter-dropdown\" id=\"filter-dropdown-0\" data-filter-index=\"0\" data-taxonomy=\"market\" data-has-child=\"true\" title=\"Filtrer par tous les march\u00e9s\" aria-label=\"Filtrer par tous les march\u00e9s\"><option value=\"\" disabled selected>Tous les march\u00e9s<\/option><option value=\"\">Tous<\/option><option value=\"160\">Produits chimiques agricoles et produits agricoles industriels<\/option><option value=\"94\">Produits chimiques et combustibles, P\u00e9trole et gaz<\/option><option value=\"87\">Commercial<\/option><option value=\"342\">Centres de donn\u00e9es<\/option><option value=\"98\">L'\u00e9ducation<\/option><option value=\"89\">Soins de sant\u00e9<\/option><option value=\"102\">Fabrication<\/option><option value=\"105\">Vie adulte<\/option><option value=\"109\">Militaire et d\u00e9fense<\/option><option value=\"112\">Exploitation mini\u00e8re et traitement des minerais<\/option><option value=\"113\">Puissance<\/option><option value=\"119\">S\u00e9curit\u00e9 publique<\/option><option value=\"124\">Espaces publics<\/option><option value=\"369\">P\u00e2tes et papiers<\/option><option value=\"88\">R\u00e9sidentiel<\/option><option value=\"127\">Transport<\/option><option value=\"130\">Utilitaires<\/option><option value=\"381\">Entreposage et logistique<\/option><option value=\"132\">Eau et environnement<\/option><\/select><\/div><\/div><div class=\"dropdown-filter\"><div class=\"dropdown-group\"><select class=\"dependent-dropdown\" id=\"dependent-dropdown-0\" data-dependent-of=\"0\" data-taxonomy=\"market\" title=\"Choisir parmi tous les march\u00e9s\" aria-label=\"Choisir parmi tous les march\u00e9s\"><option value=\"\" disabled selected>Choisir parmi tous les march\u00e9s<\/option><\/select><\/div><\/div><div class=\"dropdown-filter\"><div class=\"dropdown-group\"><select class=\"filter-dropdown\" id=\"filter-dropdown-1\" data-filter-index=\"1\" data-taxonomy=\"location\"  title=\"Filtrer par provinces\" aria-label=\"Filtrer par provinces\"><option value=\"\" disabled selected>Provinces<\/option><option value=\"\">Tous<\/option><option value=\"135\">Alberta<\/option><option value=\"141\">Colombie-Britannique<\/option><option value=\"145\">Manitoba<\/option><option value=\"148\">Nouveau-Brunswick<\/option><option value=\"149\">Terre-Neuve et Labrador<\/option><option value=\"158\">Nord<\/option><option value=\"150\">Nouvelle-\u00c9cosse<\/option><option value=\"151\">Ontario<\/option><option value=\"155\">Qu\u00e9bec<\/option><option value=\"156\">Saskatchewan<\/option><option value=\"157\">Territoires<\/option><option value=\"458\">Divers sites, Alberta<\/option><\/select><\/div><\/div><div class=\"dropdown-filter\"><div class=\"dropdown-group\"><select class=\"filter-dropdown\" id=\"filter-dropdown-2\" data-filter-index=\"2\" data-taxonomy=\"delivery_model\"  title=\"Filtrer par mod\u00e8les\" aria-label=\"Filtrer par mod\u00e8les\"><option value=\"\" disabled selected>Mod\u00e8les<\/option><option value=\"\">Tous<\/option><option value=\"163\">Gestion de la construction<\/option><option value=\"164\">Conception-construction\/ing\u00e9nierie, approvisionnement, construction<\/option><option value=\"165\">Entreprise g\u00e9n\u00e9rale<\/option><option value=\"166\">Entreprise g\u00e9n\u00e9rale industrielle<\/option><option value=\"167\">Ex\u00e9cution int\u00e9gr\u00e9e des projets<\/option><option value=\"168\">Partenariat public-priv\u00e9<\/option><option value=\"169\">Projets sp\u00e9ciaux<\/option><option value=\"170\">Somme stipul\u00e9e<\/option><option value=\"448\">Prix unitaire<\/option><\/select><\/div><\/div><div class=\"dropdown-filter\"><div class=\"dropdown-group\"><select class=\"filter-dropdown\" id=\"filter-dropdown-3\" data-filter-index=\"3\" data-taxonomy=\"service\"  title=\"Filtrer par tous les services\" aria-label=\"Filtrer par tous les services\"><option value=\"\" disabled selected>Tous les services<\/option><option value=\"\">Tous<\/option><option value=\"172\">BIM\/VDC<\/option><option value=\"173\">Fonds propres<\/option><option value=\"174\">Fabrication<\/option><option value=\"175\">Maintenance industrielle<\/option><option value=\"176\">LEED<sup aria-hidden=\"true\">\u00ae<\/sup><span class=\"screen-reader-text\">enregistr\u00e9<\/span>\/Construction durable<\/option><option value=\"177\">Bois de masse<\/option><option value=\"178\">B\u00e2timents modulaires<\/option><option value=\"179\">Participation des entrepreneurs avant la construction\/au d\u00e9but de la construction<\/option><option value=\"180\">Auto-ex\u00e9cution : Civil<\/option><option value=\"181\">Auto-ex\u00e9cution : Processus<\/option><option value=\"182\">Projets sp\u00e9ciaux<\/option><\/select><\/div><\/div><\/div><div class=\"filtered-posts\"><div class=\"post-grid\"><p>Chargement des projets...<\/p><\/div><\/div><\/div>\n\n\n<div style=\"height:100px\" aria-hidden=\"true\" class=\"wp-block-spacer is-style-entry-space\"><\/div>","protected":false},"excerpt":{"rendered":"<p>Exp\u00e9rience du projet<\/p>","protected":false},"author":1,"featured_media":0,"parent":0,"menu_order":0,"comment_status":"closed","ping_status":"closed","template":"","meta":{"_acf_changed":false,"footnotes":""},"class_list":["post-20","page","type-page","status-publish","hentry"],"acf":[],"yoast_head":"<!-- This site is optimized with the Yoast SEO Premium plugin v24.6 (Yoast SEO v26.6) - https:\/\/yoast.com\/wordpress\/plugins\/seo\/ -->\n<title>Projects | Bird Construction<\/title>\n<meta name=\"description\" content=\"Reflecting its broad scope, Bird&#039;s clients include leading firms in the commercial, institutional, retail, multi-tenant residential, industrial, mining, water and wastewater, energy, renewables, nuclear, and civil sectors.\" \/>\n<meta name=\"robots\" content=\"index, follow, max-snippet:-1, max-image-preview:large, max-video-preview:-1\" \/>\n<link rel=\"canonical\" href=\"https:\/\/bird.staging.gratisites.com\/fr\/experience-du-projet\/\" \/>\n<meta property=\"og:locale\" content=\"fr_CA\" \/>\n<meta property=\"og:type\" content=\"article\" \/>\n<meta property=\"og:title\" content=\"Project Experience | Bird Construction\" \/>\n<meta property=\"og:description\" content=\"Bird Construction has been providing construction services to a long list of new and repeat clients since 1920.\" \/>\n<meta property=\"og:url\" content=\"https:\/\/bird.staging.gratisites.com\/fr\/experience-du-projet\/\" \/>\n<meta property=\"og:site_name\" content=\"Bird Construction\" \/>\n<meta property=\"article:publisher\" content=\"https:\/\/www.facebook.com\/people\/Bird-Construction-Inc\/100064108594609\/\" \/>\n<meta property=\"article:modified_time\" content=\"2025-07-11T19:15:09+00:00\" \/>\n<meta property=\"og:image\" content=\"https:\/\/cdn.bird.ca\/2025\/01\/20212040\/bird-logo-RGB.jpg\" \/>\n\t<meta property=\"og:image:width\" content=\"1050\" \/>\n\t<meta property=\"og:image:height\" content=\"600\" \/>\n\t<meta property=\"og:image:type\" content=\"image\/jpeg\" \/>\n<meta name=\"twitter:card\" content=\"summary_large_image\" \/>\n<meta name=\"twitter:label1\" content=\"Estimation du temps de lecture\" \/>\n\t<meta name=\"twitter:data1\" content=\"1 minute\" \/>\n<script type=\"application\/ld+json\" class=\"yoast-schema-graph\">{\"@context\":\"https:\/\/schema.org\",\"@graph\":[{\"@type\":\"WebPage\",\"@id\":\"https:\/\/bird.staging.gratisites.com\/project-experience\/\",\"url\":\"https:\/\/bird.staging.gratisites.com\/project-experience\/\",\"name\":\"Projects | Bird Construction\",\"isPartOf\":{\"@id\":\"https:\/\/bird.staging.gratisites.com\/#website\"},\"datePublished\":\"2025-01-22T07:22:29+00:00\",\"dateModified\":\"2025-07-11T19:15:09+00:00\",\"description\":\"Reflecting its broad scope, Bird's clients include leading firms in the commercial, institutional, retail, multi-tenant residential, industrial, mining, water and wastewater, energy, renewables, nuclear, and civil sectors.\",\"breadcrumb\":{\"@id\":\"https:\/\/bird.staging.gratisites.com\/project-experience\/#breadcrumb\"},\"inLanguage\":\"fr-CA\",\"potentialAction\":[{\"@type\":\"ReadAction\",\"target\":[\"https:\/\/bird.staging.gratisites.com\/project-experience\/\"]}]},{\"@type\":\"BreadcrumbList\",\"@id\":\"https:\/\/bird.staging.gratisites.com\/project-experience\/#breadcrumb\",\"itemListElement\":[{\"@type\":\"ListItem\",\"position\":1,\"name\":\"Home\",\"item\":\"https:\/\/bird.staging.gratisites.com\/\"},{\"@type\":\"ListItem\",\"position\":2,\"name\":\"Project Experience\"}]},{\"@type\":\"WebSite\",\"@id\":\"https:\/\/bird.staging.gratisites.com\/#website\",\"url\":\"https:\/\/bird.staging.gratisites.com\/\",\"name\":\"Bird Construction\",\"description\":\"\",\"publisher\":{\"@id\":\"https:\/\/bird.staging.gratisites.com\/#organization\"},\"potentialAction\":[{\"@type\":\"SearchAction\",\"target\":{\"@type\":\"EntryPoint\",\"urlTemplate\":\"https:\/\/bird.staging.gratisites.com\/?s={search_term_string}\"},\"query-input\":{\"@type\":\"PropertyValueSpecification\",\"valueRequired\":true,\"valueName\":\"search_term_string\"}}],\"inLanguage\":\"fr-CA\"},{\"@type\":\"Organization\",\"@id\":\"https:\/\/bird.staging.gratisites.com\/#organization\",\"name\":\"Bird Construction\",\"url\":\"https:\/\/bird.staging.gratisites.com\/\",\"logo\":{\"@type\":\"ImageObject\",\"inLanguage\":\"fr-CA\",\"@id\":\"https:\/\/bird.staging.gratisites.com\/#\/schema\/logo\/image\/\",\"url\":\"https:\/\/cdn.bird.ca\/2025\/01\/20212041\/bird-logo-RGB-e1739411338652.png\",\"contentUrl\":\"https:\/\/cdn.bird.ca\/2025\/01\/20212041\/bird-logo-RGB-e1739411338652.png\",\"width\":865,\"height\":366,\"caption\":\"Bird Construction\"},\"image\":{\"@id\":\"https:\/\/bird.staging.gratisites.com\/#\/schema\/logo\/image\/\"},\"sameAs\":[\"https:\/\/www.facebook.com\/people\/Bird-Construction-Inc\/100064108594609\/\",\"https:\/\/www.instagram.com\/birdconstructioninc\/\",\"https:\/\/ca.linkedin.com\/company\/bird-construction-inc\"]}]}<\/script>\n<!-- \/ Yoast SEO Premium plugin. -->","yoast_head_json":{"title":"Projets - Bird Construction","description":"Refl\u00e9tant l'\u00e9tendue de son champ d'action, Bird compte parmi ses clients des entreprises de premier plan dans les secteurs commercial, institutionnel, de la vente au d\u00e9tail, de l'habitat collectif, de l'industrie, de l'exploitation mini\u00e8re, de l'eau et des eaux us\u00e9es, de l'\u00e9nergie, des \u00e9nergies renouvelables, du nucl\u00e9aire et de la construction civile.","robots":{"index":"index","follow":"follow","max-snippet":"max-snippet:-1","max-image-preview":"max-image-preview:large","max-video-preview":"max-video-preview:-1"},"canonical":"https:\/\/bird.staging.gratisites.com\/fr\/experience-du-projet\/","og_locale":"fr_CA","og_type":"article","og_title":"Project Experience | Bird Construction","og_description":"Bird Construction has been providing construction services to a long list of new and repeat clients since 1920.","og_url":"https:\/\/bird.staging.gratisites.com\/fr\/experience-du-projet\/","og_site_name":"Bird Construction","article_publisher":"https:\/\/www.facebook.com\/people\/Bird-Construction-Inc\/100064108594609\/","article_modified_time":"2025-07-11T19:15:09+00:00","og_image":[{"width":1050,"height":600,"url":"https:\/\/cdn.bird.ca\/2025\/01\/20212040\/bird-logo-RGB.jpg","type":"image\/jpeg"}],"twitter_card":"summary_large_image","twitter_misc":{"Estimation du temps de lecture":"1 minute"},"schema":{"@context":"https:\/\/schema.org","@graph":[{"@type":"WebPage","@id":"https:\/\/bird.staging.gratisites.com\/project-experience\/","url":"https:\/\/bird.staging.gratisites.com\/project-experience\/","name":"Projets - Bird Construction","isPartOf":{"@id":"https:\/\/bird.staging.gratisites.com\/#website"},"datePublished":"2025-01-22T07:22:29+00:00","dateModified":"2025-07-11T19:15:09+00:00","description":"Refl\u00e9tant l'\u00e9tendue de son champ d'action, Bird compte parmi ses clients des entreprises de premier plan dans les secteurs commercial, institutionnel, de la vente au d\u00e9tail, de l'habitat collectif, de l'industrie, de l'exploitation mini\u00e8re, de l'eau et des eaux us\u00e9es, de l'\u00e9nergie, des \u00e9nergies renouvelables, du nucl\u00e9aire et de la construction civile.","breadcrumb":{"@id":"https:\/\/bird.staging.gratisites.com\/project-experience\/#breadcrumb"},"inLanguage":"fr-CA","potentialAction":[{"@type":"ReadAction","target":["https:\/\/bird.staging.gratisites.com\/project-experience\/"]}]},{"@type":"BreadcrumbList","@id":"https:\/\/bird.staging.gratisites.com\/project-experience\/#breadcrumb","itemListElement":[{"@type":"ListItem","position":1,"name":"Home","item":"https:\/\/bird.staging.gratisites.com\/"},{"@type":"ListItem","position":2,"name":"Project Experience"}]},{"@type":"WebSite","@id":"https:\/\/bird.staging.gratisites.com\/#website","url":"https:\/\/bird.staging.gratisites.com\/","name":"Bird Construction","description":"","publisher":{"@id":"https:\/\/bird.staging.gratisites.com\/#organization"},"potentialAction":[{"@type":"SearchAction","target":{"@type":"EntryPoint","urlTemplate":"https:\/\/bird.staging.gratisites.com\/?s={search_term_string}"},"query-input":{"@type":"PropertyValueSpecification","valueRequired":true,"valueName":"search_term_string"}}],"inLanguage":"fr-CA"},{"@type":"Organization","@id":"https:\/\/bird.staging.gratisites.com\/#organization","name":"Bird Construction","url":"https:\/\/bird.staging.gratisites.com\/","logo":{"@type":"ImageObject","inLanguage":"fr-CA","@id":"https:\/\/bird.staging.gratisites.com\/#\/schema\/logo\/image\/","url":"https:\/\/cdn.bird.ca\/2025\/01\/20212041\/bird-logo-RGB-e1739411338652.png","contentUrl":"https:\/\/cdn.bird.ca\/2025\/01\/20212041\/bird-logo-RGB-e1739411338652.png","width":865,"height":366,"caption":"Bird Construction"},"image":{"@id":"https:\/\/bird.staging.gratisites.com\/#\/schema\/logo\/image\/"},"sameAs":["https:\/\/www.facebook.com\/people\/Bird-Construction-Inc\/100064108594609\/","https:\/\/www.instagram.com\/birdconstructioninc\/","https:\/\/ca.linkedin.com\/company\/bird-construction-inc"]}]}},"_links":{"self":[{"href":"https:\/\/bird.staging.gratisites.com\/fr\/wp-json\/wp\/v2\/pages\/20","targetHints":{"allow":["GET"]}}],"collection":[{"href":"https:\/\/bird.staging.gratisites.com\/fr\/wp-json\/wp\/v2\/pages"}],"about":[{"href":"https:\/\/bird.staging.gratisites.com\/fr\/wp-json\/wp\/v2\/types\/page"}],"author":[{"embeddable":true,"href":"https:\/\/bird.staging.gratisites.com\/fr\/wp-json\/wp\/v2\/users\/1"}],"replies":[{"embeddable":true,"href":"https:\/\/bird.staging.gratisites.com\/fr\/wp-json\/wp\/v2\/comments?post=20"}],"version-history":[{"count":97,"href":"https:\/\/bird.staging.gratisites.com\/fr\/wp-json\/wp\/v2\/pages\/20\/revisions"}],"predecessor-version":[{"id":7249,"href":"https:\/\/bird.staging.gratisites.com\/fr\/wp-json\/wp\/v2\/pages\/20\/revisions\/7249"}],"wp:attachment":[{"href":"https:\/\/bird.staging.gratisites.com\/fr\/wp-json\/wp\/v2\/media?parent=20"}],"curies":[{"name":"wp","href":"https:\/\/api.w.org\/{rel}","templated":true}]}}