{"id":1665,"date":"2025-02-16T05:57:13","date_gmt":"2025-02-16T05:57:13","guid":{"rendered":"https:\/\/bird.staging.gratisites.com\/?page_id=1665"},"modified":"2025-06-17T19:03:15","modified_gmt":"2025-06-17T19:03:15","slug":"gestion-de-la-construction","status":"publish","type":"page","link":"https:\/\/bird.staging.gratisites.com\/fr\/ce-que-nous-faisons\/modeles-de-distribution\/gestion-de-la-construction\/","title":{"rendered":"Gestion de la construction"},"content":{"rendered":"<div style=\"height:100px\" aria-hidden=\"true\" class=\"wp-block-spacer is-style-entry-space\"><\/div>\n\n\n<div class=\"breadcrumb-block wp-block-create-block-breadcrumb-block\">\n\t\t\t\t\t<nav class=\"breadcrumb\" aria-label=\"Fil d&#039;Ariane\">\n\t\t\t<ol class=\"breadcrumb-list\">\n\t\t\t\t\t\t\t\t\t<li class=\"breadcrumb-item\"><a href=\"https:\/\/bird.staging.gratisites.com\/fr\/\">Accueil<\/a><\/li>\t\t\t\t\t\t\t<\/ol>\n\t\t<\/nav>\n\t<\/div>\n\n\n<div style=\"height:30px\" aria-hidden=\"true\" class=\"wp-block-spacer\"><\/div>\n\n\n\n<div class=\"wp-block-group is-vertical is-layout-flex wp-container-core-group-is-layout-fe9cc265 wp-block-group-is-layout-flex\">\n<h1 class=\"wp-block-heading has-text-align-left is-style-bird-h2\" id=\"h-construction-management\">Gestion de la construction<\/h1>\n\n\n\n<p class=\"has-text-align-left is-style-bird-body\">Nous fournissons une gamme compl\u00e8te de services de gestion de la construction, y compris des services de pr\u00e9construction, d'analyse co\u00fbts-avantages, de calcul des co\u00fbts du cycle de vie et d'ing\u00e9nierie de la valeur. Nous proposons \u00e9galement des syst\u00e8mes d'appels d'offres, d'\u00e9ch\u00e9anciers, de rapports sur les co\u00fbts et de contr\u00f4le de projets qui sont personnalis\u00e9s \u00e0 l'aide de notre plateforme logicielle afin de r\u00e9pondre aux besoins sp\u00e9cifiques de chacun de nos clients.<\/p>\n\n\n\n<p class=\"has-text-align-left is-style-bird-body\">Nos \u00e9quipes savent tirer parti de ces services pour mener \u00e0 bien des projets dans des d\u00e9lais serr\u00e9s et avec des budgets limit\u00e9s. C'est ce qui explique l'approche de notre \u00e9quipe, qui contr\u00f4le strat\u00e9giquement les cinq \u00e9l\u00e9ments cl\u00e9s qui sont essentiels \u00e0 votre projet : le temps, la qualit\u00e9, la flexibilit\u00e9, le risque et le co\u00fbt.<\/p>\n<\/div>\n\n\n<div class=\"post-list-filters-block wp-block-create-block-post-list-filters\"\tdata-post-type=\"projects\" data-button-taxonomy=\"delivery_model\"\n\tdata-button-parent-term=\"163\">\n\t<div class=\"filtered-posts\"><div class=\"post-grid\"><p>Chargement des projets...<\/p><\/div><\/div><\/div>\n\n\n<div style=\"height:100px\" aria-hidden=\"true\" class=\"wp-block-spacer\"><\/div>","protected":false},"excerpt":{"rendered":"<p>Gestion de la construction Nous fournissons une gamme compl\u00e8te de services de gestion de la construction, y compris des services de pr\u00e9construction, d'analyse co\u00fbts-avantages, de calcul des co\u00fbts du cycle de vie et d'ing\u00e9nierie de la valeur. Nous proposons \u00e9galement des syst\u00e8mes d'appels d'offres, d'\u00e9ch\u00e9anciers, de rapports sur les co\u00fbts et de contr\u00f4le de projets qui sont personnalis\u00e9s \u00e0 l'aide de notre plateforme logicielle afin de r\u00e9pondre aux besoins sp\u00e9cifiques de chacun de nos clients. Nos \u00e9quipes sont comp\u00e9tentes pour tirer parti de [...]<\/p>","protected":false},"author":1,"featured_media":1615,"parent":910,"menu_order":0,"comment_status":"closed","ping_status":"closed","template":"","meta":{"_acf_changed":false,"footnotes":""},"class_list":["post-1665","page","type-page","status-publish","has-post-thumbnail","hentry"],"acf":[],"yoast_head":"<!-- This site is optimized with the Yoast SEO Premium plugin v24.6 (Yoast SEO v26.6) - https:\/\/yoast.com\/wordpress\/plugins\/seo\/ -->\n<title>Construction Management | Projects | Bird Construction<\/title>\n<meta name=\"description\" content=\"We provide a full range of construction management services including pre-construction services, cost-benefit analysis, life cycle costing, and value engineering.\" \/>\n<meta name=\"robots\" content=\"index, follow, max-snippet:-1, max-image-preview:large, max-video-preview:-1\" \/>\n<link rel=\"canonical\" href=\"https:\/\/bird.staging.gratisites.com\/fr\/ce-que-nous-faisons\/modeles-de-distribution\/gestion-de-la-construction\/\" \/>\n<meta property=\"og:locale\" content=\"fr_CA\" \/>\n<meta property=\"og:type\" content=\"article\" \/>\n<meta property=\"og:title\" content=\"Construction Management | Bird Construction\" \/>\n<meta property=\"og:description\" content=\"Bird Construction has been providing construction services to a long list of new and repeat clients since 1920.\" \/>\n<meta property=\"og:url\" content=\"https:\/\/bird.staging.gratisites.com\/fr\/ce-que-nous-faisons\/modeles-de-distribution\/gestion-de-la-construction\/\" \/>\n<meta property=\"og:site_name\" content=\"Bird Construction\" \/>\n<meta property=\"article:publisher\" content=\"https:\/\/www.facebook.com\/people\/Bird-Construction-Inc\/100064108594609\/\" \/>\n<meta property=\"article:modified_time\" content=\"2025-06-17T19:03:15+00:00\" \/>\n<meta property=\"og:image\" content=\"https:\/\/cdn.bird.ca\/2025\/02\/20211624\/canon-canada-13-scaled.jpg\" \/>\n\t<meta property=\"og:image:width\" content=\"2560\" \/>\n\t<meta property=\"og:image:height\" content=\"591\" \/>\n\t<meta property=\"og:image:type\" content=\"image\/jpeg\" \/>\n<meta name=\"twitter:card\" content=\"summary_large_image\" \/>\n<meta name=\"twitter:label1\" content=\"Estimation du temps de lecture\" \/>\n\t<meta name=\"twitter:data1\" content=\"1 minute\" \/>\n<script type=\"application\/ld+json\" class=\"yoast-schema-graph\">{\"@context\":\"https:\/\/schema.org\",\"@graph\":[{\"@type\":\"WebPage\",\"@id\":\"https:\/\/bird.staging.gratisites.com\/what-we-do\/delivery-models\/construction-management\/\",\"url\":\"https:\/\/bird.staging.gratisites.com\/what-we-do\/delivery-models\/construction-management\/\",\"name\":\"Construction Management | Projects | Bird Construction\",\"isPartOf\":{\"@id\":\"https:\/\/bird.staging.gratisites.com\/#website\"},\"primaryImageOfPage\":{\"@id\":\"https:\/\/bird.staging.gratisites.com\/what-we-do\/delivery-models\/construction-management\/#primaryimage\"},\"image\":{\"@id\":\"https:\/\/bird.staging.gratisites.com\/what-we-do\/delivery-models\/construction-management\/#primaryimage\"},\"thumbnailUrl\":\"https:\/\/cdn.bird.ca\/2025\/02\/20211624\/canon-canada-13-scaled.jpg\",\"datePublished\":\"2025-02-16T05:57:13+00:00\",\"dateModified\":\"2025-06-17T19:03:15+00:00\",\"description\":\"We provide a full range of construction management services including pre-construction services, cost-benefit analysis, life cycle costing, and value engineering.\",\"breadcrumb\":{\"@id\":\"https:\/\/bird.staging.gratisites.com\/what-we-do\/delivery-models\/construction-management\/#breadcrumb\"},\"inLanguage\":\"fr-CA\",\"potentialAction\":[{\"@type\":\"ReadAction\",\"target\":[\"https:\/\/bird.staging.gratisites.com\/what-we-do\/delivery-models\/construction-management\/\"]}]},{\"@type\":\"ImageObject\",\"inLanguage\":\"fr-CA\",\"@id\":\"https:\/\/bird.staging.gratisites.com\/what-we-do\/delivery-models\/construction-management\/#primaryimage\",\"url\":\"https:\/\/cdn.bird.ca\/2025\/02\/20211624\/canon-canada-13-scaled.jpg\",\"contentUrl\":\"https:\/\/cdn.bird.ca\/2025\/02\/20211624\/canon-canada-13-scaled.jpg\",\"width\":2560,\"height\":591,\"caption\":\"A top-down view of a modern, spiral staircase with beige steps and a white handrail, surrounded by a polished floor and a row of small green plants on one side.\"},{\"@type\":\"BreadcrumbList\",\"@id\":\"https:\/\/bird.staging.gratisites.com\/what-we-do\/delivery-models\/construction-management\/#breadcrumb\",\"itemListElement\":[{\"@type\":\"ListItem\",\"position\":1,\"name\":\"Home\",\"item\":\"https:\/\/bird.staging.gratisites.com\/\"},{\"@type\":\"ListItem\",\"position\":2,\"name\":\"What We Do\",\"item\":\"https:\/\/bird.staging.gratisites.com\/what-we-do\/\"},{\"@type\":\"ListItem\",\"position\":3,\"name\":\"Delivery Models\",\"item\":\"https:\/\/bird.staging.gratisites.com\/what-we-do\/delivery-models\/\"},{\"@type\":\"ListItem\",\"position\":4,\"name\":\"Construction Management\"}]},{\"@type\":\"WebSite\",\"@id\":\"https:\/\/bird.staging.gratisites.com\/#website\",\"url\":\"https:\/\/bird.staging.gratisites.com\/\",\"name\":\"Bird Construction\",\"description\":\"\",\"publisher\":{\"@id\":\"https:\/\/bird.staging.gratisites.com\/#organization\"},\"potentialAction\":[{\"@type\":\"SearchAction\",\"target\":{\"@type\":\"EntryPoint\",\"urlTemplate\":\"https:\/\/bird.staging.gratisites.com\/?s={search_term_string}\"},\"query-input\":{\"@type\":\"PropertyValueSpecification\",\"valueRequired\":true,\"valueName\":\"search_term_string\"}}],\"inLanguage\":\"fr-CA\"},{\"@type\":\"Organization\",\"@id\":\"https:\/\/bird.staging.gratisites.com\/#organization\",\"name\":\"Bird Construction\",\"url\":\"https:\/\/bird.staging.gratisites.com\/\",\"logo\":{\"@type\":\"ImageObject\",\"inLanguage\":\"fr-CA\",\"@id\":\"https:\/\/bird.staging.gratisites.com\/#\/schema\/logo\/image\/\",\"url\":\"https:\/\/cdn.bird.ca\/2025\/01\/20212041\/bird-logo-RGB-e1739411338652.png\",\"contentUrl\":\"https:\/\/cdn.bird.ca\/2025\/01\/20212041\/bird-logo-RGB-e1739411338652.png\",\"width\":865,\"height\":366,\"caption\":\"Bird Construction\"},\"image\":{\"@id\":\"https:\/\/bird.staging.gratisites.com\/#\/schema\/logo\/image\/\"},\"sameAs\":[\"https:\/\/www.facebook.com\/people\/Bird-Construction-Inc\/100064108594609\/\",\"https:\/\/www.instagram.com\/birdconstructioninc\/\",\"https:\/\/ca.linkedin.com\/company\/bird-construction-inc\"]}]}<\/script>\n<!-- \/ Yoast SEO Premium plugin. -->","yoast_head_json":{"title":"Gestion de la construction | Projets | Bird Construction","description":"Nous fournissons une gamme compl\u00e8te de services de gestion de la construction, y compris des services de pr\u00e9construction, d'analyse co\u00fbts-avantages, de calcul du co\u00fbt du cycle de vie et d'ing\u00e9nierie de la valeur.","robots":{"index":"index","follow":"follow","max-snippet":"max-snippet:-1","max-image-preview":"max-image-preview:large","max-video-preview":"max-video-preview:-1"},"canonical":"https:\/\/bird.staging.gratisites.com\/fr\/ce-que-nous-faisons\/modeles-de-distribution\/gestion-de-la-construction\/","og_locale":"fr_CA","og_type":"article","og_title":"Construction Management | Bird Construction","og_description":"Bird Construction has been providing construction services to a long list of new and repeat clients since 1920.","og_url":"https:\/\/bird.staging.gratisites.com\/fr\/ce-que-nous-faisons\/modeles-de-distribution\/gestion-de-la-construction\/","og_site_name":"Bird Construction","article_publisher":"https:\/\/www.facebook.com\/people\/Bird-Construction-Inc\/100064108594609\/","article_modified_time":"2025-06-17T19:03:15+00:00","og_image":[{"width":2560,"height":591,"url":"https:\/\/cdn.bird.ca\/2025\/02\/20211624\/canon-canada-13-scaled.jpg","type":"image\/jpeg"}],"twitter_card":"summary_large_image","twitter_misc":{"Estimation du temps de lecture":"1 minute"},"schema":{"@context":"https:\/\/schema.org","@graph":[{"@type":"WebPage","@id":"https:\/\/bird.staging.gratisites.com\/what-we-do\/delivery-models\/construction-management\/","url":"https:\/\/bird.staging.gratisites.com\/what-we-do\/delivery-models\/construction-management\/","name":"Gestion de la construction | Projets | Bird Construction","isPartOf":{"@id":"https:\/\/bird.staging.gratisites.com\/#website"},"primaryImageOfPage":{"@id":"https:\/\/bird.staging.gratisites.com\/what-we-do\/delivery-models\/construction-management\/#primaryimage"},"image":{"@id":"https:\/\/bird.staging.gratisites.com\/what-we-do\/delivery-models\/construction-management\/#primaryimage"},"thumbnailUrl":"https:\/\/cdn.bird.ca\/2025\/02\/20211624\/canon-canada-13-scaled.jpg","datePublished":"2025-02-16T05:57:13+00:00","dateModified":"2025-06-17T19:03:15+00:00","description":"Nous fournissons une gamme compl\u00e8te de services de gestion de la construction, y compris des services de pr\u00e9construction, d'analyse co\u00fbts-avantages, de calcul du co\u00fbt du cycle de vie et d'ing\u00e9nierie de la valeur.","breadcrumb":{"@id":"https:\/\/bird.staging.gratisites.com\/what-we-do\/delivery-models\/construction-management\/#breadcrumb"},"inLanguage":"fr-CA","potentialAction":[{"@type":"ReadAction","target":["https:\/\/bird.staging.gratisites.com\/what-we-do\/delivery-models\/construction-management\/"]}]},{"@type":"ImageObject","inLanguage":"fr-CA","@id":"https:\/\/bird.staging.gratisites.com\/what-we-do\/delivery-models\/construction-management\/#primaryimage","url":"https:\/\/cdn.bird.ca\/2025\/02\/20211624\/canon-canada-13-scaled.jpg","contentUrl":"https:\/\/cdn.bird.ca\/2025\/02\/20211624\/canon-canada-13-scaled.jpg","width":2560,"height":591,"caption":"A top-down view of a modern, spiral staircase with beige steps and a white handrail, surrounded by a polished floor and a row of small green plants on one side."},{"@type":"BreadcrumbList","@id":"https:\/\/bird.staging.gratisites.com\/what-we-do\/delivery-models\/construction-management\/#breadcrumb","itemListElement":[{"@type":"ListItem","position":1,"name":"Home","item":"https:\/\/bird.staging.gratisites.com\/"},{"@type":"ListItem","position":2,"name":"What We Do","item":"https:\/\/bird.staging.gratisites.com\/what-we-do\/"},{"@type":"ListItem","position":3,"name":"Delivery Models","item":"https:\/\/bird.staging.gratisites.com\/what-we-do\/delivery-models\/"},{"@type":"ListItem","position":4,"name":"Construction Management"}]},{"@type":"WebSite","@id":"https:\/\/bird.staging.gratisites.com\/#website","url":"https:\/\/bird.staging.gratisites.com\/","name":"Bird Construction","description":"","publisher":{"@id":"https:\/\/bird.staging.gratisites.com\/#organization"},"potentialAction":[{"@type":"SearchAction","target":{"@type":"EntryPoint","urlTemplate":"https:\/\/bird.staging.gratisites.com\/?s={search_term_string}"},"query-input":{"@type":"PropertyValueSpecification","valueRequired":true,"valueName":"search_term_string"}}],"inLanguage":"fr-CA"},{"@type":"Organization","@id":"https:\/\/bird.staging.gratisites.com\/#organization","name":"Bird Construction","url":"https:\/\/bird.staging.gratisites.com\/","logo":{"@type":"ImageObject","inLanguage":"fr-CA","@id":"https:\/\/bird.staging.gratisites.com\/#\/schema\/logo\/image\/","url":"https:\/\/cdn.bird.ca\/2025\/01\/20212041\/bird-logo-RGB-e1739411338652.png","contentUrl":"https:\/\/cdn.bird.ca\/2025\/01\/20212041\/bird-logo-RGB-e1739411338652.png","width":865,"height":366,"caption":"Bird Construction"},"image":{"@id":"https:\/\/bird.staging.gratisites.com\/#\/schema\/logo\/image\/"},"sameAs":["https:\/\/www.facebook.com\/people\/Bird-Construction-Inc\/100064108594609\/","https:\/\/www.instagram.com\/birdconstructioninc\/","https:\/\/ca.linkedin.com\/company\/bird-construction-inc"]}]}},"_links":{"self":[{"href":"https:\/\/bird.staging.gratisites.com\/fr\/wp-json\/wp\/v2\/pages\/1665","targetHints":{"allow":["GET"]}}],"collection":[{"href":"https:\/\/bird.staging.gratisites.com\/fr\/wp-json\/wp\/v2\/pages"}],"about":[{"href":"https:\/\/bird.staging.gratisites.com\/fr\/wp-json\/wp\/v2\/types\/page"}],"author":[{"embeddable":true,"href":"https:\/\/bird.staging.gratisites.com\/fr\/wp-json\/wp\/v2\/users\/1"}],"replies":[{"embeddable":true,"href":"https:\/\/bird.staging.gratisites.com\/fr\/wp-json\/wp\/v2\/comments?post=1665"}],"version-history":[{"count":7,"href":"https:\/\/bird.staging.gratisites.com\/fr\/wp-json\/wp\/v2\/pages\/1665\/revisions"}],"predecessor-version":[{"id":7123,"href":"https:\/\/bird.staging.gratisites.com\/fr\/wp-json\/wp\/v2\/pages\/1665\/revisions\/7123"}],"up":[{"embeddable":true,"href":"https:\/\/bird.staging.gratisites.com\/fr\/wp-json\/wp\/v2\/pages\/910"}],"wp:featuredmedia":[{"embeddable":true,"href":"https:\/\/bird.staging.gratisites.com\/fr\/wp-json\/wp\/v2\/media\/1615"}],"wp:attachment":[{"href":"https:\/\/bird.staging.gratisites.com\/fr\/wp-json\/wp\/v2\/media?parent=1665"}],"curies":[{"name":"wp","href":"https:\/\/api.w.org\/{rel}","templated":true}]}}