{"id":16,"date":"2025-01-22T07:21:36","date_gmt":"2025-01-22T07:21:36","guid":{"rendered":"https:\/\/bird.staging.gratisites.com\/?page_id=16"},"modified":"2025-11-18T17:56:25","modified_gmt":"2025-11-18T17:56:25","slug":"qui-nous-sommes","status":"publish","type":"page","link":"https:\/\/bird.staging.gratisites.com\/fr\/qui-nous-sommes\/","title":{"rendered":"Qui sommes-nous ?"},"content":{"rendered":"<div class=\"wp-block-create-block-hero-static\">\n\t<div class=\"hero-banner\">\n\t\t<img loading=\"lazy\" decoding=\"async\" width=\"1500\" height=\"600\" src=\"https:\/\/cdn.bird.ca\/2025\/04\/01141321\/who-we-are_Main_1500x600-03.jpg\" class=\"attachment-banner-size size-banner-size\" alt=\"Un grand groupe de travailleurs en tenue de s\u00e9curit\u00e9 et casqu\u00e9s posent en plein air devant des arbres, tenant des panneaux portant la marque &quot;bird&quot;. Le ciel est partiellement nuageux et des structures industrielles sont visibles \u00e0 l&#039;arri\u00e8re-plan.\" sizes=\"auto, 100vw\" \/>\t<\/div>\n<\/div>\n\n\n<div style=\"height:100px\" aria-hidden=\"true\" class=\"wp-block-spacer\"><\/div>\n\n\n<div class=\"breadcrumb-block wp-block-create-block-breadcrumb-block\">\n\t\t\t\t\t<nav class=\"breadcrumb\" aria-label=\"Fil d&#039;Ariane\">\n\t\t\t<ol class=\"breadcrumb-list\">\n\t\t\t\t\t\t\t\t\t<li class=\"breadcrumb-item\"><a href=\"https:\/\/bird.staging.gratisites.com\/fr\/\">Accueil<\/a><\/li>\t\t\t\t\t\t\t<\/ol>\n\t\t<\/nav>\n\t<\/div>\n\n\n<div style=\"height:30px\" aria-hidden=\"true\" class=\"wp-block-spacer\"><\/div>\n\n\n\n<div class=\"wp-block-group is-vertical is-layout-flex wp-container-core-group-is-layout-fe9cc265 wp-block-group-is-layout-flex\">\n<h1 class=\"wp-block-heading has-text-align-left is-style-bird-h2\" id=\"h-redefining-canadian-construction-from-coast-to-coast-to-coast\"><strong>Red\u00e9finir<br>Construction canadienne de<br>D'un oc\u00e9an \u00e0 l'autre<strong> \u00e0<\/strong> C\u00f4te<\/strong><\/h1>\n\n\n\n<div class=\"wp-block-columns gap: 100px; is-style-card-column is-layout-flex wp-container-core-columns-is-layout-28f84493 wp-block-columns-is-layout-flex\">\n<div class=\"wp-block-column is-vertically-aligned-top is-layout-flow wp-block-column-is-layout-flow\">\n<p class=\"has-text-align-left is-style-bird-body\">Depuis plus de 100 ans, Bird s'est d\u00e9velopp\u00e9 dans tout le pays, en s'appuyant sur des racines canadiennes profondes. Nous nous sommes d\u00e9velopp\u00e9s \u00e0 la fois de mani\u00e8re organique et par le biais d'acquisitions strat\u00e9giques \u00e0 travers le pays, en nous concentrant sur des entreprises tr\u00e8s performantes qui nous permettent d'\u00e9tendre notre port\u00e9e g\u00e9ographique et d'accro\u00eetre la diversit\u00e9 de notre offre de services.<\/p>\n\n\n\n<p class=\"is-style-bird-body\">Avec des bureaux d'un bout \u00e0 l'autre du pays et un effectif de plus de 6 000 personnes, Bird op\u00e8re dans divers secteurs du march\u00e9 et poss\u00e8de les connaissances, les capacit\u00e9s et l'exp\u00e9rience n\u00e9cessaires pour soutenir des projets commerciaux, institutionnels et r\u00e9sidentiels, ainsi que pour servir un large \u00e9ventail de clients industriels et d'infrastructures.<\/p>\n\n\n\n<p class=\"is-style-bird-body\">La gamme compl\u00e8te de services de Bird couvre les nouvelles constructions, les r\u00e9novations, les am\u00e9liorations locatives et les programmes d'entretien. <\/p>\n\n\n\n<p class=\"has-text-align-left is-style-bird-body\">Notre mod\u00e8le de r\u00e9ussite est simple, mais puissant dans son application. Une approche des affaires fond\u00e9e sur le respect, la transparence et la collaboration. Un engagement envers toutes les parties prenantes - clients, consultants, corps de m\u00e9tier et communaut\u00e9 - \u00e0 s'engager dans une approche d'\u00e9quipe qui valorise les personnes et se nourrit d'id\u00e9es nouvelles et de solutions intelligentes. Chez Bird, nous savons par exp\u00e9rience que les projets collaboratifs favorisent l'innovation, ce qui permet d'am\u00e9liorer les performances et d'obtenir des r\u00e9sultats extraordinaires.<\/p>\n<\/div>\n\n\n\n<div class=\"wp-block-column is-layout-flow wp-block-column-is-layout-flow\" style=\"flex-basis:33.33%\">\n<figure class=\"wp-block-image size-full is-resized\" style=\"margin-top:2.55rem;margin-right:0;margin-bottom:2.55rem;margin-left:0\"><img decoding=\"async\" src=\"https:\/\/cdn.bird.ca\/2025\/11\/18170458\/2026_ct100_regular_standard-transparent_fr.png\" alt=\"Les 100 meilleurs employeurs du Canada en 2026\" class=\"wp-image-10280\" style=\"width:auto;height:130px\"\/><\/figure>\n\n\n\n<hr style=\"border: 0; border-top: 1px solid #000; width: 85%; margin-left: 0; margin-right: 22px;\">\n\n\n\n<figure class=\"wp-block-image size-full is-resized is-style-default\" style=\"margin-top:35px;margin-right:0;margin-bottom:35px;margin-left:0\"><img decoding=\"async\" src=\"https:\/\/cdn.bird.ca\/2025\/07\/18203430\/Best-Employer-Canada-FR.png\" alt=\"Logo avec le texte Mercer Best Employer Canada 2025 en lettres d\u00e9grad\u00e9es bleues et vertes sur fond blanc.\" class=\"wp-image-10286\" style=\"width:360px\"\/><\/figure>\n<\/div>\n<\/div>\n<\/div>\n\n\n\n<div style=\"height:100px\" aria-hidden=\"true\" class=\"wp-block-spacer is-style-entry-space\"><\/div>\n\n\n\n<div class=\"wp-block-group is-layout-grid wp-container-core-group-is-layout-3721f5f0 wp-block-group-is-layout-grid\">\n<div class=\"wp-block-group is-style-default is-vertical is-layout-flex wp-container-core-group-is-layout-0bc941e6 wp-block-group-is-layout-flex\">\n<h2 class=\"wp-block-heading is-style-bird-h3 is-style-orange-underline-small\">Objectif et valeurs<\/h2>\n\n\n\n<p class=\"is-style-bird-body\">L'objectif de Bird est de motiver et d'inspirer nos pr\u00e9cieux employ\u00e9s, clients et partenaires commerciaux.<\/p>\n\n\n\n<div class=\"wp-block-buttons is-layout-flex wp-block-buttons-is-layout-flex\">\n<div class=\"wp-block-button is-style-bird-outline\"><a class=\"wp-block-button__link wp-element-button\" href=\"https:\/\/bird.staging.gratisites.com\/fr\/qui-nous-sommes\/objectifs-valeurs\/\">En savoir plus sur nos valeurs<\/a><\/div>\n<\/div>\n<\/div>\n\n\n\n<div class=\"wp-block-group is-style-default is-vertical is-layout-flex wp-container-core-group-is-layout-0bc941e6 wp-block-group-is-layout-flex\">\n<h2 class=\"wp-block-heading is-style-bird-h3 is-style-orange-underline-small\">Diversit\u00e9, \u00e9quit\u00e9 et inclusion<\/h2>\n\n\n\n<p class=\"is-style-bird-body\">Chez Bird, nous valorisons la diversit\u00e9, l'\u00e9quit\u00e9 et l'inclusion (DE&amp;I) et pensons qu'elle est essentielle \u00e0 notre succ\u00e8s. <\/p>\n\n\n\n<div class=\"wp-block-buttons is-layout-flex wp-block-buttons-is-layout-flex\">\n<div class=\"wp-block-button is-style-bird-outline\"><a class=\"wp-block-button__link wp-element-button\" href=\"https:\/\/bird.staging.gratisites.com\/fr\/qui-nous-sommes\/diversite-equite-inclusion\/\">En savoir plus sur notre politique en mati\u00e8re de DE&amp;I<\/a><\/div>\n<\/div>\n<\/div>\n\n\n\n<div class=\"wp-block-group is-style-default is-vertical is-layout-flex wp-container-core-group-is-layout-0bc941e6 wp-block-group-is-layout-flex\">\n<h2 class=\"wp-block-heading is-style-bird-h3 is-style-orange-underline-small\">S\u00e9curit\u00e9<\/h2>\n\n\n\n<p class=\"is-style-bird-body\">Chez Bird, nous reconnaissons que la cr\u00e9ation d'une culture d'entreprise dans laquelle nous nous engageons tous \u00e0 faire en sorte que chacun rentre chez lui \u00e0 la fin de la journ\u00e9e en aussi bonne sant\u00e9 qu'\u00e0 son arriv\u00e9e, est essentielle \u00e0 notre succ\u00e8s. C'est ainsi que nous travaillons.<\/p>\n\n\n\n<div class=\"wp-block-buttons is-layout-flex wp-block-buttons-is-layout-flex\">\n<div class=\"wp-block-button is-style-bird-outline\"><a class=\"wp-block-button__link wp-element-button\" href=\"https:\/\/bird.staging.gratisites.com\/fr\/qui-nous-sommes\/la-securite\/\">En savoir plus sur notre engagement en mati\u00e8re de s\u00e9curit\u00e9<\/a><\/div>\n<\/div>\n<\/div>\n\n\n\n<div class=\"wp-block-group is-style-default is-vertical is-layout-flex wp-container-core-group-is-layout-0bc941e6 wp-block-group-is-layout-flex\">\n<h2 class=\"wp-block-heading is-style-bird-h3 is-style-orange-underline-small\">L'histoire<\/h2>\n\n\n\n<p class=\"is-style-bird-body\">Depuis ses humbles d\u00e9buts en Saskatchewan en 1920, Bird s'est d\u00e9velopp\u00e9 pour devenir un leader de la construction, b\u00e2tissant le Canada au cours des 100 derni\u00e8res ann\u00e9es.<\/p>\n\n\n\n<div class=\"wp-block-buttons is-vertical is-content-justification-left is-layout-flex wp-container-core-buttons-is-layout-b11ad264 wp-block-buttons-is-layout-flex\">\n<div class=\"wp-block-button is-style-bird-outline\"><a class=\"wp-block-button__link wp-element-button\" href=\"https:\/\/bird.staging.gratisites.com\/fr\/qui-nous-sommes\/lhistoire\/\">En savoir plus sur nos 100 ans d'existence<\/a><\/div>\n<\/div>\n<\/div>\n\n\n\n<div class=\"wp-block-group is-style-default is-vertical is-layout-flex wp-container-core-group-is-layout-0bc941e6 wp-block-group-is-layout-flex\">\n<h2 class=\"wp-block-heading is-style-bird-h3 is-style-orange-underline-small\">Relations avec les autochtones<\/h2>\n\n\n\n<p class=\"is-style-bird-body\">M. Bird est convaincu de la n\u00e9cessit\u00e9 d'\u00e9tablir des relations solides et positives avec les personnes, les entreprises et les communaut\u00e9s autochtones dans l'ensemble du pays.<\/p>\n\n\n\n<div class=\"wp-block-buttons is-layout-flex wp-block-buttons-is-layout-flex\">\n<div class=\"wp-block-button is-style-bird-outline\"><a class=\"wp-block-button__link wp-element-button\" href=\"https:\/\/bird.staging.gratisites.com\/fr\/relations-avec-les-populations-autochtones\/\">En savoir plus sur nos relations avec les populations autochtones<\/a><\/div>\n<\/div>\n<\/div>\n\n\n\n<div class=\"wp-block-group is-style-default is-vertical is-layout-flex wp-container-core-group-is-layout-0bc941e6 wp-block-group-is-layout-flex\">\n<h2 class=\"wp-block-heading is-style-bird-h3 is-style-orange-underline-small\">Leadership<\/h2>\n\n\n\n<p class=\"has-text-align-left is-style-bird-body\">L'\u00e9quipe dirigeante est un r\u00e9seau de professionnels exp\u00e9riment\u00e9s qui se consacrent \u00e0 la croissance et au succ\u00e8s de l'entreprise et de ses employ\u00e9s.<\/p>\n\n\n\n<div class=\"wp-block-buttons is-layout-flex wp-block-buttons-is-layout-flex\">\n<div class=\"wp-block-button is-style-bird-outline\"><a class=\"wp-block-button__link wp-element-button\" href=\"https:\/\/bird.staging.gratisites.com\/fr\/qui-nous-sommes\/cadres-superieurs\/\">En savoir plus sur notre r\u00e9seau de dirigeants<\/a><\/div>\n<\/div>\n<\/div>\n<\/div>\n\n\n\n<div style=\"height:100px\" aria-hidden=\"true\" class=\"wp-block-spacer is-style-entry-space\"><\/div>","protected":false},"excerpt":{"rendered":"<p>Red\u00e9finir la construction canadienne d'un oc\u00e9an \u00e0 l'autre Depuis plus de 100 ans, Bird s'est d\u00e9velopp\u00e9 dans tout le pays, en s'appuyant sur des racines canadiennes profondes. Nous avons connu une croissance organique et des acquisitions strat\u00e9giques dans tout le pays, en nous concentrant sur des entreprises tr\u00e8s performantes qui nous permettent d'\u00e9tendre notre port\u00e9e g\u00e9ographique et d'accro\u00eetre la diversit\u00e9 de notre offre de services. Avec des bureaux d'un oc\u00e9an \u00e0 l'autre [...]<\/p>","protected":false},"author":1,"featured_media":7068,"parent":0,"menu_order":0,"comment_status":"closed","ping_status":"closed","template":"","meta":{"_acf_changed":false,"footnotes":""},"class_list":["post-16","page","type-page","status-publish","has-post-thumbnail","hentry"],"acf":[],"yoast_head":"<!-- This site is optimized with the Yoast SEO Premium plugin v24.6 (Yoast SEO v26.6) - https:\/\/yoast.com\/wordpress\/plugins\/seo\/ -->\n<title>About Bird Construction | Who We Are<\/title>\n<meta name=\"description\" content=\"As a leading builder in Canada with offices coast-to-coast, Bird Construction has been providing construction services to a long list of new and repeat clients since 1920.\" \/>\n<meta name=\"robots\" content=\"index, follow, max-snippet:-1, max-image-preview:large, max-video-preview:-1\" \/>\n<link rel=\"canonical\" href=\"https:\/\/bird.staging.gratisites.com\/fr\/qui-nous-sommes\/\" \/>\n<meta property=\"og:locale\" content=\"fr_CA\" \/>\n<meta property=\"og:type\" content=\"article\" \/>\n<meta property=\"og:title\" content=\"Who We Are | Bird Construction\" \/>\n<meta property=\"og:description\" content=\"Bird Construction has been providing construction services to a long list of new and repeat clients since 1920.\" \/>\n<meta property=\"og:url\" content=\"https:\/\/bird.staging.gratisites.com\/fr\/qui-nous-sommes\/\" \/>\n<meta property=\"og:site_name\" content=\"Bird Construction\" \/>\n<meta property=\"article:publisher\" content=\"https:\/\/www.facebook.com\/people\/Bird-Construction-Inc\/100064108594609\/\" \/>\n<meta property=\"article:modified_time\" content=\"2025-11-18T17:56:25+00:00\" \/>\n<meta property=\"og:image\" content=\"https:\/\/cdn.bird.ca\/2025\/04\/01141321\/who-we-are_Main_1500x600-03.jpg\" \/>\n\t<meta property=\"og:image:width\" content=\"1500\" \/>\n\t<meta property=\"og:image:height\" content=\"600\" \/>\n\t<meta property=\"og:image:type\" content=\"image\/jpeg\" \/>\n<meta name=\"twitter:card\" content=\"summary_large_image\" \/>\n<meta name=\"twitter:label1\" content=\"Estimation du temps de lecture\" \/>\n\t<meta name=\"twitter:data1\" content=\"3 minutes\" \/>\n<script type=\"application\/ld+json\" class=\"yoast-schema-graph\">{\"@context\":\"https:\/\/schema.org\",\"@graph\":[{\"@type\":\"WebPage\",\"@id\":\"https:\/\/bird.staging.gratisites.com\/who-we-are\/\",\"url\":\"https:\/\/bird.staging.gratisites.com\/who-we-are\/\",\"name\":\"About Bird Construction | Who We Are\",\"isPartOf\":{\"@id\":\"https:\/\/bird.staging.gratisites.com\/#website\"},\"primaryImageOfPage\":{\"@id\":\"https:\/\/bird.staging.gratisites.com\/who-we-are\/#primaryimage\"},\"image\":{\"@id\":\"https:\/\/bird.staging.gratisites.com\/who-we-are\/#primaryimage\"},\"thumbnailUrl\":\"https:\/\/cdn.bird.ca\/2025\/04\/01141321\/who-we-are_Main_1500x600-03.jpg\",\"datePublished\":\"2025-01-22T07:21:36+00:00\",\"dateModified\":\"2025-11-18T17:56:25+00:00\",\"description\":\"As a leading builder in Canada with offices coast-to-coast, Bird Construction has been providing construction services to a long list of new and repeat clients since 1920.\",\"breadcrumb\":{\"@id\":\"https:\/\/bird.staging.gratisites.com\/who-we-are\/#breadcrumb\"},\"inLanguage\":\"fr-CA\",\"potentialAction\":[{\"@type\":\"ReadAction\",\"target\":[\"https:\/\/bird.staging.gratisites.com\/who-we-are\/\"]}]},{\"@type\":\"ImageObject\",\"inLanguage\":\"fr-CA\",\"@id\":\"https:\/\/bird.staging.gratisites.com\/who-we-are\/#primaryimage\",\"url\":\"https:\/\/cdn.bird.ca\/2025\/04\/01141321\/who-we-are_Main_1500x600-03.jpg\",\"contentUrl\":\"https:\/\/cdn.bird.ca\/2025\/04\/01141321\/who-we-are_Main_1500x600-03.jpg\",\"width\":1500,\"height\":600,\"caption\":\"A large group of workers in safety gear and helmets pose outdoors in front of trees, holding \u201cbird\u201d branded signs. The sky is partly cloudy and industrial structures are visible in the background.\"},{\"@type\":\"BreadcrumbList\",\"@id\":\"https:\/\/bird.staging.gratisites.com\/who-we-are\/#breadcrumb\",\"itemListElement\":[{\"@type\":\"ListItem\",\"position\":1,\"name\":\"Home\",\"item\":\"https:\/\/bird.staging.gratisites.com\/\"},{\"@type\":\"ListItem\",\"position\":2,\"name\":\"Who We Are\"}]},{\"@type\":\"WebSite\",\"@id\":\"https:\/\/bird.staging.gratisites.com\/#website\",\"url\":\"https:\/\/bird.staging.gratisites.com\/\",\"name\":\"Bird Construction\",\"description\":\"\",\"publisher\":{\"@id\":\"https:\/\/bird.staging.gratisites.com\/#organization\"},\"potentialAction\":[{\"@type\":\"SearchAction\",\"target\":{\"@type\":\"EntryPoint\",\"urlTemplate\":\"https:\/\/bird.staging.gratisites.com\/?s={search_term_string}\"},\"query-input\":{\"@type\":\"PropertyValueSpecification\",\"valueRequired\":true,\"valueName\":\"search_term_string\"}}],\"inLanguage\":\"fr-CA\"},{\"@type\":\"Organization\",\"@id\":\"https:\/\/bird.staging.gratisites.com\/#organization\",\"name\":\"Bird Construction\",\"url\":\"https:\/\/bird.staging.gratisites.com\/\",\"logo\":{\"@type\":\"ImageObject\",\"inLanguage\":\"fr-CA\",\"@id\":\"https:\/\/bird.staging.gratisites.com\/#\/schema\/logo\/image\/\",\"url\":\"https:\/\/cdn.bird.ca\/2025\/01\/20212041\/bird-logo-RGB-e1739411338652.png\",\"contentUrl\":\"https:\/\/cdn.bird.ca\/2025\/01\/20212041\/bird-logo-RGB-e1739411338652.png\",\"width\":865,\"height\":366,\"caption\":\"Bird Construction\"},\"image\":{\"@id\":\"https:\/\/bird.staging.gratisites.com\/#\/schema\/logo\/image\/\"},\"sameAs\":[\"https:\/\/www.facebook.com\/people\/Bird-Construction-Inc\/100064108594609\/\",\"https:\/\/www.instagram.com\/birdconstructioninc\/\",\"https:\/\/ca.linkedin.com\/company\/bird-construction-inc\"]}]}<\/script>\n<!-- \/ Yoast SEO Premium plugin. -->","yoast_head_json":{"title":"A propos de Bird Construction | Qui sommes-nous ?","description":"Bird Construction, l'un des principaux constructeurs au Canada avec des bureaux d'un oc\u00e9an \u00e0 l'autre, fournit des services de construction \u00e0 une longue liste de nouveaux clients et de clients r\u00e9guliers depuis 1920.","robots":{"index":"index","follow":"follow","max-snippet":"max-snippet:-1","max-image-preview":"max-image-preview:large","max-video-preview":"max-video-preview:-1"},"canonical":"https:\/\/bird.staging.gratisites.com\/fr\/qui-nous-sommes\/","og_locale":"fr_CA","og_type":"article","og_title":"Who We Are | Bird Construction","og_description":"Bird Construction has been providing construction services to a long list of new and repeat clients since 1920.","og_url":"https:\/\/bird.staging.gratisites.com\/fr\/qui-nous-sommes\/","og_site_name":"Bird Construction","article_publisher":"https:\/\/www.facebook.com\/people\/Bird-Construction-Inc\/100064108594609\/","article_modified_time":"2025-11-18T17:56:25+00:00","og_image":[{"width":1500,"height":600,"url":"https:\/\/cdn.bird.ca\/2025\/04\/01141321\/who-we-are_Main_1500x600-03.jpg","type":"image\/jpeg"}],"twitter_card":"summary_large_image","twitter_misc":{"Estimation du temps de lecture":"3 minutes"},"schema":{"@context":"https:\/\/schema.org","@graph":[{"@type":"WebPage","@id":"https:\/\/bird.staging.gratisites.com\/who-we-are\/","url":"https:\/\/bird.staging.gratisites.com\/who-we-are\/","name":"A propos de Bird Construction | Qui sommes-nous ?","isPartOf":{"@id":"https:\/\/bird.staging.gratisites.com\/#website"},"primaryImageOfPage":{"@id":"https:\/\/bird.staging.gratisites.com\/who-we-are\/#primaryimage"},"image":{"@id":"https:\/\/bird.staging.gratisites.com\/who-we-are\/#primaryimage"},"thumbnailUrl":"https:\/\/cdn.bird.ca\/2025\/04\/01141321\/who-we-are_Main_1500x600-03.jpg","datePublished":"2025-01-22T07:21:36+00:00","dateModified":"2025-11-18T17:56:25+00:00","description":"Bird Construction, l'un des principaux constructeurs au Canada avec des bureaux d'un oc\u00e9an \u00e0 l'autre, fournit des services de construction \u00e0 une longue liste de nouveaux clients et de clients r\u00e9guliers depuis 1920.","breadcrumb":{"@id":"https:\/\/bird.staging.gratisites.com\/who-we-are\/#breadcrumb"},"inLanguage":"fr-CA","potentialAction":[{"@type":"ReadAction","target":["https:\/\/bird.staging.gratisites.com\/who-we-are\/"]}]},{"@type":"ImageObject","inLanguage":"fr-CA","@id":"https:\/\/bird.staging.gratisites.com\/who-we-are\/#primaryimage","url":"https:\/\/cdn.bird.ca\/2025\/04\/01141321\/who-we-are_Main_1500x600-03.jpg","contentUrl":"https:\/\/cdn.bird.ca\/2025\/04\/01141321\/who-we-are_Main_1500x600-03.jpg","width":1500,"height":600,"caption":"A large group of workers in safety gear and helmets pose outdoors in front of trees, holding \u201cbird\u201d branded signs. The sky is partly cloudy and industrial structures are visible in the background."},{"@type":"BreadcrumbList","@id":"https:\/\/bird.staging.gratisites.com\/who-we-are\/#breadcrumb","itemListElement":[{"@type":"ListItem","position":1,"name":"Home","item":"https:\/\/bird.staging.gratisites.com\/"},{"@type":"ListItem","position":2,"name":"Who We Are"}]},{"@type":"WebSite","@id":"https:\/\/bird.staging.gratisites.com\/#website","url":"https:\/\/bird.staging.gratisites.com\/","name":"Bird Construction","description":"","publisher":{"@id":"https:\/\/bird.staging.gratisites.com\/#organization"},"potentialAction":[{"@type":"SearchAction","target":{"@type":"EntryPoint","urlTemplate":"https:\/\/bird.staging.gratisites.com\/?s={search_term_string}"},"query-input":{"@type":"PropertyValueSpecification","valueRequired":true,"valueName":"search_term_string"}}],"inLanguage":"fr-CA"},{"@type":"Organization","@id":"https:\/\/bird.staging.gratisites.com\/#organization","name":"Bird Construction","url":"https:\/\/bird.staging.gratisites.com\/","logo":{"@type":"ImageObject","inLanguage":"fr-CA","@id":"https:\/\/bird.staging.gratisites.com\/#\/schema\/logo\/image\/","url":"https:\/\/cdn.bird.ca\/2025\/01\/20212041\/bird-logo-RGB-e1739411338652.png","contentUrl":"https:\/\/cdn.bird.ca\/2025\/01\/20212041\/bird-logo-RGB-e1739411338652.png","width":865,"height":366,"caption":"Bird Construction"},"image":{"@id":"https:\/\/bird.staging.gratisites.com\/#\/schema\/logo\/image\/"},"sameAs":["https:\/\/www.facebook.com\/people\/Bird-Construction-Inc\/100064108594609\/","https:\/\/www.instagram.com\/birdconstructioninc\/","https:\/\/ca.linkedin.com\/company\/bird-construction-inc"]}]}},"_links":{"self":[{"href":"https:\/\/bird.staging.gratisites.com\/fr\/wp-json\/wp\/v2\/pages\/16","targetHints":{"allow":["GET"]}}],"collection":[{"href":"https:\/\/bird.staging.gratisites.com\/fr\/wp-json\/wp\/v2\/pages"}],"about":[{"href":"https:\/\/bird.staging.gratisites.com\/fr\/wp-json\/wp\/v2\/types\/page"}],"author":[{"embeddable":true,"href":"https:\/\/bird.staging.gratisites.com\/fr\/wp-json\/wp\/v2\/users\/1"}],"replies":[{"embeddable":true,"href":"https:\/\/bird.staging.gratisites.com\/fr\/wp-json\/wp\/v2\/comments?post=16"}],"version-history":[{"count":65,"href":"https:\/\/bird.staging.gratisites.com\/fr\/wp-json\/wp\/v2\/pages\/16\/revisions"}],"predecessor-version":[{"id":13386,"href":"https:\/\/bird.staging.gratisites.com\/fr\/wp-json\/wp\/v2\/pages\/16\/revisions\/13386"}],"wp:featuredmedia":[{"embeddable":true,"href":"https:\/\/bird.staging.gratisites.com\/fr\/wp-json\/wp\/v2\/media\/7068"}],"wp:attachment":[{"href":"https:\/\/bird.staging.gratisites.com\/fr\/wp-json\/wp\/v2\/media?parent=16"}],"curies":[{"name":"wp","href":"https:\/\/api.w.org\/{rel}","templated":true}]}}